{"id":704107,"date":"2025-08-27T15:32:20","date_gmt":"2025-08-27T12:32:20","guid":{"rendered":"https:\/\/roveyayinevi.com.tr\/index.php\/urun\/erospa\/"},"modified":"2026-04-16T02:13:07","modified_gmt":"2026-04-15T23:13:07","slug":"erospa","status":"publish","type":"product","link":"https:\/\/roveyayinevi.com.tr\/index.php\/urun\/erospa\/","title":{"rendered":"Erospa"},"content":{"rendered":"<p>Amans\u0131z bir kaosun kollar\u0131nda, bilinen anlamda insanl\u0131\u011f\u0131n ve medeniyetin sonuna hi\u00e7 olmad\u0131\u011f\u0131 kadar yakla\u015fan bir D\u00fcnya\u2019dan yal\u0131n ve dinginli\u011fin h\u00e2kim oldu\u011fu, her \u015feyi var ve yok eden Programlayanlar\u2019a ev sahipli\u011fi eden uzay\u0131n derinliklerine; ge\u00e7mi\u015ften gelece\u011fe; \u015fimdiden d\u00fcne ve yar\u0131na\u2026 <\/p>\n","protected":false},"excerpt":{"rendered":"<p>Amans\u0131z bir kaosun kollar\u0131nda, bilinen anlamda insanl\u0131\u011f\u0131n ve medeniyetin sonuna hi\u00e7 olmad\u0131\u011f\u0131 kadar yakla\u015fan bir D\u00fcnya\u2019dan yal\u0131n ve dinginli\u011fin h\u00e2kim oldu\u011fu, her \u015feyi var ve yok<span class=\"excerpt-hellip\"> [\u2026]<\/span><\/p>\n","protected":false},"featured_media":0,"template":"","meta":{"_monsterinsights_skip_tracking":false,"_monsterinsights_sitenote_active":false,"_monsterinsights_sitenote_note":"","_monsterinsights_sitenote_category":0},"product_brand":[],"product_cat":[12291,12711],"product_tag":[],"class_list":{"0":"post-704107","1":"product","2":"type-product","3":"status-publish","5":"product_cat-edebiyat","6":"product_cat-roman-oyku","7":"pa_tur-kitap","8":"pa_yayinevi-akil-celen-kitaplar","9":"pa_yazar-meltem-arikan","11":"first","12":"instock","13":"sale","14":"shipping-taxable","15":"purchasable","16":"product-type-simple"},"_links":{"self":[{"href":"https:\/\/roveyayinevi.com.tr\/index.php\/wp-json\/wp\/v2\/product\/704107","targetHints":{"allow":["GET"]}}],"collection":[{"href":"https:\/\/roveyayinevi.com.tr\/index.php\/wp-json\/wp\/v2\/product"}],"about":[{"href":"https:\/\/roveyayinevi.com.tr\/index.php\/wp-json\/wp\/v2\/types\/product"}],"wp:attachment":[{"href":"https:\/\/roveyayinevi.com.tr\/index.php\/wp-json\/wp\/v2\/media?parent=704107"}],"wp:term":[{"taxonomy":"product_brand","embeddable":true,"href":"https:\/\/roveyayinevi.com.tr\/index.php\/wp-json\/wp\/v2\/product_brand?post=704107"},{"taxonomy":"product_cat","embeddable":true,"href":"https:\/\/roveyayinevi.com.tr\/index.php\/wp-json\/wp\/v2\/product_cat?post=704107"},{"taxonomy":"product_tag","embeddable":true,"href":"https:\/\/roveyayinevi.com.tr\/index.php\/wp-json\/wp\/v2\/product_tag?post=704107"}],"curies":[{"name":"wp","href":"https:\/\/api.w.org\/{rel}","templated":true}]}}