{"id":704102,"date":"2025-08-27T15:32:18","date_gmt":"2025-08-27T12:32:18","guid":{"rendered":"https:\/\/roveyayinevi.com.tr\/index.php\/urun\/vatanim-yok-memleketim-var-istanbul-rumlari-mekan-bellek-rituel\/"},"modified":"2026-04-16T02:13:07","modified_gmt":"2026-04-15T23:13:07","slug":"vatanim-yok-memleketim-var-istanbul-rumlari-mekan-bellek-rituel","status":"publish","type":"product","link":"https:\/\/roveyayinevi.com.tr\/index.php\/urun\/vatanim-yok-memleketim-var-istanbul-rumlari-mekan-bellek-rituel\/","title":{"rendered":"Vatan\u0131m Yok Memleketim Var: \u0130stanbul Rumlar\u0131 Mekan, Bellek, Rit\u00fcel"},"content":{"rendered":"<p>\u201c\u0130stanbullu olmak bir kere Yunanl\u0131lar aras\u0131nda ve Rumlar aras\u0131nda bir  ayr\u0131cal\u0131k olarak kabul edilir. \u00c7\u00fcnk\u00fc \u015eehr-i \u00c2li bu, \u00e7ok eski gelenekleri  olan bir cemaatten geliyorsunuz. Bu cemaatin ne de olsa hem yak\u0131n tarihte hem eski orta\u00e7a\u011flarda yaratm\u0131\u015f oldu\u011fu b\u00fct\u00fcn o eserlerle kendinizi bir \u015fekilde ba\u011fl\u0131 hissediyorsunuz, \u00e7\u00fcnk\u00fc o kiliselerden ge\u00e7mi\u015f oluyorsunuz, o mek\u00e2nlardan ge\u00e7mi\u015f oluyorsunuz, ya\u015fam\u0131\u015f oluyorsunuz, an\u0131lar\u0131n\u0131z var. (&#8230;) <\/p>\n","protected":false},"excerpt":{"rendered":"<p>\u201c\u0130stanbullu olmak bir kere Yunanl\u0131lar aras\u0131nda ve Rumlar aras\u0131nda bir ayr\u0131cal\u0131k olarak kabul edilir. \u00c7\u00fcnk\u00fc \u015eehr-i \u00c2li bu, \u00e7ok eski gelenekleri olan bir cemaatten geliyorsunuz. Bu<span class=\"excerpt-hellip\"> [\u2026]<\/span><\/p>\n","protected":false},"featured_media":0,"template":"","meta":{"_monsterinsights_skip_tracking":false,"_monsterinsights_sitenote_active":false,"_monsterinsights_sitenote_note":"","_monsterinsights_sitenote_category":0},"product_brand":[],"product_cat":[12312,12304],"product_tag":[],"class_list":{"0":"post-704102","1":"product","2":"type-product","3":"status-publish","5":"product_cat-diger","6":"product_cat-tarih","7":"pa_cilt-ciltsiz","8":"pa_tur-kitap","9":"pa_yayinevi-iletisim-yayinlari","10":"pa_yazar-nurdan-turker","12":"first","13":"instock","14":"sale","15":"shipping-taxable","16":"purchasable","17":"product-type-simple"},"_links":{"self":[{"href":"https:\/\/roveyayinevi.com.tr\/index.php\/wp-json\/wp\/v2\/product\/704102","targetHints":{"allow":["GET"]}}],"collection":[{"href":"https:\/\/roveyayinevi.com.tr\/index.php\/wp-json\/wp\/v2\/product"}],"about":[{"href":"https:\/\/roveyayinevi.com.tr\/index.php\/wp-json\/wp\/v2\/types\/product"}],"wp:attachment":[{"href":"https:\/\/roveyayinevi.com.tr\/index.php\/wp-json\/wp\/v2\/media?parent=704102"}],"wp:term":[{"taxonomy":"product_brand","embeddable":true,"href":"https:\/\/roveyayinevi.com.tr\/index.php\/wp-json\/wp\/v2\/product_brand?post=704102"},{"taxonomy":"product_cat","embeddable":true,"href":"https:\/\/roveyayinevi.com.tr\/index.php\/wp-json\/wp\/v2\/product_cat?post=704102"},{"taxonomy":"product_tag","embeddable":true,"href":"https:\/\/roveyayinevi.com.tr\/index.php\/wp-json\/wp\/v2\/product_tag?post=704102"}],"curies":[{"name":"wp","href":"https:\/\/api.w.org\/{rel}","templated":true}]}}