{"id":704101,"date":"2025-08-27T15:32:17","date_gmt":"2025-08-27T12:32:17","guid":{"rendered":"https:\/\/roveyayinevi.com.tr\/index.php\/urun\/gulhatmi\/"},"modified":"2026-04-16T02:13:07","modified_gmt":"2026-04-15T23:13:07","slug":"gulhatmi","status":"publish","type":"product","link":"https:\/\/roveyayinevi.com.tr\/index.php\/urun\/gulhatmi\/","title":{"rendered":"G\u00fclhatmi"},"content":{"rendered":"<p>G\u00fclhatmi, T\u00fcrk\u00e7enin ferah ba\u011flar\u0131nda huzurla soluklanmak, billur gibi nehirlerinde bilgelikle y\u0131kanmak, nazenin rayihal\u0131 \u00e7i\u00e7ekleri aras\u0131nda keyifle dola\u015fmak, emsalsiz letafetteki konaklar\u0131nda konaklamak, envai\u00e7e\u015fit helal nevalesini tatmak i\u00e7in e\u015fsiz bir f\u0131rsat. Bu roman hem dilek a\u011fac\u0131na as\u0131lm\u0131\u015f d\u00fc\u011f\u00fcn mendili hem mana derinliklerinde kendini yitirmi\u015flere uzat\u0131lm\u0131\u015f bir dervi\u015f eli hem de \u00f6l\u00fcm \u00e7ukurlar\u0131na b\u0131rak\u0131lm\u0131\u015f nice hayal varsa hepsine hayat olabilecek pir nefesidir. G\u00fclhatmi\u2019ni okuduktan sonra b\u00fct\u00fcn k\u0131rg\u0131nl\u0131klar\u0131n\u0131z\u0131 rafa kald\u0131raca\u011f\u0131n\u0131z derin bir yolculu\u011fa \u00e7\u0131kmaya haz\u0131r olun. <\/p>\n","protected":false},"excerpt":{"rendered":"<p>G\u00fclhatmi, T\u00fcrk\u00e7enin ferah ba\u011flar\u0131nda huzurla soluklanmak, billur gibi nehirlerinde bilgelikle y\u0131kanmak, nazenin rayihal\u0131 \u00e7i\u00e7ekleri aras\u0131nda keyifle dola\u015fmak, emsalsiz letafetteki konaklar\u0131nda konaklamak, envai\u00e7e\u015fit helal nevalesini tatmak i\u00e7in<span class=\"excerpt-hellip\"> [\u2026]<\/span><\/p>\n","protected":false},"featured_media":0,"template":"","meta":{"_monsterinsights_skip_tracking":false,"_monsterinsights_sitenote_active":false,"_monsterinsights_sitenote_note":"","_monsterinsights_sitenote_category":0},"product_brand":[],"product_cat":[12291,12711],"product_tag":[],"class_list":{"0":"post-704101","1":"product","2":"type-product","3":"status-publish","5":"product_cat-edebiyat","6":"product_cat-roman-oyku","7":"pa_tur-kitap","8":"pa_yayinevi-otuken-nesriyat","9":"pa_yazar-kudret-ayse-yilmaz","11":"first","12":"instock","13":"sale","14":"shipping-taxable","15":"purchasable","16":"product-type-simple"},"_links":{"self":[{"href":"https:\/\/roveyayinevi.com.tr\/index.php\/wp-json\/wp\/v2\/product\/704101","targetHints":{"allow":["GET"]}}],"collection":[{"href":"https:\/\/roveyayinevi.com.tr\/index.php\/wp-json\/wp\/v2\/product"}],"about":[{"href":"https:\/\/roveyayinevi.com.tr\/index.php\/wp-json\/wp\/v2\/types\/product"}],"wp:attachment":[{"href":"https:\/\/roveyayinevi.com.tr\/index.php\/wp-json\/wp\/v2\/media?parent=704101"}],"wp:term":[{"taxonomy":"product_brand","embeddable":true,"href":"https:\/\/roveyayinevi.com.tr\/index.php\/wp-json\/wp\/v2\/product_brand?post=704101"},{"taxonomy":"product_cat","embeddable":true,"href":"https:\/\/roveyayinevi.com.tr\/index.php\/wp-json\/wp\/v2\/product_cat?post=704101"},{"taxonomy":"product_tag","embeddable":true,"href":"https:\/\/roveyayinevi.com.tr\/index.php\/wp-json\/wp\/v2\/product_tag?post=704101"}],"curies":[{"name":"wp","href":"https:\/\/api.w.org\/{rel}","templated":true}]}}