{"id":704099,"date":"2025-08-27T15:32:16","date_gmt":"2025-08-27T12:32:16","guid":{"rendered":"https:\/\/roveyayinevi.com.tr\/index.php\/urun\/nasipse-adayiz\/"},"modified":"2026-02-03T02:21:53","modified_gmt":"2026-02-02T23:21:53","slug":"nasipse-adayiz","status":"publish","type":"product","link":"https:\/\/roveyayinevi.com.tr\/index.php\/urun\/nasipse-adayiz\/","title":{"rendered":"Nasipse Aday\u0131z"},"content":{"rendered":"<p>Bu ak\u015fam da bilmem ne d\u00fc\u011f\u00fcn salonunday\u0131m. Yemekli davet var. Her zamanki gibi \u00e7elengimizi \u00f6nceden g\u00f6nderdik, uygun saatte de yerimizi ald\u0131k\u2026 \u0130\u00e7erisi \u00e7ok kalabal\u0131k. \u0130stanbul&#8217;da en \u00e7ok say\u0131da kendilerinin oldu\u011funu iddia eden bilmem nerelilerin dayan\u0131\u015fma gecesi yap\u0131l\u0131yor. Uzun masalara kar\u015f\u0131l\u0131kl\u0131 oturmu\u015f, yemek yiyen, konu\u015fan, \u00f6p\u00fc\u015fen orta ya\u015f ve \u00fczerinde erkekler doldurmu\u015f ortal\u0131\u011f\u0131. Kal\u0131n b\u0131y\u0131kl\u0131, koca kafal\u0131 bir yerel sanat\u00e7\u0131 saz\u0131yla bir \u015feyler \u00e7alm\u0131\u015f, sonra da ara vermi\u015f, dinleniyor\u2026 Sahnedeki tak\u0131m elbiseli, beyaz g\u00f6mlekli, enine \u00e7izgili bordo kravatl\u0131, kel kafal\u0131, ortadan uzunca boylu, heyecanl\u0131 adam kim? Benim tabii ki. Pazarl\u0131klar, imaj operasyonlar\u0131, anket d\u00fcmenleri\u2026 Ba\u011flamalar, ayarlamalar, gecelere kat\u0131lmalar,  yukar\u0131ya  ula\u015fmaya \u00e7al\u0131\u015fmalar\u2026 Oy ve ili\u015fki pe\u015finde delidolu bir u\u011fra\u015f\u2026 \u0130nsana akl\u0131n\u0131 yediren bir tak\u0131nt\u0131\u2026 Arada, hayat ve anlam muhasebesi ve k\u0131r\u0131k bir a\u015fk\u0131n tamirine dair solgun bir \u00fcmit\u2026 K\u00fc\u00e7\u00fck ve b\u00fcy\u00fck siyasetin deveranlar\u0131n\u0131, ikbal hesaplar\u0131n\u0131 b\u00fct\u00fcn hararetiyle anlatan trajikomik bir novella. Ercan Kesal&#8217;\u0131n bilinen sahicili\u011fiyle, s\u0131cak \u00fcslubuyla\u2026 <\/p>\n","protected":false},"excerpt":{"rendered":"<p>Bu ak\u015fam da bilmem ne d\u00fc\u011f\u00fcn salonunday\u0131m. Yemekli davet var. Her zamanki gibi \u00e7elengimizi \u00f6nceden g\u00f6nderdik, uygun saatte de yerimizi ald\u0131k\u2026 \u0130\u00e7erisi \u00e7ok kalabal\u0131k. \u0130stanbul&#8217;da en<span class=\"excerpt-hellip\"> [\u2026]<\/span><\/p>\n","protected":false},"featured_media":0,"template":"","meta":{"_monsterinsights_skip_tracking":false,"_monsterinsights_sitenote_active":false,"_monsterinsights_sitenote_note":"","_monsterinsights_sitenote_category":0},"product_brand":[],"product_cat":[12291,12711],"product_tag":[],"class_list":{"0":"post-704099","1":"product","2":"type-product","3":"status-publish","5":"product_cat-edebiyat","6":"product_cat-roman-oyku","7":"pa_cilt-ciltsiz","8":"pa_tur-kitap","9":"pa_yayinevi-iletisim-yayinlari","10":"pa_yazar-ercan-kesal","12":"first","13":"instock","14":"sale","15":"shipping-taxable","16":"purchasable","17":"product-type-simple"},"_links":{"self":[{"href":"https:\/\/roveyayinevi.com.tr\/index.php\/wp-json\/wp\/v2\/product\/704099","targetHints":{"allow":["GET"]}}],"collection":[{"href":"https:\/\/roveyayinevi.com.tr\/index.php\/wp-json\/wp\/v2\/product"}],"about":[{"href":"https:\/\/roveyayinevi.com.tr\/index.php\/wp-json\/wp\/v2\/types\/product"}],"wp:attachment":[{"href":"https:\/\/roveyayinevi.com.tr\/index.php\/wp-json\/wp\/v2\/media?parent=704099"}],"wp:term":[{"taxonomy":"product_brand","embeddable":true,"href":"https:\/\/roveyayinevi.com.tr\/index.php\/wp-json\/wp\/v2\/product_brand?post=704099"},{"taxonomy":"product_cat","embeddable":true,"href":"https:\/\/roveyayinevi.com.tr\/index.php\/wp-json\/wp\/v2\/product_cat?post=704099"},{"taxonomy":"product_tag","embeddable":true,"href":"https:\/\/roveyayinevi.com.tr\/index.php\/wp-json\/wp\/v2\/product_tag?post=704099"}],"curies":[{"name":"wp","href":"https:\/\/api.w.org\/{rel}","templated":true}]}}