{"id":704095,"date":"2025-08-27T15:32:14","date_gmt":"2025-08-27T12:32:14","guid":{"rendered":"https:\/\/roveyayinevi.com.tr\/index.php\/urun\/yuzyillarin-gercegi-ve-mirasi-2-cilt-ortacag-feodal-dunya\/"},"modified":"2026-04-16T02:13:07","modified_gmt":"2026-04-15T23:13:07","slug":"yuzyillarin-gercegi-ve-mirasi-2-cilt-ortacag-feodal-dunya","status":"publish","type":"product","link":"https:\/\/roveyayinevi.com.tr\/index.php\/urun\/yuzyillarin-gercegi-ve-mirasi-2-cilt-ortacag-feodal-dunya\/","title":{"rendered":"Y\u00fczy\u0131llar\u0131n Ger\u00e7e\u011fi ve Miras\u0131 2. Cilt &#8211; Orta\u00e7a\u011f: Feodal D\u00fcnya"},"content":{"rendered":"<p>Bizde orta\u00e7a\u011f denince, akl\u0131m\u0131za ilk gelen budur: Orta\u00e7a\u011f ile karanl\u0131k bir bak\u0131ma e\u015fanlaml\u0131d\u0131r dilimizde. Bununla Bat\u0131 Orta\u00e7a\u011f\u0131&#8217;n\u0131 kastediyorsak, ancak bir \u00f6l\u00e7\u00fcde do\u011frudur b\u00f6ylesi bir de\u011ferlendirme. Bat\u0131, bir ara bir alacakaranl\u0131\u011f\u0131n i\u00e7ine girer ger\u00e7i; ancak 1000 y\u0131l\u0131 dolaylar\u0131ndan ba\u015flayarak -t\u00fcrl\u00fc bunal\u0131mlarla i\u00e7 i\u00e7e de olsa? ilerleyen, yaratan bir orta\u00e7a\u011fd\u0131r o. Hele karanl\u0131k, Do\u011fu&#8217;daki orta\u00e7a\u011f i\u00e7in asla s\u00f6z konusu olmamak gerekir: Orta\u00e7a\u011fda Asya uygarl\u0131klar\u0131, \u00f6zellikle Hindistan ve \u00c7in r\u00f6nesanslar\u0131n\u0131 ya\u015farlar; Yak\u0131ndo\u011fu&#8217;da ise, her \u015fey bir yana, 8. y\u00fczy\u0131ldan ba\u015flayarak insanl\u0131k tarihinin en g\u00f6rkemli olaylar\u0131ndan biri sahneye gelir: \u0130slam uygarl\u0131\u011f\u0131 do\u011far. Do\u011fu&#8217;nun \u00e7aptan d\u00fc\u015f\u00fc\u015f\u00fc asl\u0131nda orta\u00e7a\u011fdan sonrad\u0131r.  Bu geni\u015f co\u011frafyada ya\u015fayan toplumlar\u0131n belki hepsine birden egemen olan da &#8220;feodalizm&#8221; dedi\u011fimiz belli bir iktisadi ve sosyal yap\u0131d\u0131r. Ne var ki o bile Bat\u0131&#8217;da ve Do\u011fu&#8217;da farkl\u0131l\u0131klar i\u00e7erir uygulamada. Bu kitapta, yepyeni bir orta\u00e7a\u011f bulacaks\u0131n\u0131z. Bat\u0131&#8217;da, bir noktadan sonra, burjuvazinin ve laik d\u00fc\u015f\u00fcncenin palazlanmaya ba\u015flad\u0131\u011f\u0131, Do\u011fu&#8217;da ise akl\u0131n ve bilimin saltanat\u0131n\u0131 s\u00fcrd\u00fc\u011f\u00fc bir \u00e7a\u011fd\u0131r bu; pek b\u00fcy\u00fck sosyal, siyasal, k\u00fclt\u00fcrel ve sanatsal de\u011fi\u015fimlerin a\u011f\u0131r a\u011f\u0131r birikti\u011fi, \u00f6zellikle Bat\u0131&#8217;da k\u00f6kl\u00fc d\u00f6n\u00fc\u015f\u00fcmlerin tohumlar\u0131n\u0131n at\u0131ld\u0131\u011f\u0131 bir \u00e7a\u011f. \ufffc<\/p>\n","protected":false},"excerpt":{"rendered":"<p>Bizde orta\u00e7a\u011f denince, akl\u0131m\u0131za ilk gelen budur: Orta\u00e7a\u011f ile karanl\u0131k bir bak\u0131ma e\u015fanlaml\u0131d\u0131r dilimizde. Bununla Bat\u0131 Orta\u00e7a\u011f\u0131&#8217;n\u0131 kastediyorsak, ancak bir \u00f6l\u00e7\u00fcde do\u011frudur b\u00f6ylesi bir de\u011ferlendirme. Bat\u0131,<span class=\"excerpt-hellip\"> [\u2026]<\/span><\/p>\n","protected":false},"featured_media":0,"template":"","meta":{"_monsterinsights_skip_tracking":false,"_monsterinsights_sitenote_active":false,"_monsterinsights_sitenote_note":"","_monsterinsights_sitenote_category":0},"product_brand":[],"product_cat":[12312,12304],"product_tag":[],"class_list":{"0":"post-704095","1":"product","2":"type-product","3":"status-publish","5":"product_cat-diger","6":"product_cat-tarih","7":"pa_cilt-ciltsiz","8":"pa_tur-kitap","9":"pa_yayinevi-is-bankasi-kultur-yayinlari","10":"pa_yazar-server-tanilli","12":"first","13":"instock","14":"sale","15":"shipping-taxable","16":"purchasable","17":"product-type-simple"},"_links":{"self":[{"href":"https:\/\/roveyayinevi.com.tr\/index.php\/wp-json\/wp\/v2\/product\/704095","targetHints":{"allow":["GET"]}}],"collection":[{"href":"https:\/\/roveyayinevi.com.tr\/index.php\/wp-json\/wp\/v2\/product"}],"about":[{"href":"https:\/\/roveyayinevi.com.tr\/index.php\/wp-json\/wp\/v2\/types\/product"}],"wp:attachment":[{"href":"https:\/\/roveyayinevi.com.tr\/index.php\/wp-json\/wp\/v2\/media?parent=704095"}],"wp:term":[{"taxonomy":"product_brand","embeddable":true,"href":"https:\/\/roveyayinevi.com.tr\/index.php\/wp-json\/wp\/v2\/product_brand?post=704095"},{"taxonomy":"product_cat","embeddable":true,"href":"https:\/\/roveyayinevi.com.tr\/index.php\/wp-json\/wp\/v2\/product_cat?post=704095"},{"taxonomy":"product_tag","embeddable":true,"href":"https:\/\/roveyayinevi.com.tr\/index.php\/wp-json\/wp\/v2\/product_tag?post=704095"}],"curies":[{"name":"wp","href":"https:\/\/api.w.org\/{rel}","templated":true}]}}