{"id":704079,"date":"2025-08-27T15:32:05","date_gmt":"2025-08-27T12:32:05","guid":{"rendered":"https:\/\/roveyayinevi.com.tr\/index.php\/urun\/bizim-matrak-sinif-serisi-5-bizim-sinif-kopya-cekmez\/"},"modified":"2026-04-16T02:13:07","modified_gmt":"2026-04-15T23:13:07","slug":"bizim-matrak-sinif-serisi-5-bizim-sinif-kopya-cekmez","status":"publish","type":"product","link":"https:\/\/roveyayinevi.com.tr\/index.php\/urun\/bizim-matrak-sinif-serisi-5-bizim-sinif-kopya-cekmez\/","title":{"rendered":"Bizim Matrak S\u0131n\u0131f Serisi-5 \/ Bizim S\u0131n\u0131f Kopya \u00c7ekmez"},"content":{"rendered":"<p>S\u0131n\u0131f arkada\u015flar\u0131m\u0131 \u00e7ok seviyorum. Biraz garipler ama her s\u0131n\u0131fta b\u00f6yleleri vard\u0131r. Vard\u0131r de\u011fil mi?En iyisi sana onlardan bahsedeyim de karar\u0131 sen ver. Mesela Furkan Efe&#8230; Buldu\u011fu i\u015fe yaramaz icatlar ve yazd\u0131\u011f\u0131 \u015fiirler seni g\u00fclmekten a\u011flatabilir. Asl\u0131 desem \u00fcretti\u011fi ak\u0131l almaz komplo teorileri, yazd\u0131\u011f\u0131 \u015fiir ve tiyatro oyunlar\u0131yla tam bir olay. \u015eevval\u2019inse bir kendini unutmad\u0131\u011f\u0131 kald\u0131 s\u0131n\u0131fta. Onu da yapm\u0131\u015f m\u0131yd\u0131 acaba?Bizim s\u0131n\u0131f\u0131n maceralar\u0131 g\u00fclmekten \u00f6ld\u00fcr\u00fcr adam\u0131!Bu arada benim ad\u0131m \u00c7a\u011fla. Sen de kat\u0131lsana bizim matrak maceralar\u0131m\u0131za!<\/p>\n","protected":false},"excerpt":{"rendered":"<p>S\u0131n\u0131f arkada\u015flar\u0131m\u0131 \u00e7ok seviyorum. Biraz garipler ama her s\u0131n\u0131fta b\u00f6yleleri vard\u0131r. Vard\u0131r de\u011fil mi?En iyisi sana onlardan bahsedeyim de karar\u0131 sen ver. Mesela Furkan Efe&#8230; Buldu\u011fu<span class=\"excerpt-hellip\"> [\u2026]<\/span><\/p>\n","protected":false},"featured_media":0,"template":"","meta":{"_monsterinsights_skip_tracking":false,"_monsterinsights_sitenote_active":false,"_monsterinsights_sitenote_note":"","_monsterinsights_sitenote_category":0},"product_brand":[],"product_cat":[12274,12631],"product_tag":[],"class_list":{"0":"post-704079","1":"product","2":"type-product","3":"status-publish","5":"product_cat-cocuk-ve-genclik-kitaplari","6":"product_cat-diger-cocuk-ve-genclik-kitaplari","7":"pa_cilt-ciltsiz","8":"pa_tur-kitap","9":"pa_yayinevi-nesil-cocuk-yayinlari","10":"pa_yazar-yusuf-asal","12":"first","13":"instock","14":"sale","15":"shipping-taxable","16":"purchasable","17":"product-type-simple"},"_links":{"self":[{"href":"https:\/\/roveyayinevi.com.tr\/index.php\/wp-json\/wp\/v2\/product\/704079","targetHints":{"allow":["GET"]}}],"collection":[{"href":"https:\/\/roveyayinevi.com.tr\/index.php\/wp-json\/wp\/v2\/product"}],"about":[{"href":"https:\/\/roveyayinevi.com.tr\/index.php\/wp-json\/wp\/v2\/types\/product"}],"wp:attachment":[{"href":"https:\/\/roveyayinevi.com.tr\/index.php\/wp-json\/wp\/v2\/media?parent=704079"}],"wp:term":[{"taxonomy":"product_brand","embeddable":true,"href":"https:\/\/roveyayinevi.com.tr\/index.php\/wp-json\/wp\/v2\/product_brand?post=704079"},{"taxonomy":"product_cat","embeddable":true,"href":"https:\/\/roveyayinevi.com.tr\/index.php\/wp-json\/wp\/v2\/product_cat?post=704079"},{"taxonomy":"product_tag","embeddable":true,"href":"https:\/\/roveyayinevi.com.tr\/index.php\/wp-json\/wp\/v2\/product_tag?post=704079"}],"curies":[{"name":"wp","href":"https:\/\/api.w.org\/{rel}","templated":true}]}}