{"id":704078,"date":"2025-08-27T15:32:05","date_gmt":"2025-08-27T12:32:05","guid":{"rendered":"https:\/\/roveyayinevi.com.tr\/index.php\/urun\/bizim-matrak-sinif-serisi-2-dinazorlarin-selami-var\/"},"modified":"2026-04-16T02:13:07","modified_gmt":"2026-04-15T23:13:07","slug":"bizim-matrak-sinif-serisi-2-dinazorlarin-selami-var","status":"publish","type":"product","link":"https:\/\/roveyayinevi.com.tr\/index.php\/urun\/bizim-matrak-sinif-serisi-2-dinazorlarin-selami-var\/","title":{"rendered":"Bizim Matrak S\u0131n\u0131f Serisi-2 \/ Dinazorlar\u0131n Selam\u0131 Var"},"content":{"rendered":"<p>S\u0131n\u0131f arkada\u015flar\u0131m\u0131 \u00e7ok seviyorum. Biraz garipler ama her s\u0131n\u0131fta b\u00f6yleleri vard\u0131r. Vard\u0131r de\u011fil mi? \ufffcTan\u0131t\u0131m Metni<\/p>\n","protected":false},"excerpt":{"rendered":"<p>S\u0131n\u0131f arkada\u015flar\u0131m\u0131 \u00e7ok seviyorum. Biraz garipler ama her s\u0131n\u0131fta b\u00f6yleleri vard\u0131r. Vard\u0131r de\u011fil mi? \ufffcTan\u0131t\u0131m Metni<\/p>\n","protected":false},"featured_media":0,"template":"","meta":{"_monsterinsights_skip_tracking":false,"_monsterinsights_sitenote_active":false,"_monsterinsights_sitenote_note":"","_monsterinsights_sitenote_category":0},"product_brand":[],"product_cat":[12274,12631],"product_tag":[],"class_list":{"0":"post-704078","1":"product","2":"type-product","3":"status-publish","5":"product_cat-cocuk-ve-genclik-kitaplari","6":"product_cat-diger-cocuk-ve-genclik-kitaplari","7":"pa_tur-kitap","8":"pa_yayinevi-nesil-cocuk-yayinlari","9":"pa_yazar-yusuf-asal","11":"first","12":"instock","13":"sale","14":"shipping-taxable","15":"purchasable","16":"product-type-simple"},"_links":{"self":[{"href":"https:\/\/roveyayinevi.com.tr\/index.php\/wp-json\/wp\/v2\/product\/704078","targetHints":{"allow":["GET"]}}],"collection":[{"href":"https:\/\/roveyayinevi.com.tr\/index.php\/wp-json\/wp\/v2\/product"}],"about":[{"href":"https:\/\/roveyayinevi.com.tr\/index.php\/wp-json\/wp\/v2\/types\/product"}],"wp:attachment":[{"href":"https:\/\/roveyayinevi.com.tr\/index.php\/wp-json\/wp\/v2\/media?parent=704078"}],"wp:term":[{"taxonomy":"product_brand","embeddable":true,"href":"https:\/\/roveyayinevi.com.tr\/index.php\/wp-json\/wp\/v2\/product_brand?post=704078"},{"taxonomy":"product_cat","embeddable":true,"href":"https:\/\/roveyayinevi.com.tr\/index.php\/wp-json\/wp\/v2\/product_cat?post=704078"},{"taxonomy":"product_tag","embeddable":true,"href":"https:\/\/roveyayinevi.com.tr\/index.php\/wp-json\/wp\/v2\/product_tag?post=704078"}],"curies":[{"name":"wp","href":"https:\/\/api.w.org\/{rel}","templated":true}]}}