{"id":704076,"date":"2025-08-27T15:32:04","date_gmt":"2025-08-27T12:32:04","guid":{"rendered":"https:\/\/roveyayinevi.com.tr\/index.php\/urun\/ayaga-kalk-chp\/"},"modified":"2026-04-16T02:13:07","modified_gmt":"2026-04-15T23:13:07","slug":"ayaga-kalk-chp","status":"publish","type":"product","link":"https:\/\/roveyayinevi.com.tr\/index.php\/urun\/ayaga-kalk-chp\/","title":{"rendered":"Aya\u011fa Kalk Chp"},"content":{"rendered":"<p>Mustafa Kemal Atat\u00fcrk&#8217;\u00fcn,   Benim iki b\u00fcy\u00fck eserim vard\u0131r. Bunlardan birincisi Cumhuriyet, ikincisi de Cumhuriyet Halk Partisi&#8217;dir   diye tan\u0131mlad\u0131\u011f\u0131 iki ulu \u00e7\u0131nar da 92. ya\u015f\u0131n\u0131 geride b\u0131rakt\u0131 b\u0131rakacak. Her ikisi de 92 y\u0131l i\u00e7erisinde b\u00fcy\u00fck badireler atlatt\u0131. Her ikisini de kurucusunun ama\u00e7lar\u0131 d\u0131\u015f\u0131na \u00e7\u0131kartmak i\u00e7in niyetler beslendi, giri\u015fimler hatta kalk\u0131\u015fmalar oldu ama   emanetin silahs\u0131z bek\u00e7ileri   bu giri\u015fimlere f\u0131rsat tan\u0131mad\u0131. Bug\u00fcn\u00fc do\u011fru de\u011ferlendirmek i\u00e7in kurulu\u015f ama\u00e7 ve felsefemizle, tarihi geli\u015fmelere bakmal\u0131y\u0131z. Elbette ilk kaynak Mustafa Kemal&#8217;dir\u2026 <\/p>\n","protected":false},"excerpt":{"rendered":"<p>Mustafa Kemal Atat\u00fcrk&#8217;\u00fcn, Benim iki b\u00fcy\u00fck eserim vard\u0131r. Bunlardan birincisi Cumhuriyet, ikincisi de Cumhuriyet Halk Partisi&#8217;dir diye tan\u0131mlad\u0131\u011f\u0131 iki ulu \u00e7\u0131nar da 92. ya\u015f\u0131n\u0131 geride b\u0131rakt\u0131<span class=\"excerpt-hellip\"> [\u2026]<\/span><\/p>\n","protected":false},"featured_media":0,"template":"","meta":{"_monsterinsights_skip_tracking":false,"_monsterinsights_sitenote_active":false,"_monsterinsights_sitenote_note":"","_monsterinsights_sitenote_category":0},"product_brand":[],"product_cat":[12337,16547],"product_tag":[],"class_list":{"0":"post-704076","1":"product","2":"type-product","3":"status-publish","5":"product_cat-politika-siyaset","6":"product_cat-sol-hareketler","7":"pa_tur-kitap","8":"pa_yayinevi-kaynak-yayinlari","9":"pa_yazar-orhan-birgit","11":"first","12":"instock","13":"sale","14":"shipping-taxable","15":"purchasable","16":"product-type-simple"},"_links":{"self":[{"href":"https:\/\/roveyayinevi.com.tr\/index.php\/wp-json\/wp\/v2\/product\/704076","targetHints":{"allow":["GET"]}}],"collection":[{"href":"https:\/\/roveyayinevi.com.tr\/index.php\/wp-json\/wp\/v2\/product"}],"about":[{"href":"https:\/\/roveyayinevi.com.tr\/index.php\/wp-json\/wp\/v2\/types\/product"}],"wp:attachment":[{"href":"https:\/\/roveyayinevi.com.tr\/index.php\/wp-json\/wp\/v2\/media?parent=704076"}],"wp:term":[{"taxonomy":"product_brand","embeddable":true,"href":"https:\/\/roveyayinevi.com.tr\/index.php\/wp-json\/wp\/v2\/product_brand?post=704076"},{"taxonomy":"product_cat","embeddable":true,"href":"https:\/\/roveyayinevi.com.tr\/index.php\/wp-json\/wp\/v2\/product_cat?post=704076"},{"taxonomy":"product_tag","embeddable":true,"href":"https:\/\/roveyayinevi.com.tr\/index.php\/wp-json\/wp\/v2\/product_tag?post=704076"}],"curies":[{"name":"wp","href":"https:\/\/api.w.org\/{rel}","templated":true}]}}