{"id":704075,"date":"2025-08-27T15:32:03","date_gmt":"2025-08-27T12:32:03","guid":{"rendered":"https:\/\/roveyayinevi.com.tr\/index.php\/urun\/bagriyanik-omer\/"},"modified":"2026-04-16T02:13:07","modified_gmt":"2026-04-15T23:13:07","slug":"bagriyanik-omer","status":"publish","type":"product","link":"https:\/\/roveyayinevi.com.tr\/index.php\/urun\/bagriyanik-omer\/","title":{"rendered":"Ba\u011fr\u0131yan\u0131k \u00d6mer"},"content":{"rendered":"<p>Roman\u0131n ba\u015flang\u0131\u00e7 k\u0131sm\u0131, ya\u015fl\u0131 rehber e\u015fli\u011finde Anadolu\u2019nun \u00fccra bir kasabas\u0131na giden \u015fehirli yolcunun a\u011fz\u0131ndan anlat\u0131l\u0131r ve \u00d6mer\u2019in halk nazar\u0131nda destanla\u015fan hayat\u0131 hissettirilir.Ba\u011fr\u0131yan\u0131k \u00d6mer roman\u0131, kahraman\u0131 \u00e7ocuk olan ilk eser kabul edilir. Romanda, \u00d6mer\u2019in \u00e7iftlikte ge\u00e7en hayat\u0131 konu edilmektedir. Kendisini \u00e7ok seven anne ve babas\u0131 ge\u00e7inemedikleri i\u00e7in bo\u015fan\u0131r ve ba\u015fkalar\u0131yla evlenir. \u00d6mer \u00fcvey babas\u0131n\u0131n ve \u00fcvey annesinin ho\u015f olmayan davran\u0131\u015flar\u0131yla kar\u015f\u0131la\u015f\u0131r. B\u00fct\u00fcn bunlara \u00d6mer\u2019in \u00e7ocuk ruhu dayanabilecek midir? \u015eehirli yolcuya rehberlik eden ya\u015fl\u0131 k\u00f6yl\u00fcn\u00fcn \u00d6mer\u2019e bu kadar sayg\u0131 duymas\u0131n\u0131n sebebi nedir? Mahmut Yesari y\u00fcrek yakan bu roman\u0131nda okuyucuyu olduk\u00e7a duyguland\u0131rmaktad\u0131r.<\/p>\n","protected":false},"excerpt":{"rendered":"<p>Roman\u0131n ba\u015flang\u0131\u00e7 k\u0131sm\u0131, ya\u015fl\u0131 rehber e\u015fli\u011finde Anadolu\u2019nun \u00fccra bir kasabas\u0131na giden \u015fehirli yolcunun a\u011fz\u0131ndan anlat\u0131l\u0131r ve \u00d6mer\u2019in halk nazar\u0131nda destanla\u015fan hayat\u0131 hissettirilir.Ba\u011fr\u0131yan\u0131k \u00d6mer roman\u0131, kahraman\u0131 \u00e7ocuk<span class=\"excerpt-hellip\"> [\u2026]<\/span><\/p>\n","protected":false},"featured_media":0,"template":"","meta":{"_monsterinsights_skip_tracking":false,"_monsterinsights_sitenote_active":false,"_monsterinsights_sitenote_note":"","_monsterinsights_sitenote_category":0},"product_brand":[],"product_cat":[12274,12284],"product_tag":[],"class_list":{"0":"post-704075","1":"product","2":"type-product","3":"status-publish","5":"product_cat-cocuk-ve-genclik-kitaplari","6":"product_cat-hikayeler","7":"pa_cilt-ciltsiz","8":"pa_tur-kitap","9":"pa_yayinevi-bilge-kultur-sanat","10":"pa_yazar-mahmut-yesari","12":"first","13":"instock","14":"sale","15":"shipping-taxable","16":"purchasable","17":"product-type-simple"},"_links":{"self":[{"href":"https:\/\/roveyayinevi.com.tr\/index.php\/wp-json\/wp\/v2\/product\/704075","targetHints":{"allow":["GET"]}}],"collection":[{"href":"https:\/\/roveyayinevi.com.tr\/index.php\/wp-json\/wp\/v2\/product"}],"about":[{"href":"https:\/\/roveyayinevi.com.tr\/index.php\/wp-json\/wp\/v2\/types\/product"}],"wp:attachment":[{"href":"https:\/\/roveyayinevi.com.tr\/index.php\/wp-json\/wp\/v2\/media?parent=704075"}],"wp:term":[{"taxonomy":"product_brand","embeddable":true,"href":"https:\/\/roveyayinevi.com.tr\/index.php\/wp-json\/wp\/v2\/product_brand?post=704075"},{"taxonomy":"product_cat","embeddable":true,"href":"https:\/\/roveyayinevi.com.tr\/index.php\/wp-json\/wp\/v2\/product_cat?post=704075"},{"taxonomy":"product_tag","embeddable":true,"href":"https:\/\/roveyayinevi.com.tr\/index.php\/wp-json\/wp\/v2\/product_tag?post=704075"}],"curies":[{"name":"wp","href":"https:\/\/api.w.org\/{rel}","templated":true}]}}