{"id":704074,"date":"2025-08-27T15:32:03","date_gmt":"2025-08-27T12:32:03","guid":{"rendered":"https:\/\/roveyayinevi.com.tr\/index.php\/urun\/imparatorluktan-cumhuriyete-3-1920-teskilatlanma\/"},"modified":"2026-04-16T02:13:07","modified_gmt":"2026-04-15T23:13:07","slug":"imparatorluktan-cumhuriyete-3-1920-teskilatlanma","status":"publish","type":"product","link":"https:\/\/roveyayinevi.com.tr\/index.php\/urun\/imparatorluktan-cumhuriyete-3-1920-teskilatlanma\/","title":{"rendered":"\u0130mparatorluk\u2019tan Cumhuriyet\u2019e 3 &#8211; 1920 Te\u015fkilatlanma"},"content":{"rendered":"<p>Elinizdeki eser, Mondros&#8217;tan \u0130stanbul&#8217;a ile ba\u015flay\u0131p Samsun&#8217;dan Erzurum&#8217;a ile devam eden  \u0130mparatorluk&#8217;tan Cumhuriyet&#8217;e   serisinin \u00fc\u00e7\u00fcnc\u00fc kitab\u0131. <\/p>\n","protected":false},"excerpt":{"rendered":"<p>Elinizdeki eser, Mondros&#8217;tan \u0130stanbul&#8217;a ile ba\u015flay\u0131p Samsun&#8217;dan Erzurum&#8217;a ile devam eden \u0130mparatorluk&#8217;tan Cumhuriyet&#8217;e serisinin \u00fc\u00e7\u00fcnc\u00fc kitab\u0131.<\/p>\n","protected":false},"featured_media":0,"template":"","meta":{"_monsterinsights_skip_tracking":false,"_monsterinsights_sitenote_active":false,"_monsterinsights_sitenote_note":"","_monsterinsights_sitenote_category":0},"product_brand":[],"product_cat":[12370,12304],"product_tag":[],"class_list":{"0":"post-704074","1":"product","2":"type-product","3":"status-publish","5":"product_cat-arastirma-inceleme","6":"product_cat-tarih","7":"pa_tur-kitap","8":"pa_yayinevi-kaynak-yayinlari","9":"pa_yazar-orhan-cekic","11":"first","12":"instock","13":"sale","14":"shipping-taxable","15":"purchasable","16":"product-type-simple"},"_links":{"self":[{"href":"https:\/\/roveyayinevi.com.tr\/index.php\/wp-json\/wp\/v2\/product\/704074","targetHints":{"allow":["GET"]}}],"collection":[{"href":"https:\/\/roveyayinevi.com.tr\/index.php\/wp-json\/wp\/v2\/product"}],"about":[{"href":"https:\/\/roveyayinevi.com.tr\/index.php\/wp-json\/wp\/v2\/types\/product"}],"wp:attachment":[{"href":"https:\/\/roveyayinevi.com.tr\/index.php\/wp-json\/wp\/v2\/media?parent=704074"}],"wp:term":[{"taxonomy":"product_brand","embeddable":true,"href":"https:\/\/roveyayinevi.com.tr\/index.php\/wp-json\/wp\/v2\/product_brand?post=704074"},{"taxonomy":"product_cat","embeddable":true,"href":"https:\/\/roveyayinevi.com.tr\/index.php\/wp-json\/wp\/v2\/product_cat?post=704074"},{"taxonomy":"product_tag","embeddable":true,"href":"https:\/\/roveyayinevi.com.tr\/index.php\/wp-json\/wp\/v2\/product_tag?post=704074"}],"curies":[{"name":"wp","href":"https:\/\/api.w.org\/{rel}","templated":true}]}}