{"id":704072,"date":"2025-08-27T15:32:02","date_gmt":"2025-08-27T12:32:02","guid":{"rendered":"https:\/\/roveyayinevi.com.tr\/index.php\/urun\/tibetin-genclik-pinari-2-kitap\/"},"modified":"2026-04-16T02:13:07","modified_gmt":"2026-04-15T23:13:07","slug":"tibetin-genclik-pinari-2-kitap","status":"publish","type":"product","link":"https:\/\/roveyayinevi.com.tr\/index.php\/urun\/tibetin-genclik-pinari-2-kitap\/","title":{"rendered":"Tibet\u2019in Gen\u00e7lik P\u0131nar\u0131 2. Kitap"},"content":{"rendered":"<p>ZAMANI TERS\u0130NE D\u00d6ND\u00dcRMEYE HAZIR MISINIZ? T\u0130bet\u2019\u0130n Gen\u00e7l\u0130k P\u0131nar\u0131 kald\u0131\u011f\u0131 yerden, daha kapsaml\u0131 b\u0130lg\u0130lerle devam ed\u0130yor. \u201cG\u00f6sterdi\u011fim fiziksel, zihinsel ve duygusal de\u011fi\u015fimler inan\u0131lmaz. Kendimi \u00e7ok daha iyi hissediyorum; daha atak, daha keyifliyim. Zihnim daha h\u0131zl\u0131 ve daha berrak. Duru\u015fum ciddi \u00f6l\u00e7\u00fcde d\u00fczeldi. Bu kitab\u0131 her ya\u015ftan insana ciddi \u015fekilde tavsiye ederim.\u201d -Steven Hunt, Troy, MI \u201cBa\u015flang\u0131\u00e7ta \u015f\u00fcphelerim olsa da \u00f6nceden sahip oldu\u011fum hantal bedenimin \u00fc\u00e7 ay i\u00e7inde kaslanmaya ba\u015flad\u0131\u011f\u0131n\u0131 g\u00f6rd\u00fcm. Yedi kilo verdim ve kilomu korudum. A\u015f\u0131r\u0131 zay\u0131f olan e\u015fim de hareketler sayesinde d\u00f6rt kilo ald\u0131 ve \u015fimdi kendini harika hissediyor.\u201d -Dr. B. S. Mell, Jackson, LA \u201cBu s\u0131ralar okudu\u011fum en iyi kitaplardan. D\u00fcnyadaki b\u00fct\u00fcn iyi insanlar\u0131n bu kitab\u0131n varl\u0131\u011f\u0131ndan haberdar olmalar\u0131n\u0131 diliyorum.\u201d -Nina Stewart, Gloucester, MA <\/p>\n","protected":false},"excerpt":{"rendered":"<p>ZAMANI TERS\u0130NE D\u00d6ND\u00dcRMEYE HAZIR MISINIZ? T\u0130bet\u2019\u0130n Gen\u00e7l\u0130k P\u0131nar\u0131 kald\u0131\u011f\u0131 yerden, daha kapsaml\u0131 b\u0130lg\u0130lerle devam ed\u0130yor. \u201cG\u00f6sterdi\u011fim fiziksel, zihinsel ve duygusal de\u011fi\u015fimler inan\u0131lmaz. Kendimi \u00e7ok daha iyi<span class=\"excerpt-hellip\"> [\u2026]<\/span><\/p>\n","protected":false},"featured_media":0,"template":"","meta":{"_monsterinsights_skip_tracking":false,"_monsterinsights_sitenote_active":false,"_monsterinsights_sitenote_note":"","_monsterinsights_sitenote_category":0},"product_brand":[],"product_cat":[12364,12376],"product_tag":[],"class_list":{"0":"post-704072","1":"product","2":"type-product","3":"status-publish","5":"product_cat-genel-konular","6":"product_cat-kisisel-gelisim","7":"pa_cilt-ciltsiz","8":"pa_tur-kitap","9":"pa_yayinevi-nemesis-kitap","10":"pa_yazar-peter-kelder","12":"first","13":"instock","14":"sale","15":"shipping-taxable","16":"purchasable","17":"product-type-simple"},"_links":{"self":[{"href":"https:\/\/roveyayinevi.com.tr\/index.php\/wp-json\/wp\/v2\/product\/704072","targetHints":{"allow":["GET"]}}],"collection":[{"href":"https:\/\/roveyayinevi.com.tr\/index.php\/wp-json\/wp\/v2\/product"}],"about":[{"href":"https:\/\/roveyayinevi.com.tr\/index.php\/wp-json\/wp\/v2\/types\/product"}],"wp:attachment":[{"href":"https:\/\/roveyayinevi.com.tr\/index.php\/wp-json\/wp\/v2\/media?parent=704072"}],"wp:term":[{"taxonomy":"product_brand","embeddable":true,"href":"https:\/\/roveyayinevi.com.tr\/index.php\/wp-json\/wp\/v2\/product_brand?post=704072"},{"taxonomy":"product_cat","embeddable":true,"href":"https:\/\/roveyayinevi.com.tr\/index.php\/wp-json\/wp\/v2\/product_cat?post=704072"},{"taxonomy":"product_tag","embeddable":true,"href":"https:\/\/roveyayinevi.com.tr\/index.php\/wp-json\/wp\/v2\/product_tag?post=704072"}],"curies":[{"name":"wp","href":"https:\/\/api.w.org\/{rel}","templated":true}]}}