{"id":704067,"date":"2025-08-27T15:32:00","date_gmt":"2025-08-27T12:32:00","guid":{"rendered":"https:\/\/roveyayinevi.com.tr\/index.php\/urun\/kavramlarin-evrimi\/"},"modified":"2026-04-16T02:13:07","modified_gmt":"2026-04-15T23:13:07","slug":"kavramlarin-evrimi","status":"publish","type":"product","link":"https:\/\/roveyayinevi.com.tr\/index.php\/urun\/kavramlarin-evrimi\/","title":{"rendered":"Kavramlar\u0131n Evrimi"},"content":{"rendered":"<p>D\u00fc\u015f\u00fcnce dizgelerinin oldu\u011fu gibi, onlar\u0131n temellerinde yer alan kavramlar\u0131n da bir evrimi vard\u0131r. Bu evrim kar\u015f\u0131m\u0131za d\u00fc\u015f\u00fcnme bi\u00e7imlerinin \u00e7e\u015fitlenmeleri olarak \u00e7\u0131kar ve bunlar\u0131n bir araya getirilmesiyle de felsefe tarihleri olu\u015fur. <\/p>\n","protected":false},"excerpt":{"rendered":"<p>D\u00fc\u015f\u00fcnce dizgelerinin oldu\u011fu gibi, onlar\u0131n temellerinde yer alan kavramlar\u0131n da bir evrimi vard\u0131r. Bu evrim kar\u015f\u0131m\u0131za d\u00fc\u015f\u00fcnme bi\u00e7imlerinin \u00e7e\u015fitlenmeleri olarak \u00e7\u0131kar ve bunlar\u0131n bir araya getirilmesiyle<span class=\"excerpt-hellip\"> [\u2026]<\/span><\/p>\n","protected":false},"featured_media":0,"template":"","meta":{"_monsterinsights_skip_tracking":false,"_monsterinsights_sitenote_active":false,"_monsterinsights_sitenote_note":"","_monsterinsights_sitenote_category":0},"product_brand":[],"product_cat":[12389,12388],"product_tag":[],"class_list":{"0":"post-704067","1":"product","2":"type-product","3":"status-publish","5":"product_cat-diger-felsefe","6":"product_cat-felsefe","7":"pa_cilt-ciltsiz","8":"pa_tur-kitap","9":"pa_yayinevi-say-yayinlari","10":"pa_yazar-derleme","12":"first","13":"instock","14":"sale","15":"shipping-taxable","16":"purchasable","17":"product-type-simple"},"_links":{"self":[{"href":"https:\/\/roveyayinevi.com.tr\/index.php\/wp-json\/wp\/v2\/product\/704067","targetHints":{"allow":["GET"]}}],"collection":[{"href":"https:\/\/roveyayinevi.com.tr\/index.php\/wp-json\/wp\/v2\/product"}],"about":[{"href":"https:\/\/roveyayinevi.com.tr\/index.php\/wp-json\/wp\/v2\/types\/product"}],"wp:attachment":[{"href":"https:\/\/roveyayinevi.com.tr\/index.php\/wp-json\/wp\/v2\/media?parent=704067"}],"wp:term":[{"taxonomy":"product_brand","embeddable":true,"href":"https:\/\/roveyayinevi.com.tr\/index.php\/wp-json\/wp\/v2\/product_brand?post=704067"},{"taxonomy":"product_cat","embeddable":true,"href":"https:\/\/roveyayinevi.com.tr\/index.php\/wp-json\/wp\/v2\/product_cat?post=704067"},{"taxonomy":"product_tag","embeddable":true,"href":"https:\/\/roveyayinevi.com.tr\/index.php\/wp-json\/wp\/v2\/product_tag?post=704067"}],"curies":[{"name":"wp","href":"https:\/\/api.w.org\/{rel}","templated":true}]}}