{"id":704064,"date":"2025-08-27T15:31:58","date_gmt":"2025-08-27T12:31:58","guid":{"rendered":"https:\/\/roveyayinevi.com.tr\/index.php\/urun\/akilsiz-duygularin-cezasini-kararlar-ceker\/"},"modified":"2025-10-27T13:26:48","modified_gmt":"2025-10-27T10:26:48","slug":"akilsiz-duygularin-cezasini-kararlar-ceker","status":"publish","type":"product","link":"https:\/\/roveyayinevi.com.tr\/index.php\/urun\/akilsiz-duygularin-cezasini-kararlar-ceker\/","title":{"rendered":"Ak\u0131ls\u0131z Duygular\u0131n Cezas\u0131n\u0131 Kararlar \u00c7eker"},"content":{"rendered":"<p>&#8220;Ak\u0131ll\u0131 \u0130nsanlar NEDEN Yanl\u0131\u015f Kararlar Verir?&#8221;\u0130nsanlar\u0131n iyi ve k\u00f6t\u00fc kararlar\u0131n\u0131 ince bir \u00e7izgi ay\u0131r\u0131r. Elinizdeki kitap hayat a\u00e7\u0131s\u0131ndan b\u00fcy\u00fck \u00f6nem ta\u015f\u0131yan bu ince \u00e7izgiye odaklan\u0131yor.Bilin\u00e7li ve \u00f6zg\u00fcr irademizin sonucu oldu\u011funa inand\u0131\u011f\u0131m\u0131z se\u00e7imlerimiz b\u00fcy\u00fck \u00e7o\u011funlukla fark\u0131na varmad\u0131\u011f\u0131m\u0131z d\u0131\u015f fakt\u00f6rler taraf\u0131ndan y\u00f6nlendirilir. Hayatta verdi\u011fimiz kararlar\u0131n, sinir bilimine dayanan temellerini ara\u015ft\u0131ran bu kitap, kararlar\u0131m\u0131za etki eden ak\u0131ld\u0131\u015f\u0131 ancak tutarl\u0131 davran\u0131\u015flar\u0131m\u0131z\u0131n fark\u0131na varmak ve \u201cd\u00fc\u015f\u00fcnmeden d\u00fc\u015f\u00fcnmek\u201d yerine \u201cyan\u0131lmadan karar vermek\u201d i\u00e7in de\u011ferli bir k\u0131lavuz niteli\u011findedir.<\/p>\n","protected":false},"excerpt":{"rendered":"<p>&#8220;Ak\u0131ll\u0131 \u0130nsanlar NEDEN Yanl\u0131\u015f Kararlar Verir?&#8221;\u0130nsanlar\u0131n iyi ve k\u00f6t\u00fc kararlar\u0131n\u0131 ince bir \u00e7izgi ay\u0131r\u0131r. Elinizdeki kitap hayat a\u00e7\u0131s\u0131ndan b\u00fcy\u00fck \u00f6nem ta\u015f\u0131yan bu ince \u00e7izgiye odaklan\u0131yor.Bilin\u00e7li ve<span class=\"excerpt-hellip\"> [\u2026]<\/span><\/p>\n","protected":false},"featured_media":0,"template":"","meta":{"_monsterinsights_skip_tracking":false,"_monsterinsights_sitenote_active":false,"_monsterinsights_sitenote_note":"","_monsterinsights_sitenote_category":0},"product_brand":[],"product_cat":[13043,19008],"product_tag":[],"class_list":{"0":"post-704064","1":"product","2":"type-product","3":"status-publish","5":"product_cat-ekonomi","6":"product_cat-yonetim","7":"pa_cilt-ciltsiz","8":"pa_tur-kitap","9":"pa_yayinevi-remzi-kitabevi","10":"pa_yazar-acar-baltas","12":"first","13":"instock","14":"sale","15":"shipping-taxable","16":"purchasable","17":"product-type-simple"},"_links":{"self":[{"href":"https:\/\/roveyayinevi.com.tr\/index.php\/wp-json\/wp\/v2\/product\/704064","targetHints":{"allow":["GET"]}}],"collection":[{"href":"https:\/\/roveyayinevi.com.tr\/index.php\/wp-json\/wp\/v2\/product"}],"about":[{"href":"https:\/\/roveyayinevi.com.tr\/index.php\/wp-json\/wp\/v2\/types\/product"}],"wp:attachment":[{"href":"https:\/\/roveyayinevi.com.tr\/index.php\/wp-json\/wp\/v2\/media?parent=704064"}],"wp:term":[{"taxonomy":"product_brand","embeddable":true,"href":"https:\/\/roveyayinevi.com.tr\/index.php\/wp-json\/wp\/v2\/product_brand?post=704064"},{"taxonomy":"product_cat","embeddable":true,"href":"https:\/\/roveyayinevi.com.tr\/index.php\/wp-json\/wp\/v2\/product_cat?post=704064"},{"taxonomy":"product_tag","embeddable":true,"href":"https:\/\/roveyayinevi.com.tr\/index.php\/wp-json\/wp\/v2\/product_tag?post=704064"}],"curies":[{"name":"wp","href":"https:\/\/api.w.org\/{rel}","templated":true}]}}