{"id":704062,"date":"2025-08-27T15:31:57","date_gmt":"2025-08-27T12:31:57","guid":{"rendered":"https:\/\/roveyayinevi.com.tr\/index.php\/urun\/turk-mitolojik-sistemi-2\/"},"modified":"2026-04-16T02:13:06","modified_gmt":"2026-04-15T23:13:06","slug":"turk-mitolojik-sistemi-2","status":"publish","type":"product","link":"https:\/\/roveyayinevi.com.tr\/index.php\/urun\/turk-mitolojik-sistemi-2\/","title":{"rendered":"T\u00fcrk Mitolojik Sistemi 2"},"content":{"rendered":"<p>Yazar birinci ciltte kurdu\u011fu temellerin \u00fczerine mitolojimizin fig\u00fcrlerden, kategorilerden ve anlat\u0131mlardan olu\u015fan yap\u0131s\u0131n\u0131 bina eder. Ele ald\u0131\u011f\u0131 nesne ve fikirlerin b\u00fct\u00fcn T\u00fcrk co\u011frafyas\u0131ndaki durumlar\u0131n\u0131 inceler.  T\u00fcrk milleti olarak ge\u00e7 de olsa b\u00fct\u00fcn k\u00fclt\u00fcr miras\u0131m\u0131z\u0131n temelinde mitolojimizin bulundu\u011funu bilmek ve anlamak zorunday\u0131z. Bug\u00fcn mitler kutsiyetini yitirmi\u015f, g\u00fcvenilir bir anlat\u0131 olmaktan \u00e7\u0131km\u0131\u015f, ecdad\u0131m\u0131z\u0131n kutsal olarak g\u00f6rd\u00fckleri ma\u011faralar, gezi ve oyun yerlerine \u00e7evrilmi\u015f; tek kelimeyle mit d\u00fcnyas\u0131, yerini pozitivist d\u00fc\u015f\u00fcnen bir topluma b\u0131rakm\u0131\u015ft\u0131r. T\u00fcrk milletinin var oldu\u011fu her yerde mevcut olan mitlerimiz, bizleri gelece\u011fe ta\u015f\u0131yacak, geleneklerimizi ve geleneksel inan\u00e7 \u00f6be\u011fimizi de\u011ferler paradigmas\u0131nda ya\u015fatacak manev\u00ee ve k\u00fclt\u00fcrel varl\u0131\u011f\u0131m\u0131zd\u0131r. <\/p>\n","protected":false},"excerpt":{"rendered":"<p>Yazar birinci ciltte kurdu\u011fu temellerin \u00fczerine mitolojimizin fig\u00fcrlerden, kategorilerden ve anlat\u0131mlardan olu\u015fan yap\u0131s\u0131n\u0131 bina eder. Ele ald\u0131\u011f\u0131 nesne ve fikirlerin b\u00fct\u00fcn T\u00fcrk co\u011frafyas\u0131ndaki durumlar\u0131n\u0131 inceler. T\u00fcrk<span class=\"excerpt-hellip\"> [\u2026]<\/span><\/p>\n","protected":false},"featured_media":0,"template":"","meta":{"_monsterinsights_skip_tracking":false,"_monsterinsights_sitenote_active":false,"_monsterinsights_sitenote_note":"","_monsterinsights_sitenote_category":0},"product_brand":[],"product_cat":[12718,12858],"product_tag":[],"class_list":{"0":"post-704062","1":"product","2":"type-product","3":"status-publish","5":"product_cat-din","6":"product_cat-mitolojiler","7":"pa_cilt-ciltsiz","8":"pa_tur-kitap","9":"pa_yayinevi-otuken-nesriyat","10":"pa_yazar-fuzuli-bayat","12":"first","13":"instock","14":"sale","15":"shipping-taxable","16":"purchasable","17":"product-type-simple"},"_links":{"self":[{"href":"https:\/\/roveyayinevi.com.tr\/index.php\/wp-json\/wp\/v2\/product\/704062","targetHints":{"allow":["GET"]}}],"collection":[{"href":"https:\/\/roveyayinevi.com.tr\/index.php\/wp-json\/wp\/v2\/product"}],"about":[{"href":"https:\/\/roveyayinevi.com.tr\/index.php\/wp-json\/wp\/v2\/types\/product"}],"wp:attachment":[{"href":"https:\/\/roveyayinevi.com.tr\/index.php\/wp-json\/wp\/v2\/media?parent=704062"}],"wp:term":[{"taxonomy":"product_brand","embeddable":true,"href":"https:\/\/roveyayinevi.com.tr\/index.php\/wp-json\/wp\/v2\/product_brand?post=704062"},{"taxonomy":"product_cat","embeddable":true,"href":"https:\/\/roveyayinevi.com.tr\/index.php\/wp-json\/wp\/v2\/product_cat?post=704062"},{"taxonomy":"product_tag","embeddable":true,"href":"https:\/\/roveyayinevi.com.tr\/index.php\/wp-json\/wp\/v2\/product_tag?post=704062"}],"curies":[{"name":"wp","href":"https:\/\/api.w.org\/{rel}","templated":true}]}}