{"id":704060,"date":"2025-08-27T15:31:56","date_gmt":"2025-08-27T12:31:56","guid":{"rendered":"https:\/\/roveyayinevi.com.tr\/index.php\/urun\/dogudan-gelen-adam\/"},"modified":"2026-04-02T02:17:41","modified_gmt":"2026-04-01T23:17:41","slug":"dogudan-gelen-adam","status":"publish","type":"product","link":"https:\/\/roveyayinevi.com.tr\/index.php\/urun\/dogudan-gelen-adam\/","title":{"rendered":"Do\u011fudan Gelen Adam"},"content":{"rendered":"<p>Ruslar top at\u0131\u015flar\u0131n\u0131n akabinde hemen taaruz giri\u015fiminde bulunuyorlard\u0131. Yan\u0131 ba\u015flar\u0131nda patlayan mermiler, karlar\u0131 askerlerin y\u00fczlerine savuruyor, en cesur asker bile ba\u015f\u0131n\u0131 siperden kald\u0131rmaya \u00e7ekiniyordu. <\/p>\n","protected":false},"excerpt":{"rendered":"<p>Ruslar top at\u0131\u015flar\u0131n\u0131n akabinde hemen taaruz giri\u015fiminde bulunuyorlard\u0131. Yan\u0131 ba\u015flar\u0131nda patlayan mermiler, karlar\u0131 askerlerin y\u00fczlerine savuruyor, en cesur asker bile ba\u015f\u0131n\u0131 siperden kald\u0131rmaya \u00e7ekiniyordu.<\/p>\n","protected":false},"featured_media":0,"template":"","meta":{"_monsterinsights_skip_tracking":false,"_monsterinsights_sitenote_active":false,"_monsterinsights_sitenote_note":"","_monsterinsights_sitenote_category":0},"product_brand":[],"product_cat":[12291,12292],"product_tag":[],"class_list":{"0":"post-704060","1":"product","2":"type-product","3":"status-publish","5":"product_cat-edebiyat","6":"product_cat-turk-edebiyati","7":"pa_tur-kitap","8":"pa_yayinevi-karinca-yayinlari","9":"pa_yazar-ali-sanverdi","11":"first","12":"instock","13":"sale","14":"shipping-taxable","15":"purchasable","16":"product-type-simple"},"_links":{"self":[{"href":"https:\/\/roveyayinevi.com.tr\/index.php\/wp-json\/wp\/v2\/product\/704060","targetHints":{"allow":["GET"]}}],"collection":[{"href":"https:\/\/roveyayinevi.com.tr\/index.php\/wp-json\/wp\/v2\/product"}],"about":[{"href":"https:\/\/roveyayinevi.com.tr\/index.php\/wp-json\/wp\/v2\/types\/product"}],"wp:attachment":[{"href":"https:\/\/roveyayinevi.com.tr\/index.php\/wp-json\/wp\/v2\/media?parent=704060"}],"wp:term":[{"taxonomy":"product_brand","embeddable":true,"href":"https:\/\/roveyayinevi.com.tr\/index.php\/wp-json\/wp\/v2\/product_brand?post=704060"},{"taxonomy":"product_cat","embeddable":true,"href":"https:\/\/roveyayinevi.com.tr\/index.php\/wp-json\/wp\/v2\/product_cat?post=704060"},{"taxonomy":"product_tag","embeddable":true,"href":"https:\/\/roveyayinevi.com.tr\/index.php\/wp-json\/wp\/v2\/product_tag?post=704060"}],"curies":[{"name":"wp","href":"https:\/\/api.w.org\/{rel}","templated":true}]}}