{"id":704057,"date":"2025-08-27T15:31:54","date_gmt":"2025-08-27T12:31:54","guid":{"rendered":"https:\/\/roveyayinevi.com.tr\/index.php\/urun\/pervaneyle-yaren\/"},"modified":"2026-04-16T02:13:06","modified_gmt":"2026-04-15T23:13:06","slug":"pervaneyle-yaren","status":"publish","type":"product","link":"https:\/\/roveyayinevi.com.tr\/index.php\/urun\/pervaneyle-yaren\/","title":{"rendered":"Pervaneyle Yaren"},"content":{"rendered":"<p>Ge\u00e7ti mi diye soruyorsam bakma; ge\u00e7mesin diyedirGe\u00e7ti mi periler, sana arma\u011fan etti\u011fim ilk \u015fiirdenGe\u00e7ti mi \u0131smarlad\u0131\u011f\u0131n kahve, \u201csohbet muhabbet\u201d dersinGe\u00e7ti mi hangi deprem, hangi yang\u0131n becerebilirGe\u00e7ti a\u011fr\u0131m sevgilim, ge\u00e7ti o ilk g\u00fcn, her g\u00fcn i\u00e7imden <\/p>\n","protected":false},"excerpt":{"rendered":"<p>Ge\u00e7ti mi diye soruyorsam bakma; ge\u00e7mesin diyedirGe\u00e7ti mi periler, sana arma\u011fan etti\u011fim ilk \u015fiirdenGe\u00e7ti mi \u0131smarlad\u0131\u011f\u0131n kahve, \u201csohbet muhabbet\u201d dersinGe\u00e7ti mi hangi deprem, hangi yang\u0131n becerebilirGe\u00e7ti<span class=\"excerpt-hellip\"> [\u2026]<\/span><\/p>\n","protected":false},"featured_media":0,"template":"","meta":{"_monsterinsights_skip_tracking":false,"_monsterinsights_sitenote_active":false,"_monsterinsights_sitenote_note":"","_monsterinsights_sitenote_category":0},"product_brand":[],"product_cat":[12291,12509],"product_tag":[],"class_list":{"0":"post-704057","1":"product","2":"type-product","3":"status-publish","5":"product_cat-edebiyat","6":"product_cat-siir","7":"pa_cilt-ciltsiz","8":"pa_tur-kitap","9":"pa_yayinevi-kirmizi-kedi-yayinevi","10":"pa_yazar-onur-caymaz","12":"first","13":"instock","14":"sale","15":"shipping-taxable","16":"purchasable","17":"product-type-simple"},"_links":{"self":[{"href":"https:\/\/roveyayinevi.com.tr\/index.php\/wp-json\/wp\/v2\/product\/704057","targetHints":{"allow":["GET"]}}],"collection":[{"href":"https:\/\/roveyayinevi.com.tr\/index.php\/wp-json\/wp\/v2\/product"}],"about":[{"href":"https:\/\/roveyayinevi.com.tr\/index.php\/wp-json\/wp\/v2\/types\/product"}],"wp:attachment":[{"href":"https:\/\/roveyayinevi.com.tr\/index.php\/wp-json\/wp\/v2\/media?parent=704057"}],"wp:term":[{"taxonomy":"product_brand","embeddable":true,"href":"https:\/\/roveyayinevi.com.tr\/index.php\/wp-json\/wp\/v2\/product_brand?post=704057"},{"taxonomy":"product_cat","embeddable":true,"href":"https:\/\/roveyayinevi.com.tr\/index.php\/wp-json\/wp\/v2\/product_cat?post=704057"},{"taxonomy":"product_tag","embeddable":true,"href":"https:\/\/roveyayinevi.com.tr\/index.php\/wp-json\/wp\/v2\/product_tag?post=704057"}],"curies":[{"name":"wp","href":"https:\/\/api.w.org\/{rel}","templated":true}]}}