{"id":704056,"date":"2025-08-27T15:31:54","date_gmt":"2025-08-27T12:31:54","guid":{"rendered":"https:\/\/roveyayinevi.com.tr\/index.php\/urun\/yalancilar-ve-casuslar\/"},"modified":"2026-04-16T02:13:06","modified_gmt":"2026-04-15T23:13:06","slug":"yalancilar-ve-casuslar","status":"publish","type":"product","link":"https:\/\/roveyayinevi.com.tr\/index.php\/urun\/yalancilar-ve-casuslar\/","title":{"rendered":"Yalanc\u0131lar ve Casuslar"},"content":{"rendered":"<p>On iki ya\u015f\u0131ndaki Georges\u2019un hayat\u0131nda bir\u00e7ok de\u011fi\u015fiklik oluyor. Okuldaki baz\u0131 \u00e7ocuklarla sorun ya\u015f\u0131yor, babas\u0131 i\u015fini kaybedince annesi daha \u00e7ok \u00e7al\u0131\u015fmaya ba\u015fl\u0131yor \u2013 ayr\u0131ca bu arada evlerini sat\u0131p bir apartman dairesine ta\u015f\u0131nmalar\u0131 gerekiyor. Bu ta\u015f\u0131nma olay\u0131n\u0131n en iyi taraf\u0131, Georges\u2019un ayn\u0131 apartmanda oturan Safer\u2019la tan\u0131\u015fmas\u0131 oluyor. Biraz garip bir \u00e7ocuk olan Safer, Georges\u2019u Casus Kul\u00fcb\u00fc\u2019ne kabul ediyor ve bildi\u011fi her \u015feyi ona da \u00f6\u011fretmeye karar veriyor. \u00c7\u00fcnk\u00fc \u00fczerinde \u00e7al\u0131\u015ft\u0131\u011f\u0131 \u00e7ok ama \u00e7ok \u00f6nemli bir dava var. Georges\u2019lar\u0131n \u00fcst dairesinde kalan Bay X\u2019in \u015f\u00fcpheli hareketlerinin s\u0131rr\u0131n\u0131 hemen \u00e7\u00f6zmeliler! Ancak Georges ve Safer, bu olay\u0131n derinlerine indik\u00e7e oyunlar, yalanlar ve ger\u00e7ekler aras\u0131ndaki \u00e7izgi giderek bulan\u0131kla\u015fmaya ba\u015fl\u0131yor. Beni Buldu\u011fun Zaman adl\u0131 kitab\u0131 John Newbery \u00d6d\u00fcl\u00fc alan Rebecca Stead, Yalanc\u0131lar ve Casuslar\u2019da korkular\u0131n \u00fczerine nas\u0131l gidilece\u011fini, arkada\u015fl\u0131kla sarmalanan s\u00fcr\u00fckleyici bir casusluk hik\u00e2yesiyle anlat\u0131yor. <\/p>\n","protected":false},"excerpt":{"rendered":"<p>On iki ya\u015f\u0131ndaki Georges\u2019un hayat\u0131nda bir\u00e7ok de\u011fi\u015fiklik oluyor. Okuldaki baz\u0131 \u00e7ocuklarla sorun ya\u015f\u0131yor, babas\u0131 i\u015fini kaybedince annesi daha \u00e7ok \u00e7al\u0131\u015fmaya ba\u015fl\u0131yor \u2013 ayr\u0131ca bu arada evlerini<span class=\"excerpt-hellip\"> [\u2026]<\/span><\/p>\n","protected":false},"featured_media":0,"template":"","meta":{"_monsterinsights_skip_tracking":false,"_monsterinsights_sitenote_active":false,"_monsterinsights_sitenote_note":"","_monsterinsights_sitenote_category":0},"product_brand":[],"product_cat":[12275,12274],"product_tag":[],"class_list":{"0":"post-704056","1":"product","2":"type-product","3":"status-publish","5":"product_cat-6-12-yas-kitaplari","6":"product_cat-cocuk-ve-genclik-kitaplari","7":"pa_cilt-ciltsiz","8":"pa_tur-kitap","9":"pa_yayinevi-kirmizi-kedi-yayinevi","10":"pa_yazar-rebecca-stead","12":"first","13":"instock","14":"sale","15":"shipping-taxable","16":"purchasable","17":"product-type-simple"},"_links":{"self":[{"href":"https:\/\/roveyayinevi.com.tr\/index.php\/wp-json\/wp\/v2\/product\/704056","targetHints":{"allow":["GET"]}}],"collection":[{"href":"https:\/\/roveyayinevi.com.tr\/index.php\/wp-json\/wp\/v2\/product"}],"about":[{"href":"https:\/\/roveyayinevi.com.tr\/index.php\/wp-json\/wp\/v2\/types\/product"}],"wp:attachment":[{"href":"https:\/\/roveyayinevi.com.tr\/index.php\/wp-json\/wp\/v2\/media?parent=704056"}],"wp:term":[{"taxonomy":"product_brand","embeddable":true,"href":"https:\/\/roveyayinevi.com.tr\/index.php\/wp-json\/wp\/v2\/product_brand?post=704056"},{"taxonomy":"product_cat","embeddable":true,"href":"https:\/\/roveyayinevi.com.tr\/index.php\/wp-json\/wp\/v2\/product_cat?post=704056"},{"taxonomy":"product_tag","embeddable":true,"href":"https:\/\/roveyayinevi.com.tr\/index.php\/wp-json\/wp\/v2\/product_tag?post=704056"}],"curies":[{"name":"wp","href":"https:\/\/api.w.org\/{rel}","templated":true}]}}