{"id":704054,"date":"2025-08-27T15:31:53","date_gmt":"2025-08-27T12:31:53","guid":{"rendered":"https:\/\/roveyayinevi.com.tr\/index.php\/urun\/benim-yolum-aamir-khanin-inanilmaz-yolculugu\/"},"modified":"2025-11-22T03:36:13","modified_gmt":"2025-11-22T00:36:13","slug":"benim-yolum-aamir-khanin-inanilmaz-yolculugu","status":"publish","type":"product","link":"https:\/\/roveyayinevi.com.tr\/index.php\/urun\/benim-yolum-aamir-khanin-inanilmaz-yolculugu\/","title":{"rendered":"Benim Yolum: Aamir Khan&#8217;\u0131n \u0130nan\u0131lmaz Yolculu\u011fu"},"content":{"rendered":"<p>Aamir Khan\u2019\u0131n \u0130nan\u0131lmaz Yolculu\u011fu \ufffcTan\u0131t\u0131m Metni<\/p>\n","protected":false},"excerpt":{"rendered":"<p>Aamir Khan\u2019\u0131n \u0130nan\u0131lmaz Yolculu\u011fu \ufffcTan\u0131t\u0131m Metni<\/p>\n","protected":false},"featured_media":0,"template":"","meta":{"_monsterinsights_skip_tracking":false,"_monsterinsights_sitenote_active":false,"_monsterinsights_sitenote_note":"","_monsterinsights_sitenote_category":0},"product_brand":[],"product_cat":[14009,12291],"product_tag":[],"class_list":{"0":"post-704054","1":"product","2":"type-product","3":"status-publish","5":"product_cat-biyografi-otobiyografi-edebiyat","6":"product_cat-edebiyat","7":"pa_tur-kitap","8":"pa_yayinevi-marti-yayinlari","9":"pa_yazar-christina-daniels","11":"first","12":"instock","13":"sale","14":"shipping-taxable","15":"purchasable","16":"product-type-simple"},"_links":{"self":[{"href":"https:\/\/roveyayinevi.com.tr\/index.php\/wp-json\/wp\/v2\/product\/704054","targetHints":{"allow":["GET"]}}],"collection":[{"href":"https:\/\/roveyayinevi.com.tr\/index.php\/wp-json\/wp\/v2\/product"}],"about":[{"href":"https:\/\/roveyayinevi.com.tr\/index.php\/wp-json\/wp\/v2\/types\/product"}],"wp:attachment":[{"href":"https:\/\/roveyayinevi.com.tr\/index.php\/wp-json\/wp\/v2\/media?parent=704054"}],"wp:term":[{"taxonomy":"product_brand","embeddable":true,"href":"https:\/\/roveyayinevi.com.tr\/index.php\/wp-json\/wp\/v2\/product_brand?post=704054"},{"taxonomy":"product_cat","embeddable":true,"href":"https:\/\/roveyayinevi.com.tr\/index.php\/wp-json\/wp\/v2\/product_cat?post=704054"},{"taxonomy":"product_tag","embeddable":true,"href":"https:\/\/roveyayinevi.com.tr\/index.php\/wp-json\/wp\/v2\/product_tag?post=704054"}],"curies":[{"name":"wp","href":"https:\/\/api.w.org\/{rel}","templated":true}]}}