{"id":704050,"date":"2025-08-27T15:31:50","date_gmt":"2025-08-27T12:31:50","guid":{"rendered":"https:\/\/roveyayinevi.com.tr\/index.php\/urun\/bir-ateistin-inanc-tarihcesi\/"},"modified":"2026-04-16T02:13:06","modified_gmt":"2026-04-15T23:13:06","slug":"bir-ateistin-inanc-tarihcesi","status":"publish","type":"product","link":"https:\/\/roveyayinevi.com.tr\/index.php\/urun\/bir-ateistin-inanc-tarihcesi\/","title":{"rendered":"Bir Ateistin \u0130nan\u00e7 Tarih\u00e7esi"},"content":{"rendered":"<p>Matthew Kneale, \u201cdinsel inan\u00e7\u201d d\u00fc\u015f\u00fcncesini insanl\u0131k tarihinin ilk d\u00f6nemlerinden itibaren ele alarak, inan\u00e7lara dair genel bir resim sunmaya \u00e7al\u0131\u015f\u0131yor: B\u00fcy\u00fck dinlerin be\u015fi\u011fi Ortado\u011fu\u2019dan G\u00fcney Amerika\u2019ya, \u00c7in\u2019den Hindistan\u2019a dinlerin do\u011fu\u015flar\u0131ndaki arkaplanlara, toplumsal ve k\u00fclt\u00fcrel yap\u0131lara odaklan\u0131yor. S\u0131radan insanlar\u0131n neye inand\u0131klar\u0131na e\u011filip, dinsel inan\u00e7lardaki s\u00fcrekliliklere, de\u011fi\u015fimlere g\u00f6z at\u0131yor. \u00c7e\u015fitli siyasi d\u00fc\u015f\u00fcncelerin dinsel tasavvurlarla ili\u015fkilerine de de\u011finiyor. Kneale edebiyattan mimariye, sava\u015flardan ittifaklara insanl\u0131k tarihini \u015fekillendiren inan\u00e7lara k\u00fc\u00e7\u00fcmseyerek de\u011fil, anlamaya \u00e7al\u0131\u015farak yakla\u015f\u0131yor. Zira \u201cinsano\u011flunun en b\u00fcy\u00fck hayal \u00fcr\u00fcn\u00fc projesi\u201d oldu\u011funu iddia etti\u011fi inan\u00e7lar\u0131n etrafl\u0131ca ele al\u0131nmas\u0131yla, insanl\u0131k tarihinin daha iyi anla\u015f\u0131labilece\u011fini \u00f6ne s\u00fcr\u00fcyor. Bir Ateistin \u0130nan\u00e7 Tarih\u00e7esi insanl\u0131\u011f\u0131n bilinmezle, \u201cg\u00fcvence aray\u0131\u015f\u0131\u201dyla on binlerce y\u0131ld\u0131r kurdu\u011fu ili\u015fkinin \u00f6zl\u00fc bir anlat\u0131m\u0131\u2026 \u201cDinler buz \u00e7ekirde\u011fi gibidir. Her birinde katman katman ge\u00e7mi\u015f inan\u00e7lar\u0131 bulmak m\u00fcmk\u00fcnd\u00fcr. 33.000 y\u0131l \u00f6nceki inan\u00e7lar bile d\u00fcnyam\u0131zda h\u00e2l\u00e2 varl\u0131\u011f\u0131n\u0131 s\u00fcrd\u00fcrmektedir. Bu kitap bu buz \u00e7ekirdeklerinin baz\u0131lar\u0131n\u0131 incelemeyi, \u00e7ok say\u0131daki katman\u0131n nas\u0131l olu\u015ftu\u011funu ke\u015ffetmeyi ve bazen en umulmad\u0131k yollarla d\u00fcnyam\u0131z\u0131 nas\u0131l etkilemeye devam ettiklerini g\u00f6rmeyi ama\u00e7lamaktad\u0131r.\u201d MATTHEW KNEAL<\/p>\n","protected":false},"excerpt":{"rendered":"<p>Matthew Kneale, \u201cdinsel inan\u00e7\u201d d\u00fc\u015f\u00fcncesini insanl\u0131k tarihinin ilk d\u00f6nemlerinden itibaren ele alarak, inan\u00e7lara dair genel bir resim sunmaya \u00e7al\u0131\u015f\u0131yor: B\u00fcy\u00fck dinlerin be\u015fi\u011fi Ortado\u011fu\u2019dan G\u00fcney Amerika\u2019ya, \u00c7in\u2019den<span class=\"excerpt-hellip\"> [\u2026]<\/span><\/p>\n","protected":false},"featured_media":0,"template":"","meta":{"_monsterinsights_skip_tracking":false,"_monsterinsights_sitenote_active":false,"_monsterinsights_sitenote_note":"","_monsterinsights_sitenote_category":0},"product_brand":[],"product_cat":[12305,12304],"product_tag":[],"class_list":{"0":"post-704050","1":"product","2":"type-product","3":"status-publish","5":"product_cat-dunya-tarihi","6":"product_cat-tarih","7":"pa_cilt-ciltsiz","8":"pa_tur-kitap","9":"pa_yayinevi-iletisim-yayinlari","10":"pa_yazar-matthew-kneale","12":"first","13":"instock","14":"sale","15":"shipping-taxable","16":"purchasable","17":"product-type-simple"},"_links":{"self":[{"href":"https:\/\/roveyayinevi.com.tr\/index.php\/wp-json\/wp\/v2\/product\/704050","targetHints":{"allow":["GET"]}}],"collection":[{"href":"https:\/\/roveyayinevi.com.tr\/index.php\/wp-json\/wp\/v2\/product"}],"about":[{"href":"https:\/\/roveyayinevi.com.tr\/index.php\/wp-json\/wp\/v2\/types\/product"}],"wp:attachment":[{"href":"https:\/\/roveyayinevi.com.tr\/index.php\/wp-json\/wp\/v2\/media?parent=704050"}],"wp:term":[{"taxonomy":"product_brand","embeddable":true,"href":"https:\/\/roveyayinevi.com.tr\/index.php\/wp-json\/wp\/v2\/product_brand?post=704050"},{"taxonomy":"product_cat","embeddable":true,"href":"https:\/\/roveyayinevi.com.tr\/index.php\/wp-json\/wp\/v2\/product_cat?post=704050"},{"taxonomy":"product_tag","embeddable":true,"href":"https:\/\/roveyayinevi.com.tr\/index.php\/wp-json\/wp\/v2\/product_tag?post=704050"}],"curies":[{"name":"wp","href":"https:\/\/api.w.org\/{rel}","templated":true}]}}