{"id":704043,"date":"2025-08-27T15:31:45","date_gmt":"2025-08-27T12:31:45","guid":{"rendered":"https:\/\/roveyayinevi.com.tr\/index.php\/urun\/tanzimat-sonrasi-yayincilik-ve-roman\/"},"modified":"2026-01-29T02:24:03","modified_gmt":"2026-01-28T23:24:03","slug":"tanzimat-sonrasi-yayincilik-ve-roman","status":"publish","type":"product","link":"https:\/\/roveyayinevi.com.tr\/index.php\/urun\/tanzimat-sonrasi-yayincilik-ve-roman\/","title":{"rendered":"Tanzimat Sonras\u0131 Yay\u0131nc\u0131l\u0131k ve Roman"},"content":{"rendered":"<p>\u2018Modernite deneyimi birbiriyle \u00e7at\u0131\u015fan iki modern kimlik yaratm\u0131\u015ft\u0131r: t\u00fcketimcilik ve vatanda\u015fl\u0131k. T\u00fcketimcilik metalara ba\u011flanmay\u0131 ve bencil bireyselli\u011fi i\u00e7erir. Vatanda\u015fl\u0131k ise, kolektif olana ba\u011fl\u0131l\u0131\u011f\u0131 ve kolektif olan i\u00e7in sorumluluk duymay\u0131. Osmanl\u0131 modernle\u015fmesi s\u00fcrecinde de, Tanzimat\u2019tan sonra, birbiriyle \u00e7at\u0131\u015fan bu iki modern kimli\u011fin \u00f6n e\u011filimleri g\u00f6r\u00fclmeye ba\u015flanm\u0131\u015ft\u0131r. Bu nedenle Yeni Osmanl\u0131lar ve onlara yak\u0131n yazarlar, Tanzimat b\u00fcrokratlar\u0131n\u0131n a\u015f\u0131r\u0131 t\u00fcketimci ve topluma kar\u015f\u0131 sorumsuz davran\u0131\u015flar\u0131n\u0131 eserlerinde ele\u015ftirmi\u015flerdir. Yazarlar\u0131n bu ele\u015ftirileri, romanlar\u0131nda unutulmaz karakterler yaratmalar\u0131na neden olmu\u015ftur. Bu karakterlerden, belki de en \u00f6nemlisi, Recaizade Mahmut Ekrem\u2019in Araba Sevdas\u0131 roman\u0131ndaki, a\u015f\u0131r\u0131 t\u00fcketimci birey Bihruz Bey\u2019dir. Fakat ondan \u00f6nce Ahmet Mithat\u2019\u0131n, Fel\u00e2tun Bey ile R\u00e2k\u0131m Efendi roman\u0131nda, t\u00fcketimci birey Fel\u00e2tun Bey\u2019in kar\u015f\u0131s\u0131na \u00e7\u0131kar\u0131lan: etraf\u0131ndakilere kar\u015f\u0131 sorumlu, \u00e7al\u0131\u015fkan, \u00fcretken ve geleneklerine ba\u011fl\u0131 ve ayn\u0131 zamanda Bat\u0131l\u0131 de\u011ferlere de sahip olan R\u00e2k\u0131m Efendi, Yeni Osmanl\u0131lar\u2019\u0131n hayata ge\u00e7irmek istedikleri \u2018vatanda\u015f\u2019 tipini temsil etmektedir. Her iki yazar\u0131n d\u00fc\u015f\u00fcncelerinde Ayd\u0131nlanma d\u00fc\u015f\u00fcn\u00fcrlerinin etkisi olmakla birlikte, Recaizade Mahmut Ekrem\u2019in Rousseau\u2019nun fikirlerine \u00e7ok daha yak\u0131n oldu\u011fu saptanm\u0131\u015ft\u0131r. <\/p>\n","protected":false},"excerpt":{"rendered":"<p>\u2018Modernite deneyimi birbiriyle \u00e7at\u0131\u015fan iki modern kimlik yaratm\u0131\u015ft\u0131r: t\u00fcketimcilik ve vatanda\u015fl\u0131k. T\u00fcketimcilik metalara ba\u011flanmay\u0131 ve bencil bireyselli\u011fi i\u00e7erir. Vatanda\u015fl\u0131k ise, kolektif olana ba\u011fl\u0131l\u0131\u011f\u0131 ve kolektif olan<span class=\"excerpt-hellip\"> [\u2026]<\/span><\/p>\n","protected":false},"featured_media":0,"template":"","meta":{"_monsterinsights_skip_tracking":false,"_monsterinsights_sitenote_active":false,"_monsterinsights_sitenote_note":"","_monsterinsights_sitenote_category":0},"product_brand":[],"product_cat":[13072,12291],"product_tag":[],"class_list":{"0":"post-704043","1":"product","2":"type-product","3":"status-publish","5":"product_cat-arastirma-inceleme-referans","6":"product_cat-edebiyat","7":"pa_cilt-ciltsiz","8":"pa_tur-kitap","9":"pa_yayinevi-utopya-yayinevi","10":"pa_yazar-banu-dagtas","12":"first","13":"instock","14":"sale","15":"shipping-taxable","16":"purchasable","17":"product-type-simple"},"_links":{"self":[{"href":"https:\/\/roveyayinevi.com.tr\/index.php\/wp-json\/wp\/v2\/product\/704043","targetHints":{"allow":["GET"]}}],"collection":[{"href":"https:\/\/roveyayinevi.com.tr\/index.php\/wp-json\/wp\/v2\/product"}],"about":[{"href":"https:\/\/roveyayinevi.com.tr\/index.php\/wp-json\/wp\/v2\/types\/product"}],"wp:attachment":[{"href":"https:\/\/roveyayinevi.com.tr\/index.php\/wp-json\/wp\/v2\/media?parent=704043"}],"wp:term":[{"taxonomy":"product_brand","embeddable":true,"href":"https:\/\/roveyayinevi.com.tr\/index.php\/wp-json\/wp\/v2\/product_brand?post=704043"},{"taxonomy":"product_cat","embeddable":true,"href":"https:\/\/roveyayinevi.com.tr\/index.php\/wp-json\/wp\/v2\/product_cat?post=704043"},{"taxonomy":"product_tag","embeddable":true,"href":"https:\/\/roveyayinevi.com.tr\/index.php\/wp-json\/wp\/v2\/product_tag?post=704043"}],"curies":[{"name":"wp","href":"https:\/\/api.w.org\/{rel}","templated":true}]}}