{"id":704034,"date":"2025-08-27T15:31:32","date_gmt":"2025-08-27T12:31:32","guid":{"rendered":"https:\/\/roveyayinevi.com.tr\/index.php\/urun\/esir-sozler-kuyusu\/"},"modified":"2026-02-03T02:21:52","modified_gmt":"2026-02-02T23:21:52","slug":"esir-sozler-kuyusu","status":"publish","type":"product","link":"https:\/\/roveyayinevi.com.tr\/index.php\/urun\/esir-sozler-kuyusu\/","title":{"rendered":"Esir S\u00f6zler Kuyusu"},"content":{"rendered":"<p>Yumurta b\u00fcy\u00fckl\u00fc\u011f\u00fcnde oldu\u011funa inand\u0131\u011f\u0131m bir tutku ta\u015f\u0131yorum g\u00f6\u011fs\u00fcmde. Pel\u00fcr bir zarla koruyabiliyorum onu. \u015e\u00fck\u00fcrler olsun, ko\u00e7ba\u015flarla sald\u0131ran sorular\u0131n y\u0131k\u0131c\u0131 etkisine, onca narinli\u011fine kar\u015f\u0131n dayanabiliyor. Yine de, tutkumu haznesinde dengeli bir bi\u00e7imde ta\u015f\u0131yabilmek i\u00e7in s\u00fcrekli dik ve temkinli y\u00fcr\u00fcyorum. Kayg\u0131msa en az onun kadar b\u00fcy\u00fck. Onu koruyan bir duam da var \u00fcstelik: Ey benim g\u00fczel Allah&#8217;\u0131m! Yetkinlikten, okuruna g\u00fcvenmeyen k\u00f6r parma\u011f\u0131m g\u00f6z\u00fcne metinler yazmaktan beni koru. B\u0131rak bir g\u00f6z\u00fcm hep kapal\u0131 kals\u0131n. Bundan sonra yazarken hi\u00e7bir \u015feyi aktarmak, kurmak, hesaplamak istemiyorum. Dile\u011fim duyumsamak, yaln\u0131zca duyumsamak&#8230; <\/p>\n","protected":false},"excerpt":{"rendered":"<p>Yumurta b\u00fcy\u00fckl\u00fc\u011f\u00fcnde oldu\u011funa inand\u0131\u011f\u0131m bir tutku ta\u015f\u0131yorum g\u00f6\u011fs\u00fcmde. Pel\u00fcr bir zarla koruyabiliyorum onu. \u015e\u00fck\u00fcrler olsun, ko\u00e7ba\u015flarla sald\u0131ran sorular\u0131n y\u0131k\u0131c\u0131 etkisine, onca narinli\u011fine kar\u015f\u0131n dayanabiliyor. Yine de,<span class=\"excerpt-hellip\"> [\u2026]<\/span><\/p>\n","protected":false},"featured_media":0,"template":"","meta":{"_monsterinsights_skip_tracking":false,"_monsterinsights_sitenote_active":false,"_monsterinsights_sitenote_note":"","_monsterinsights_sitenote_category":0},"product_brand":[],"product_cat":[12291,12711],"product_tag":[],"class_list":{"0":"post-704034","1":"product","2":"type-product","3":"status-publish","5":"product_cat-edebiyat","6":"product_cat-roman-oyku","7":"pa_cilt-ciltsiz","8":"pa_tur-kitap","9":"pa_yayinevi-metis-yayinlari","10":"pa_yazar-sema-kaygusuz","12":"first","13":"instock","14":"sale","15":"shipping-taxable","16":"purchasable","17":"product-type-simple"},"_links":{"self":[{"href":"https:\/\/roveyayinevi.com.tr\/index.php\/wp-json\/wp\/v2\/product\/704034","targetHints":{"allow":["GET"]}}],"collection":[{"href":"https:\/\/roveyayinevi.com.tr\/index.php\/wp-json\/wp\/v2\/product"}],"about":[{"href":"https:\/\/roveyayinevi.com.tr\/index.php\/wp-json\/wp\/v2\/types\/product"}],"wp:attachment":[{"href":"https:\/\/roveyayinevi.com.tr\/index.php\/wp-json\/wp\/v2\/media?parent=704034"}],"wp:term":[{"taxonomy":"product_brand","embeddable":true,"href":"https:\/\/roveyayinevi.com.tr\/index.php\/wp-json\/wp\/v2\/product_brand?post=704034"},{"taxonomy":"product_cat","embeddable":true,"href":"https:\/\/roveyayinevi.com.tr\/index.php\/wp-json\/wp\/v2\/product_cat?post=704034"},{"taxonomy":"product_tag","embeddable":true,"href":"https:\/\/roveyayinevi.com.tr\/index.php\/wp-json\/wp\/v2\/product_tag?post=704034"}],"curies":[{"name":"wp","href":"https:\/\/api.w.org\/{rel}","templated":true}]}}