{"id":704033,"date":"2025-08-27T15:31:31","date_gmt":"2025-08-27T12:31:31","guid":{"rendered":"https:\/\/roveyayinevi.com.tr\/index.php\/urun\/dillerin-kokeni-ustune-deneme\/"},"modified":"2026-04-16T02:13:06","modified_gmt":"2026-04-15T23:13:06","slug":"dillerin-kokeni-ustune-deneme","status":"publish","type":"product","link":"https:\/\/roveyayinevi.com.tr\/index.php\/urun\/dillerin-kokeni-ustune-deneme\/","title":{"rendered":"Dillerin K\u00f6keni \u00dcst\u00fcne Deneme"},"content":{"rendered":"<p>Jean-Jacques Rousseau (1712-1778): Bilimler ve Sanatlar \u00dcst\u00fcne S\u00f6ylev\u2019den Toplum S\u00f6zle\u015fmesi\u2019ne ve Emile\u2019e, \u0130nsanlar Aras\u0131nda E\u015fitsizli\u011fin Kayna\u011f\u0131\u2019ndan \u0130tiraflar&#8217;a, insanl\u0131k tarihine \u00e7\u0131\u011f\u0131r a\u00e7an Ayd\u0131nlanma d\u00fc\u015f\u00fcncesinin en \u00f6nemli Romantik d\u00fc\u015f\u00fcn\u00fcr-yaz\u0131lard\u0131r. Melodi ve M\u00fcziksel Taklit ile \u0130li\u015fki \u0130\u00e7inde Dillerin K\u00f6keni \u00dczerine Deneme ise, Rousseau\u2019nun ilk ses olarak kabul etti\u011fi do\u011fan\u0131n \u00e7\u0131\u011fl\u0131\u011f\u0131 ndan jestlerin diline, s\u00f6zc\u00fcklerin ortaya \u00e7\u0131k\u0131\u015f\u0131na ve d\u00fcnyan\u0131n adland\u0131r\u0131lmas\u0131 na do\u011fru uzanan bir s\u00fcre\u00e7te dillerin k\u00f6kenini m\u00fczik ve melodi ile ili\u015fkilerine de de\u011finerek anlat\u0131yor. \u00d6mer B. Albayrak (1976): \u0130stanbul Bilgi \u00dcniversitesi Fen-Edebiyat Fak\u00fcltesi&#8217;nde ara\u015ft\u0131rma g\u00f6revlisi. Bo\u011fazi\u00e7i \u00dcniversitesi Felsefe B\u00f6l\u00fcm\u00fc&#8217;n\u00fc bitirdikten sonra Galatasaray \u00dcniversitesi ve Paris X-Nanterre \u00dcniversitesi&#8217;nde doktoras\u0131n\u0131 haz\u0131rl\u0131yor. \ufffcTan\u0131t\u0131m Metni<\/p>\n","protected":false},"excerpt":{"rendered":"<p>Jean-Jacques Rousseau (1712-1778): Bilimler ve Sanatlar \u00dcst\u00fcne S\u00f6ylev\u2019den Toplum S\u00f6zle\u015fmesi\u2019ne ve Emile\u2019e, \u0130nsanlar Aras\u0131nda E\u015fitsizli\u011fin Kayna\u011f\u0131\u2019ndan \u0130tiraflar&#8217;a, insanl\u0131k tarihine \u00e7\u0131\u011f\u0131r a\u00e7an Ayd\u0131nlanma d\u00fc\u015f\u00fcncesinin en \u00f6nemli Romantik<span class=\"excerpt-hellip\"> [\u2026]<\/span><\/p>\n","protected":false},"featured_media":0,"template":"","meta":{"_monsterinsights_skip_tracking":false,"_monsterinsights_sitenote_active":false,"_monsterinsights_sitenote_note":"","_monsterinsights_sitenote_category":0},"product_brand":[],"product_cat":[12312,12304],"product_tag":[],"class_list":{"0":"post-704033","1":"product","2":"type-product","3":"status-publish","5":"product_cat-diger","6":"product_cat-tarih","7":"pa_cilt-ciltsiz","8":"pa_tur-kitap","9":"pa_yayinevi-is-bankasi-kultur-yayinlari","10":"pa_yazar-jean-jacques-rousseau","12":"first","13":"instock","14":"sale","15":"shipping-taxable","16":"purchasable","17":"product-type-simple"},"_links":{"self":[{"href":"https:\/\/roveyayinevi.com.tr\/index.php\/wp-json\/wp\/v2\/product\/704033","targetHints":{"allow":["GET"]}}],"collection":[{"href":"https:\/\/roveyayinevi.com.tr\/index.php\/wp-json\/wp\/v2\/product"}],"about":[{"href":"https:\/\/roveyayinevi.com.tr\/index.php\/wp-json\/wp\/v2\/types\/product"}],"wp:attachment":[{"href":"https:\/\/roveyayinevi.com.tr\/index.php\/wp-json\/wp\/v2\/media?parent=704033"}],"wp:term":[{"taxonomy":"product_brand","embeddable":true,"href":"https:\/\/roveyayinevi.com.tr\/index.php\/wp-json\/wp\/v2\/product_brand?post=704033"},{"taxonomy":"product_cat","embeddable":true,"href":"https:\/\/roveyayinevi.com.tr\/index.php\/wp-json\/wp\/v2\/product_cat?post=704033"},{"taxonomy":"product_tag","embeddable":true,"href":"https:\/\/roveyayinevi.com.tr\/index.php\/wp-json\/wp\/v2\/product_tag?post=704033"}],"curies":[{"name":"wp","href":"https:\/\/api.w.org\/{rel}","templated":true}]}}