{"id":704028,"date":"2025-08-27T15:31:28","date_gmt":"2025-08-27T12:31:28","guid":{"rendered":"https:\/\/roveyayinevi.com.tr\/index.php\/urun\/secme-sanati\/"},"modified":"2026-04-16T02:13:06","modified_gmt":"2026-04-15T23:13:06","slug":"secme-sanati","status":"publish","type":"product","link":"https:\/\/roveyayinevi.com.tr\/index.php\/urun\/secme-sanati\/","title":{"rendered":"Se\u00e7me Sanat\u0131"},"content":{"rendered":"<p>C olumbia \u00dcniversitesi profes\u00f6r\u00fc Sheena Iyengar bu kitab\u0131nda \u00e7ok etkileyici sorular soruyor: Se\u00e7imlerimizi tamamen kendi ki\u015fisel \u00f6zelliklerimize dayanarak m\u0131 yapar\u0131z yoksa ald\u0131\u011f\u0131m\u0131z k\u00fclt\u00fcr m\u00fc bize bu se\u00e7imleri yapt\u0131r\u0131r? Neden bazen \u00e7\u0131karlar\u0131m\u0131za apa\u00e7\u0131k \u015fekilde ayk\u0131r\u0131 olan se\u00e7imler yapar\u0131z? \u00c7evremizde olup bitenler ne \u00f6l\u00e7\u00fcde bizim kontrol\u00fcm\u00fcz alt\u0131ndad\u0131r? Se\u00e7me ve \u00f6zg\u00fcrl\u00fck aras\u0131nda ne t\u00fcr bir ili\u015fki vard\u0131r? Geni\u015f kapsaml\u0131 ve \u00f6d\u00fcll\u00fc ara\u015ft\u0131rmalara dayan\u0131larak haz\u0131rlanm\u0131\u015f Se\u00e7me Sanat\u0131 karar vermenin keyifli ve g\u00fc\u00e7 yanlar\u0131na \u0131\u015f\u0131k tutuyor ve her karar\u0131m\u0131zla hayat\u0131m\u0131z\u0131n kalitesini nas\u0131l art\u0131rabilece\u011fimizi g\u00f6steriyor. <\/p>\n","protected":false},"excerpt":{"rendered":"<p>C olumbia \u00dcniversitesi profes\u00f6r\u00fc Sheena Iyengar bu kitab\u0131nda \u00e7ok etkileyici sorular soruyor: Se\u00e7imlerimizi tamamen kendi ki\u015fisel \u00f6zelliklerimize dayanarak m\u0131 yapar\u0131z yoksa ald\u0131\u011f\u0131m\u0131z k\u00fclt\u00fcr m\u00fc bize bu<span class=\"excerpt-hellip\"> [\u2026]<\/span><\/p>\n","protected":false},"featured_media":0,"template":"","meta":{"_monsterinsights_skip_tracking":false,"_monsterinsights_sitenote_active":false,"_monsterinsights_sitenote_note":"","_monsterinsights_sitenote_category":0},"product_brand":[],"product_cat":[12364,12376],"product_tag":[],"class_list":{"0":"post-704028","1":"product","2":"type-product","3":"status-publish","5":"product_cat-genel-konular","6":"product_cat-kisisel-gelisim","7":"pa_cilt-ciltsiz","8":"pa_tur-kitap","9":"pa_yayinevi-omega","10":"pa_yazar-sheena-iyengar","12":"first","13":"instock","14":"sale","15":"shipping-taxable","16":"purchasable","17":"product-type-simple"},"_links":{"self":[{"href":"https:\/\/roveyayinevi.com.tr\/index.php\/wp-json\/wp\/v2\/product\/704028","targetHints":{"allow":["GET"]}}],"collection":[{"href":"https:\/\/roveyayinevi.com.tr\/index.php\/wp-json\/wp\/v2\/product"}],"about":[{"href":"https:\/\/roveyayinevi.com.tr\/index.php\/wp-json\/wp\/v2\/types\/product"}],"wp:attachment":[{"href":"https:\/\/roveyayinevi.com.tr\/index.php\/wp-json\/wp\/v2\/media?parent=704028"}],"wp:term":[{"taxonomy":"product_brand","embeddable":true,"href":"https:\/\/roveyayinevi.com.tr\/index.php\/wp-json\/wp\/v2\/product_brand?post=704028"},{"taxonomy":"product_cat","embeddable":true,"href":"https:\/\/roveyayinevi.com.tr\/index.php\/wp-json\/wp\/v2\/product_cat?post=704028"},{"taxonomy":"product_tag","embeddable":true,"href":"https:\/\/roveyayinevi.com.tr\/index.php\/wp-json\/wp\/v2\/product_tag?post=704028"}],"curies":[{"name":"wp","href":"https:\/\/api.w.org\/{rel}","templated":true}]}}