{"id":704027,"date":"2025-08-27T15:31:27","date_gmt":"2025-08-27T12:31:27","guid":{"rendered":"https:\/\/roveyayinevi.com.tr\/index.php\/urun\/girisimci-isletme\/"},"modified":"2026-04-16T02:13:06","modified_gmt":"2026-04-15T23:13:06","slug":"girisimci-isletme","status":"publish","type":"product","link":"https:\/\/roveyayinevi.com.tr\/index.php\/urun\/girisimci-isletme\/","title":{"rendered":"Giri\u015fimci \u0130\u015fletme"},"content":{"rendered":"<p>\u0130\u00e7inizdeki Giri\u015fimciyi Uyand\u0131r\u0131n kitab\u0131n\u0131n devam\u0131 olan Giri\u015fimci \u0130\u015fletme&#8217;de Michael E. Gerber k\u00fc\u00e7\u00fck i\u015fletmelerin ve i\u015fletmecilerin sorunlar\u0131n\u0131 ve d\u00fcnyas\u0131n\u0131 ne kadar iyi bildi\u011fini ortaya koyuyor. \u0130\u015fletme ve i\u015fletmecili\u011fi bilinen veya geleneksel kal\u0131plar\u0131n\u0131n \u00e7ok d\u0131\u015f\u0131nda ele almas\u0131yla tan\u0131nan Gerber her \u015feyden \u00f6nce iyi bir fikir sahibi olmak gerekti\u011fini vurguluyor: \ufffcTan\u0131t\u0131m Metni<\/p>\n","protected":false},"excerpt":{"rendered":"<p>\u0130\u00e7inizdeki Giri\u015fimciyi Uyand\u0131r\u0131n kitab\u0131n\u0131n devam\u0131 olan Giri\u015fimci \u0130\u015fletme&#8217;de Michael E. Gerber k\u00fc\u00e7\u00fck i\u015fletmelerin ve i\u015fletmecilerin sorunlar\u0131n\u0131 ve d\u00fcnyas\u0131n\u0131 ne kadar iyi bildi\u011fini ortaya koyuyor. \u0130\u015fletme ve<span class=\"excerpt-hellip\"> [\u2026]<\/span><\/p>\n","protected":false},"featured_media":0,"template":"","meta":{"_monsterinsights_skip_tracking":false,"_monsterinsights_sitenote_active":false,"_monsterinsights_sitenote_note":"","_monsterinsights_sitenote_category":0},"product_brand":[],"product_cat":[13043,19008],"product_tag":[],"class_list":{"0":"post-704027","1":"product","2":"type-product","3":"status-publish","5":"product_cat-ekonomi","6":"product_cat-yonetim","7":"pa_tur-kitap","8":"pa_yayinevi-kuraldisi-yayinevi","9":"pa_yazar-michael-e-gerber","11":"first","12":"instock","13":"sale","14":"shipping-taxable","15":"purchasable","16":"product-type-simple"},"_links":{"self":[{"href":"https:\/\/roveyayinevi.com.tr\/index.php\/wp-json\/wp\/v2\/product\/704027","targetHints":{"allow":["GET"]}}],"collection":[{"href":"https:\/\/roveyayinevi.com.tr\/index.php\/wp-json\/wp\/v2\/product"}],"about":[{"href":"https:\/\/roveyayinevi.com.tr\/index.php\/wp-json\/wp\/v2\/types\/product"}],"wp:attachment":[{"href":"https:\/\/roveyayinevi.com.tr\/index.php\/wp-json\/wp\/v2\/media?parent=704027"}],"wp:term":[{"taxonomy":"product_brand","embeddable":true,"href":"https:\/\/roveyayinevi.com.tr\/index.php\/wp-json\/wp\/v2\/product_brand?post=704027"},{"taxonomy":"product_cat","embeddable":true,"href":"https:\/\/roveyayinevi.com.tr\/index.php\/wp-json\/wp\/v2\/product_cat?post=704027"},{"taxonomy":"product_tag","embeddable":true,"href":"https:\/\/roveyayinevi.com.tr\/index.php\/wp-json\/wp\/v2\/product_tag?post=704027"}],"curies":[{"name":"wp","href":"https:\/\/api.w.org\/{rel}","templated":true}]}}