{"id":704014,"date":"2025-08-27T15:31:17","date_gmt":"2025-08-27T12:31:17","guid":{"rendered":"https:\/\/roveyayinevi.com.tr\/index.php\/urun\/suc-ve-ceza-5\/"},"modified":"2026-04-16T02:13:05","modified_gmt":"2026-04-15T23:13:05","slug":"suc-ve-ceza-5","status":"publish","type":"product","link":"https:\/\/roveyayinevi.com.tr\/index.php\/urun\/suc-ve-ceza-5\/","title":{"rendered":"Su\u00e7 ve Ceza"},"content":{"rendered":"<p>Rus edebiyat\u0131n\u0131n en b\u00fcy\u00fcklerinden biri olan Dostoyevski, 1821&#8217;de Moskova&#8217;da do\u011fd\u0131. A\u015fklar\u0131, evlilikleri, Avrupa seyahatleri, kumar tutkusu ve ge\u00e7im s\u0131k\u0131nt\u0131lar\u0131, Turgenyev&#8217;le olan \u00e7eki\u015fmeleriyle ge\u00e7irdi \u00f6mr\u00fcn\u00fc. Atlatt\u0131\u011f\u0131 say\u0131s\u0131z badire ve ya\u015fad\u0131\u011f\u0131 kay\u0131plar onu \u00e7\u00f6kertmi\u015f ama hayattan koparamam\u0131\u015ft\u0131r.\u0130nsano\u011flunun \u00e7ekebilece\u011fi ac\u0131 ve bunal\u0131mlar\u0131n en a\u011f\u0131r ve katlan\u0131lmaz gibi g\u00f6r\u00fcnenlerini, en ince ayr\u0131nt\u0131lar\u0131na dek irdeleyip i\u015fleyen Dostoyevski&#8217;nin bak\u0131\u015flar\u0131ndaki \u00f6l\u00e7\u00fcs\u00fcz sevecenlikte insan\u00fcst\u00fc bir \u00f6zellik vard\u0131r. \u00c7evrenin bask\u0131lar\u0131ndan kurtulmak i\u00e7in gen\u00e7 ya\u015fta kitaplara s\u0131\u011f\u0131nm\u0131\u015f, d\u00fcnya edebiyat\u0131ndan, \u00f6zellikle Romantiklerden etkilenmi\u015ftir.Toplumda \u00f6nemsiz ve kabul g\u00f6rmeyen  ki\u015filerin davran\u0131\u015flar\u0131 alt\u0131nda yatan psikolojik etkilere dikkat \u00e7ekmi\u015ftir. En \u00f6nemli romanlardan biri olan &#8220;Su\u00e7 ve Ceza&#8221;y\u0131 1866&#8217;da yay\u0131mlam\u0131\u015ft\u0131r. Ba\u015fkarakteri Raskolnikov&#8217;u ahlaki bir sorgulama yapmak i\u00e7in cinayete itmi\u015ftir. Roman\u0131 bir cinayet etraf\u0131nda kurmu\u015f, ancak \u00f6ld\u00fcrme eylemini amaca d\u00f6n\u00fc\u015ft\u00fcrmemi\u015ftir. Ayr\u0131ca Hristiyan inanc\u0131na dayal\u0131 Varolu\u015f\u00e7ulu\u011fun izlerinin de bulundu\u011fu romanda, edebiyat tarihinin en sinsi ve k\u00f6t\u00fc karakterlerinden biri olarak kar\u015f\u0131m\u0131za \u00e7\u0131kan Raskolnikov bile sonunda eline ge\u00e7irdi\u011fi ilk f\u0131rsatta ger\u00e7ek sevginin ne oldu\u011funu \u00f6\u011frenecektir. Romandaki ana d\u00fc\u015f\u00fcnce \u00f6zg\u00fcrl\u00fckt\u00fcr, daha do\u011frusu, insan\u0131n nas\u0131l \u00f6zg\u00fcrle\u015febilce\u011fi. Rusya&#8217;daki hayat\u0131, &#8220;Su\u00e7 ve Ceza&#8221;da hi\u00e7bir meslekta\u015f\u0131n\u0131n yapamad\u0131\u011f\u0131 kadar canl\u0131 aktarm\u0131\u015ft\u0131r. Yoksul \u00fcniversite \u00f6\u011frencileri, ailesi taraf\u0131ndan fuhu\u015fa zorlanan kad\u0131nlar, k\u00fc\u00e7\u00fck burjuvalar\u0131n vurdumduymaz ve bo\u015f hayatlar\u0131, polis devletinin yaratt\u0131\u011f\u0131 korkular&#8230;<\/p>\n","protected":false},"excerpt":{"rendered":"<p>Rus edebiyat\u0131n\u0131n en b\u00fcy\u00fcklerinden biri olan Dostoyevski, 1821&#8217;de Moskova&#8217;da do\u011fd\u0131. A\u015fklar\u0131, evlilikleri, Avrupa seyahatleri, kumar tutkusu ve ge\u00e7im s\u0131k\u0131nt\u0131lar\u0131, Turgenyev&#8217;le olan \u00e7eki\u015fmeleriyle ge\u00e7irdi \u00f6mr\u00fcn\u00fc. Atlatt\u0131\u011f\u0131 say\u0131s\u0131z<span class=\"excerpt-hellip\"> [\u2026]<\/span><\/p>\n","protected":false},"featured_media":0,"template":"","meta":{"_monsterinsights_skip_tracking":false,"_monsterinsights_sitenote_active":false,"_monsterinsights_sitenote_note":"","_monsterinsights_sitenote_category":0},"product_brand":[],"product_cat":[12291,13570],"product_tag":[],"class_list":{"0":"post-704014","1":"product","2":"type-product","3":"status-publish","5":"product_cat-edebiyat","6":"product_cat-rus-edebiyati","7":"pa_cilt-ciltsiz","8":"pa_tur-kitap","9":"pa_yayinevi-iskele-yayincilik","10":"pa_yazar-fyodor-mihaylovic-dostoyevski","12":"first","13":"instock","14":"sale","15":"shipping-taxable","16":"purchasable","17":"product-type-simple"},"_links":{"self":[{"href":"https:\/\/roveyayinevi.com.tr\/index.php\/wp-json\/wp\/v2\/product\/704014","targetHints":{"allow":["GET"]}}],"collection":[{"href":"https:\/\/roveyayinevi.com.tr\/index.php\/wp-json\/wp\/v2\/product"}],"about":[{"href":"https:\/\/roveyayinevi.com.tr\/index.php\/wp-json\/wp\/v2\/types\/product"}],"wp:attachment":[{"href":"https:\/\/roveyayinevi.com.tr\/index.php\/wp-json\/wp\/v2\/media?parent=704014"}],"wp:term":[{"taxonomy":"product_brand","embeddable":true,"href":"https:\/\/roveyayinevi.com.tr\/index.php\/wp-json\/wp\/v2\/product_brand?post=704014"},{"taxonomy":"product_cat","embeddable":true,"href":"https:\/\/roveyayinevi.com.tr\/index.php\/wp-json\/wp\/v2\/product_cat?post=704014"},{"taxonomy":"product_tag","embeddable":true,"href":"https:\/\/roveyayinevi.com.tr\/index.php\/wp-json\/wp\/v2\/product_tag?post=704014"}],"curies":[{"name":"wp","href":"https:\/\/api.w.org\/{rel}","templated":true}]}}