{"id":704012,"date":"2025-08-27T15:31:16","date_gmt":"2025-08-27T12:31:16","guid":{"rendered":"https:\/\/roveyayinevi.com.tr\/index.php\/urun\/buyuk-yabanci-dil-delilik-ve-edebiyat-ustune-konusmalar\/"},"modified":"2026-04-16T02:13:05","modified_gmt":"2026-04-15T23:13:05","slug":"buyuk-yabanci-dil-delilik-ve-edebiyat-ustune-konusmalar","status":"publish","type":"product","link":"https:\/\/roveyayinevi.com.tr\/index.php\/urun\/buyuk-yabanci-dil-delilik-ve-edebiyat-ustune-konusmalar\/","title":{"rendered":"B\u00fcy\u00fck Yabanc\u0131: Dil, Delilik ve Edebiyat \u00dcst\u00fcne Konu\u015fmalar"},"content":{"rendered":"<p>Filozoflar\u0131n edebiyat \u00fcst\u00fcne d\u00fc\u015f\u00fcnmeleri her zaman ufuk a\u00e7\u0131c\u0131 ve heyecan verici olmu\u015ftur. \u0130yi bir edebiyat okuru oldu\u011funu bildi\u011fimiz, kitaplar\u0131nda kulland\u0131\u011f\u0131 k\u0131vrak dil hemen fark edilen Foucault, yeni yay\u0131mlanan bu konu\u015fma metinlerinde 1960\u2019larda kafas\u0131n\u0131 en \u00e7ok me\u015fgul eden meselelerden \u00fc\u00e7\u00fcn\u00fc ele al\u0131yor: dil, delilik ve edebiyat. Birinci konu\u015fmada delili\u011fin dil ve edebiyatla kesi\u015fme noktas\u0131 \u00fcst\u00fcnde durduktan sonra, ikinci konu\u015fmada edebiyat\u0131n ve edebiyat eserinin dille ili\u015fkisini yap\u0131salc\u0131lar\u0131n y\u00f6nteminden esinlenen ama ayn\u0131 zamanda ona ele\u015ftirel yakla\u015fan felsefi bir y\u00f6ntemle irdeliyor ve edebiyat ele\u015ftirisinin ufkunda ara\u015ft\u0131r\u0131lmay\u0131 bekleyen konulara i\u015faret ediyor. \u00dc\u00e7\u00fcnc\u00fc konu\u015fmadaysa Sade\u2019\u0131n kurmaca metinlerindeki hakikat iddias\u0131n\u0131n temelini ara\u015ft\u0131rd\u0131ktan sonra, eserlerinde teorik s\u00f6ylevler ile kurmaca sahneler aras\u0131ndaki ili\u015fkiyi oda\u011fa al\u0131yor ve bu s\u00f6ylevlerin edebi ve felsefi i\u015flevini inceliyor. \ufffcTan\u0131t\u0131m Metni<\/p>\n","protected":false},"excerpt":{"rendered":"<p>Filozoflar\u0131n edebiyat \u00fcst\u00fcne d\u00fc\u015f\u00fcnmeleri her zaman ufuk a\u00e7\u0131c\u0131 ve heyecan verici olmu\u015ftur. \u0130yi bir edebiyat okuru oldu\u011funu bildi\u011fimiz, kitaplar\u0131nda kulland\u0131\u011f\u0131 k\u0131vrak dil hemen fark edilen Foucault,<span class=\"excerpt-hellip\"> [\u2026]<\/span><\/p>\n","protected":false},"featured_media":0,"template":"","meta":{"_monsterinsights_skip_tracking":false,"_monsterinsights_sitenote_active":false,"_monsterinsights_sitenote_note":"","_monsterinsights_sitenote_category":0},"product_brand":[],"product_cat":[12777,12291],"product_tag":[],"class_list":{"0":"post-704012","1":"product","2":"type-product","3":"status-publish","5":"product_cat-deneme","6":"product_cat-edebiyat","7":"pa_cilt-ciltsiz","8":"pa_tur-kitap","9":"pa_yayinevi-metis-yayinlari","10":"pa_yazar-michel-foucault","12":"first","13":"instock","14":"sale","15":"shipping-taxable","16":"purchasable","17":"product-type-simple"},"_links":{"self":[{"href":"https:\/\/roveyayinevi.com.tr\/index.php\/wp-json\/wp\/v2\/product\/704012","targetHints":{"allow":["GET"]}}],"collection":[{"href":"https:\/\/roveyayinevi.com.tr\/index.php\/wp-json\/wp\/v2\/product"}],"about":[{"href":"https:\/\/roveyayinevi.com.tr\/index.php\/wp-json\/wp\/v2\/types\/product"}],"wp:attachment":[{"href":"https:\/\/roveyayinevi.com.tr\/index.php\/wp-json\/wp\/v2\/media?parent=704012"}],"wp:term":[{"taxonomy":"product_brand","embeddable":true,"href":"https:\/\/roveyayinevi.com.tr\/index.php\/wp-json\/wp\/v2\/product_brand?post=704012"},{"taxonomy":"product_cat","embeddable":true,"href":"https:\/\/roveyayinevi.com.tr\/index.php\/wp-json\/wp\/v2\/product_cat?post=704012"},{"taxonomy":"product_tag","embeddable":true,"href":"https:\/\/roveyayinevi.com.tr\/index.php\/wp-json\/wp\/v2\/product_tag?post=704012"}],"curies":[{"name":"wp","href":"https:\/\/api.w.org\/{rel}","templated":true}]}}