{"id":704011,"date":"2025-08-27T15:31:15","date_gmt":"2025-08-27T12:31:15","guid":{"rendered":"https:\/\/roveyayinevi.com.tr\/index.php\/urun\/siyonizmin-donusleri\/"},"modified":"2026-04-16T02:13:05","modified_gmt":"2026-04-15T23:13:05","slug":"siyonizmin-donusleri","status":"publish","type":"product","link":"https:\/\/roveyayinevi.com.tr\/index.php\/urun\/siyonizmin-donusleri\/","title":{"rendered":"Siyonizmin D\u00f6n\u00fc\u015fleri"},"content":{"rendered":"<p>Siyonizmin D\u00f6n\u00fc\u015fleri, Siyonist Hareketin ve onun ana \u00fcr\u00fcn\u00fc \u0130srail Devleti&#8217;nin sivri ele\u015ftiriler i\u00e7eren entelekt\u00fcel ve edebi tarihi. Bu kitap Siyonizm ara\u015ft\u0131rmalar\u0131nda bir d\u00f6n\u00fcm noktas\u0131 olu\u015fturuyor. Bu kalabal\u0131k alandaki yazarlar\u0131n \u00e7o\u011fundan farkl\u0131 olarak Gabriel Piterberg hem Siyonistlerin niyetleriyle hem de Filistin&#8217;in yerli halk\u0131n\u0131n \u00fczerindeki bilfiil etkisiyle ilgileniyor. <\/p>\n","protected":false},"excerpt":{"rendered":"<p>Siyonizmin D\u00f6n\u00fc\u015fleri, Siyonist Hareketin ve onun ana \u00fcr\u00fcn\u00fc \u0130srail Devleti&#8217;nin sivri ele\u015ftiriler i\u00e7eren entelekt\u00fcel ve edebi tarihi. Bu kitap Siyonizm ara\u015ft\u0131rmalar\u0131nda bir d\u00f6n\u00fcm noktas\u0131 olu\u015fturuyor. Bu<span class=\"excerpt-hellip\"> [\u2026]<\/span><\/p>\n","protected":false},"featured_media":0,"template":"","meta":{"_monsterinsights_skip_tracking":false,"_monsterinsights_sitenote_active":false,"_monsterinsights_sitenote_note":"","_monsterinsights_sitenote_category":0},"product_brand":[],"product_cat":[13059,12337],"product_tag":[],"class_list":{"0":"post-704011","1":"product","2":"type-product","3":"status-publish","5":"product_cat-diger-politika-siyaset","6":"product_cat-politika-siyaset","7":"pa_tur-kitap","8":"pa_yayinevi-ithaki-yayinlari","9":"pa_yazar-gabriel-piterberg","11":"first","12":"instock","13":"sale","14":"shipping-taxable","15":"purchasable","16":"product-type-simple"},"_links":{"self":[{"href":"https:\/\/roveyayinevi.com.tr\/index.php\/wp-json\/wp\/v2\/product\/704011","targetHints":{"allow":["GET"]}}],"collection":[{"href":"https:\/\/roveyayinevi.com.tr\/index.php\/wp-json\/wp\/v2\/product"}],"about":[{"href":"https:\/\/roveyayinevi.com.tr\/index.php\/wp-json\/wp\/v2\/types\/product"}],"wp:attachment":[{"href":"https:\/\/roveyayinevi.com.tr\/index.php\/wp-json\/wp\/v2\/media?parent=704011"}],"wp:term":[{"taxonomy":"product_brand","embeddable":true,"href":"https:\/\/roveyayinevi.com.tr\/index.php\/wp-json\/wp\/v2\/product_brand?post=704011"},{"taxonomy":"product_cat","embeddable":true,"href":"https:\/\/roveyayinevi.com.tr\/index.php\/wp-json\/wp\/v2\/product_cat?post=704011"},{"taxonomy":"product_tag","embeddable":true,"href":"https:\/\/roveyayinevi.com.tr\/index.php\/wp-json\/wp\/v2\/product_tag?post=704011"}],"curies":[{"name":"wp","href":"https:\/\/api.w.org\/{rel}","templated":true}]}}