{"id":704010,"date":"2025-08-27T15:31:15","date_gmt":"2025-08-27T12:31:15","guid":{"rendered":"https:\/\/roveyayinevi.com.tr\/index.php\/urun\/dis-politikada-hesaplasmak\/"},"modified":"2026-04-16T02:13:05","modified_gmt":"2026-04-15T23:13:05","slug":"dis-politikada-hesaplasmak","status":"publish","type":"product","link":"https:\/\/roveyayinevi.com.tr\/index.php\/urun\/dis-politikada-hesaplasmak\/","title":{"rendered":"D\u0131\u015f Politikada Hesapla\u015fmak"},"content":{"rendered":"<p>T\u00fcrkiye\u2019de askerin sivil siyaset kar\u015f\u0131s\u0131ndaki ayr\u0131cal\u0131kl\u0131 pozisyonu, 1960 darbesi ile ba\u015flam\u0131\u015f ve 2000\u2019lerin ilk on y\u0131l\u0131n\u0131n sonuna kadar kesintisiz bir \u015fekilde devam etmi\u015ftir. Bu ayr\u0131cal\u0131kl\u0131 pozisyonun kurulmas\u0131nda, s\u00fcrd\u00fcr\u00fclmesinde ve restore edilmesinde d\u0131\u015f politika; tehdit, \u00f6teki ve d\u00fc\u015fman gibi kimlik kurucu stratejileri sa\u011flamas\u0131 nedeniyle her zaman kritik bir rol \u00fcstlenmi\u015ftir. Dolay\u0131s\u0131yla, T\u00fcrkiye d\u0131\u015f politikas\u0131n\u0131n 1960 sonras\u0131 tarihi, sivil-asker ili\u015fkileri ekseninde ya\u015fanan g\u00fc\u00e7 m\u00fccadelesinin bir tarihi olarak da okunabilir. <\/p>\n","protected":false},"excerpt":{"rendered":"<p>T\u00fcrkiye\u2019de askerin sivil siyaset kar\u015f\u0131s\u0131ndaki ayr\u0131cal\u0131kl\u0131 pozisyonu, 1960 darbesi ile ba\u015flam\u0131\u015f ve 2000\u2019lerin ilk on y\u0131l\u0131n\u0131n sonuna kadar kesintisiz bir \u015fekilde devam etmi\u015ftir. Bu ayr\u0131cal\u0131kl\u0131 pozisyonun<span class=\"excerpt-hellip\"> [\u2026]<\/span><\/p>\n","protected":false},"featured_media":0,"template":"","meta":{"_monsterinsights_skip_tracking":false,"_monsterinsights_sitenote_active":false,"_monsterinsights_sitenote_note":"","_monsterinsights_sitenote_category":0},"product_brand":[],"product_cat":[12337,17225],"product_tag":[],"class_list":{"0":"post-704010","1":"product","2":"type-product","3":"status-publish","5":"product_cat-politika-siyaset","6":"product_cat-uluslararasi-iliskiler","7":"pa_tur-kitap","8":"pa_yayinevi-etkilesim-yayinlari","9":"pa_yazar-ali-balci","11":"first","12":"instock","13":"sale","14":"shipping-taxable","15":"purchasable","16":"product-type-simple"},"_links":{"self":[{"href":"https:\/\/roveyayinevi.com.tr\/index.php\/wp-json\/wp\/v2\/product\/704010","targetHints":{"allow":["GET"]}}],"collection":[{"href":"https:\/\/roveyayinevi.com.tr\/index.php\/wp-json\/wp\/v2\/product"}],"about":[{"href":"https:\/\/roveyayinevi.com.tr\/index.php\/wp-json\/wp\/v2\/types\/product"}],"wp:attachment":[{"href":"https:\/\/roveyayinevi.com.tr\/index.php\/wp-json\/wp\/v2\/media?parent=704010"}],"wp:term":[{"taxonomy":"product_brand","embeddable":true,"href":"https:\/\/roveyayinevi.com.tr\/index.php\/wp-json\/wp\/v2\/product_brand?post=704010"},{"taxonomy":"product_cat","embeddable":true,"href":"https:\/\/roveyayinevi.com.tr\/index.php\/wp-json\/wp\/v2\/product_cat?post=704010"},{"taxonomy":"product_tag","embeddable":true,"href":"https:\/\/roveyayinevi.com.tr\/index.php\/wp-json\/wp\/v2\/product_tag?post=704010"}],"curies":[{"name":"wp","href":"https:\/\/api.w.org\/{rel}","templated":true}]}}