{"id":704009,"date":"2025-08-27T15:31:14","date_gmt":"2025-08-27T12:31:14","guid":{"rendered":"https:\/\/roveyayinevi.com.tr\/index.php\/urun\/bittigi-yerde-baslar\/"},"modified":"2026-04-16T02:13:05","modified_gmt":"2026-04-15T23:13:05","slug":"bittigi-yerde-baslar","status":"publish","type":"product","link":"https:\/\/roveyayinevi.com.tr\/index.php\/urun\/bittigi-yerde-baslar\/","title":{"rendered":"Bitti\u011fi Yerde Ba\u015flar"},"content":{"rendered":"<p>Bu isimler, 1900 ile 1911 aras\u0131nda do\u011fdular. Hepsi de Osmanl\u0131 kimli\u011fi ta\u015f\u0131maktayd\u0131. Yine hepsi, ilk-orta-liseyi eski yaz\u0131yla okumu\u015ftu. Gen\u00e7liklerinin ilk y\u0131llar\u0131n\u0131 Cumhuriyet \u00f6ncesinde ya\u015fam\u0131\u015flard\u0131. <\/p>\n","protected":false},"excerpt":{"rendered":"<p>Bu isimler, 1900 ile 1911 aras\u0131nda do\u011fdular. Hepsi de Osmanl\u0131 kimli\u011fi ta\u015f\u0131maktayd\u0131. Yine hepsi, ilk-orta-liseyi eski yaz\u0131yla okumu\u015ftu. Gen\u00e7liklerinin ilk y\u0131llar\u0131n\u0131 Cumhuriyet \u00f6ncesinde ya\u015fam\u0131\u015flard\u0131.<\/p>\n","protected":false},"featured_media":0,"template":"","meta":{"_monsterinsights_skip_tracking":false,"_monsterinsights_sitenote_active":false,"_monsterinsights_sitenote_note":"","_monsterinsights_sitenote_category":0},"product_brand":[],"product_cat":[12291,30969],"product_tag":[],"class_list":{"0":"post-704009","1":"product","2":"type-product","3":"status-publish","5":"product_cat-edebiyat","6":"product_cat-soylesi-edebiyat","7":"pa_tur-kitap","8":"pa_yayinevi-bilge-kultur-sanat","9":"pa_yazar-a-yagmur-tunali","11":"first","12":"instock","13":"sale","14":"shipping-taxable","15":"purchasable","16":"product-type-simple"},"_links":{"self":[{"href":"https:\/\/roveyayinevi.com.tr\/index.php\/wp-json\/wp\/v2\/product\/704009","targetHints":{"allow":["GET"]}}],"collection":[{"href":"https:\/\/roveyayinevi.com.tr\/index.php\/wp-json\/wp\/v2\/product"}],"about":[{"href":"https:\/\/roveyayinevi.com.tr\/index.php\/wp-json\/wp\/v2\/types\/product"}],"wp:attachment":[{"href":"https:\/\/roveyayinevi.com.tr\/index.php\/wp-json\/wp\/v2\/media?parent=704009"}],"wp:term":[{"taxonomy":"product_brand","embeddable":true,"href":"https:\/\/roveyayinevi.com.tr\/index.php\/wp-json\/wp\/v2\/product_brand?post=704009"},{"taxonomy":"product_cat","embeddable":true,"href":"https:\/\/roveyayinevi.com.tr\/index.php\/wp-json\/wp\/v2\/product_cat?post=704009"},{"taxonomy":"product_tag","embeddable":true,"href":"https:\/\/roveyayinevi.com.tr\/index.php\/wp-json\/wp\/v2\/product_tag?post=704009"}],"curies":[{"name":"wp","href":"https:\/\/api.w.org\/{rel}","templated":true}]}}