{"id":704006,"date":"2025-08-27T15:31:12","date_gmt":"2025-08-27T12:31:12","guid":{"rendered":"https:\/\/roveyayinevi.com.tr\/index.php\/urun\/basit-bir-es\/"},"modified":"2026-04-16T02:13:05","modified_gmt":"2026-04-15T23:13:05","slug":"basit-bir-es","status":"publish","type":"product","link":"https:\/\/roveyayinevi.com.tr\/index.php\/urun\/basit-bir-es\/","title":{"rendered":"Basit Bir Es"},"content":{"rendered":"<p>E\u011fer, bir k\u0131\u015f sabah\u0131, trenin biriki dakikal\u0131\u011f\u0131na durdu\u011fu uzak bir \u00fclkenin ta\u015fra istasyonundan binen tek yolcu kar\u015f\u0131ndaki bo\u015f koltu\u011fa oturur ve \u00e7antas\u0131ndan senin y\u0131llar \u00f6nce yazd\u0131\u011f\u0131n bir kitab\u0131 \u00e7\u0131kar\u0131p okumaya koyulursa, \u015fa\u015f\u0131rma: Bu sahne ba\u015fka bir yazar taraf\u0131ndan senin i\u00e7in yaz\u0131lm\u0131\u015ft\u0131. <\/p>\n","protected":false},"excerpt":{"rendered":"<p>E\u011fer, bir k\u0131\u015f sabah\u0131, trenin biriki dakikal\u0131\u011f\u0131na durdu\u011fu uzak bir \u00fclkenin ta\u015fra istasyonundan binen tek yolcu kar\u015f\u0131ndaki bo\u015f koltu\u011fa oturur ve \u00e7antas\u0131ndan senin y\u0131llar \u00f6nce yazd\u0131\u011f\u0131n<span class=\"excerpt-hellip\"> [\u2026]<\/span><\/p>\n","protected":false},"featured_media":0,"template":"","meta":{"_monsterinsights_skip_tracking":false,"_monsterinsights_sitenote_active":false,"_monsterinsights_sitenote_note":"","_monsterinsights_sitenote_category":0},"product_brand":[],"product_cat":[12291,12292],"product_tag":[],"class_list":{"0":"post-704006","1":"product","2":"type-product","3":"status-publish","5":"product_cat-edebiyat","6":"product_cat-turk-edebiyati","7":"pa_tur-kitap","8":"pa_yayinevi-kirmizi-kedi-yayinevi","9":"pa_yazar-enis-batur","11":"first","12":"instock","13":"sale","14":"shipping-taxable","15":"purchasable","16":"product-type-simple"},"_links":{"self":[{"href":"https:\/\/roveyayinevi.com.tr\/index.php\/wp-json\/wp\/v2\/product\/704006","targetHints":{"allow":["GET"]}}],"collection":[{"href":"https:\/\/roveyayinevi.com.tr\/index.php\/wp-json\/wp\/v2\/product"}],"about":[{"href":"https:\/\/roveyayinevi.com.tr\/index.php\/wp-json\/wp\/v2\/types\/product"}],"wp:attachment":[{"href":"https:\/\/roveyayinevi.com.tr\/index.php\/wp-json\/wp\/v2\/media?parent=704006"}],"wp:term":[{"taxonomy":"product_brand","embeddable":true,"href":"https:\/\/roveyayinevi.com.tr\/index.php\/wp-json\/wp\/v2\/product_brand?post=704006"},{"taxonomy":"product_cat","embeddable":true,"href":"https:\/\/roveyayinevi.com.tr\/index.php\/wp-json\/wp\/v2\/product_cat?post=704006"},{"taxonomy":"product_tag","embeddable":true,"href":"https:\/\/roveyayinevi.com.tr\/index.php\/wp-json\/wp\/v2\/product_tag?post=704006"}],"curies":[{"name":"wp","href":"https:\/\/api.w.org\/{rel}","templated":true}]}}