{"id":704001,"date":"2025-08-27T15:31:09","date_gmt":"2025-08-27T12:31:09","guid":{"rendered":"https:\/\/roveyayinevi.com.tr\/index.php\/urun\/bes-yildizli-ev\/"},"modified":"2026-04-16T02:13:05","modified_gmt":"2026-04-15T23:13:05","slug":"bes-yildizli-ev","status":"publish","type":"product","link":"https:\/\/roveyayinevi.com.tr\/index.php\/urun\/bes-yildizli-ev\/","title":{"rendered":"Be\u015f Y\u0131ld\u0131zl\u0131 Ev"},"content":{"rendered":"<p>\u00d6yk\u00fc ya\u015famd\u0131r. Bazen \u015fa\u015f\u0131rt\u0131r, bazen d\u00fc\u015f\u00fcnd\u00fcr\u00fcr, en \u00e7ok da g\u00fcld\u00fcr\u00fcr. \u00c7\u00fcnk\u00fc her \u00f6yk\u00fc asl\u0131nda biraz da bizleri anlat\u0131r\u2026 \u00d6yk\u00fcler hayat\u0131 f\u0131s\u0131ldar. Ger\u00e7ekler ve hayaller el ele verip kimi zaman Galapagos kaplumba\u011falar\u0131 kadar uzun ya\u015famay\u0131 arzulayan bir dedenin kimi zaman da apartman hayat\u0131na uyum sa\u011flamaya \u00e7al\u0131\u015fan bir Sivas Kangal\u0131n\u0131n bedeninde v\u00fccut bulurlar\u2026 <\/p>\n","protected":false},"excerpt":{"rendered":"<p>\u00d6yk\u00fc ya\u015famd\u0131r. Bazen \u015fa\u015f\u0131rt\u0131r, bazen d\u00fc\u015f\u00fcnd\u00fcr\u00fcr, en \u00e7ok da g\u00fcld\u00fcr\u00fcr. \u00c7\u00fcnk\u00fc her \u00f6yk\u00fc asl\u0131nda biraz da bizleri anlat\u0131r\u2026 \u00d6yk\u00fcler hayat\u0131 f\u0131s\u0131ldar. Ger\u00e7ekler ve hayaller el ele<span class=\"excerpt-hellip\"> [\u2026]<\/span><\/p>\n","protected":false},"featured_media":0,"template":"","meta":{"_monsterinsights_skip_tracking":false,"_monsterinsights_sitenote_active":false,"_monsterinsights_sitenote_note":"","_monsterinsights_sitenote_category":0},"product_brand":[],"product_cat":[12274,12284],"product_tag":[],"class_list":{"0":"post-704001","1":"product","2":"type-product","3":"status-publish","5":"product_cat-cocuk-ve-genclik-kitaplari","6":"product_cat-hikayeler","7":"pa_tur-kitap","8":"pa_yayinevi-tudem-yayinlari","9":"pa_yazar-pelin-gunes","11":"first","12":"instock","13":"sale","14":"shipping-taxable","15":"purchasable","16":"product-type-simple"},"_links":{"self":[{"href":"https:\/\/roveyayinevi.com.tr\/index.php\/wp-json\/wp\/v2\/product\/704001","targetHints":{"allow":["GET"]}}],"collection":[{"href":"https:\/\/roveyayinevi.com.tr\/index.php\/wp-json\/wp\/v2\/product"}],"about":[{"href":"https:\/\/roveyayinevi.com.tr\/index.php\/wp-json\/wp\/v2\/types\/product"}],"wp:attachment":[{"href":"https:\/\/roveyayinevi.com.tr\/index.php\/wp-json\/wp\/v2\/media?parent=704001"}],"wp:term":[{"taxonomy":"product_brand","embeddable":true,"href":"https:\/\/roveyayinevi.com.tr\/index.php\/wp-json\/wp\/v2\/product_brand?post=704001"},{"taxonomy":"product_cat","embeddable":true,"href":"https:\/\/roveyayinevi.com.tr\/index.php\/wp-json\/wp\/v2\/product_cat?post=704001"},{"taxonomy":"product_tag","embeddable":true,"href":"https:\/\/roveyayinevi.com.tr\/index.php\/wp-json\/wp\/v2\/product_tag?post=704001"}],"curies":[{"name":"wp","href":"https:\/\/api.w.org\/{rel}","templated":true}]}}