{"id":703999,"date":"2025-08-27T15:31:07","date_gmt":"2025-08-27T12:31:07","guid":{"rendered":"https:\/\/roveyayinevi.com.tr\/index.php\/urun\/senlikli-toplum\/"},"modified":"2026-04-16T02:13:05","modified_gmt":"2026-04-15T23:13:05","slug":"senlikli-toplum","status":"publish","type":"product","link":"https:\/\/roveyayinevi.com.tr\/index.php\/urun\/senlikli-toplum\/","title":{"rendered":"\u015eenlikli Toplum"},"content":{"rendered":"<p>Son y\u0131llar\u0131n en radikal yazarlar\u0131ndan Ivan Illich, daha \u00e7ok kurumlara ve kurumla\u015fmaya y\u00f6neltti\u011fi ele\u015ftirileriyle tan\u0131n\u0131yor. E\u011fitim, sa\u011fl\u0131k, politika gibi kurumlar\u0131n insan yarat\u0131c\u0131l\u0131\u011f\u0131n\u0131 \u00f6ld\u00fcrerek insanlar\u0131 kendine ba\u011f\u0131ml\u0131 k\u0131ld\u0131\u011f\u0131n\u0131 savunuyor. \u0130lerleme ve verimlilik ad\u0131na korkun\u00e7 bir \u00fcretim\/t\u00fcketim \u00e7\u0131lg\u0131nl\u0131\u011f\u0131n\u0131n ya\u015fand\u0131\u011f\u0131n\u0131 oysa sanayile\u015fme ve b\u00fcy\u00fcme kavramlar\u0131n\u0131n vazge\u00e7ilmeyecek kavramlar olmad\u0131\u011f\u0131n\u0131 ifade ediyor. \u015eenlikli Toplum\u2019da ise seri \u00fcretim teknolojilerinin, insanlar\u0131 b\u00fcrokrasinin ve makinelerin aksesuarlar\u0131 haline nas\u0131l getirdi\u011fini g\u00f6stererek modern sanayi toplumlar\u0131n\u0131 sorguluyor. Ve ki\u015filer aras\u0131nda \u00f6zerk, yarat\u0131c\u0131 ili\u015fkiler kurulabilmesinde ara\u00e7lar\u0131n rol\u00fcne de\u011finiyor. \u0130nsanlar\u0131n \u00e7al\u0131\u015f\u0131rken zevk almalar\u0131, sevin\u00e7 duymalar\u0131 i\u00e7in ara\u00e7lara h\u00fckmetmeleri gerekti\u011fini belirterek, ara\u00e7lar\u0131n insanlara h\u00fckmetmeye ba\u015flad\u0131\u011f\u0131 noktada b\u00fcy\u00fcmeye kar\u015f\u0131 \u00e7\u0131k\u0131yor. \ufffcTan\u0131t\u0131m Metni<\/p>\n","protected":false},"excerpt":{"rendered":"<p>Son y\u0131llar\u0131n en radikal yazarlar\u0131ndan Ivan Illich, daha \u00e7ok kurumlara ve kurumla\u015fmaya y\u00f6neltti\u011fi ele\u015ftirileriyle tan\u0131n\u0131yor. E\u011fitim, sa\u011fl\u0131k, politika gibi kurumlar\u0131n insan yarat\u0131c\u0131l\u0131\u011f\u0131n\u0131 \u00f6ld\u00fcrerek insanlar\u0131 kendine ba\u011f\u0131ml\u0131<span class=\"excerpt-hellip\"> [\u2026]<\/span><\/p>\n","protected":false},"featured_media":0,"template":"","meta":{"_monsterinsights_skip_tracking":false,"_monsterinsights_sitenote_active":false,"_monsterinsights_sitenote_note":"","_monsterinsights_sitenote_category":0},"product_brand":[],"product_cat":[13633,12324],"product_tag":[],"class_list":{"0":"post-703999","1":"product","2":"type-product","3":"status-publish","5":"product_cat-kultur-ve-bilim","6":"product_cat-sosyoloji","7":"pa_cilt-ciltsiz","8":"pa_tur-kitap","9":"pa_yayinevi-ayrinti-yayinlari","10":"pa_yazar-ivan-illich","12":"first","13":"instock","14":"sale","15":"shipping-taxable","16":"purchasable","17":"product-type-simple"},"_links":{"self":[{"href":"https:\/\/roveyayinevi.com.tr\/index.php\/wp-json\/wp\/v2\/product\/703999","targetHints":{"allow":["GET"]}}],"collection":[{"href":"https:\/\/roveyayinevi.com.tr\/index.php\/wp-json\/wp\/v2\/product"}],"about":[{"href":"https:\/\/roveyayinevi.com.tr\/index.php\/wp-json\/wp\/v2\/types\/product"}],"wp:attachment":[{"href":"https:\/\/roveyayinevi.com.tr\/index.php\/wp-json\/wp\/v2\/media?parent=703999"}],"wp:term":[{"taxonomy":"product_brand","embeddable":true,"href":"https:\/\/roveyayinevi.com.tr\/index.php\/wp-json\/wp\/v2\/product_brand?post=703999"},{"taxonomy":"product_cat","embeddable":true,"href":"https:\/\/roveyayinevi.com.tr\/index.php\/wp-json\/wp\/v2\/product_cat?post=703999"},{"taxonomy":"product_tag","embeddable":true,"href":"https:\/\/roveyayinevi.com.tr\/index.php\/wp-json\/wp\/v2\/product_tag?post=703999"}],"curies":[{"name":"wp","href":"https:\/\/api.w.org\/{rel}","templated":true}]}}