{"id":703998,"date":"2025-08-27T15:31:06","date_gmt":"2025-08-27T12:31:06","guid":{"rendered":"https:\/\/roveyayinevi.com.tr\/index.php\/urun\/geometri\/"},"modified":"2026-04-16T02:13:05","modified_gmt":"2026-04-15T23:13:05","slug":"geometri","status":"publish","type":"product","link":"https:\/\/roveyayinevi.com.tr\/index.php\/urun\/geometri\/","title":{"rendered":"Geometri"},"content":{"rendered":"<p>Bu kitab\u0131 Atat\u00fcrk, \u00f6l\u00fcm\u00fcnden bir bu\u00e7uk y\u0131l kadar \u00f6nce, 3. T\u00fcrk Dil Kurultay\u0131&#8217;ndan hemen sonra, 1936-1937 y\u0131l\u0131 k\u0131\u015f aylar\u0131nda Dolmabah\u00e7e Saray\u0131&#8217;nda kendi eliyle yazm\u0131\u015ft\u0131r. Geometri, eski terimle &#8220;hendese&#8221;, e\u011fitim \u00f6rg\u00fct\u00fcm\u00fczde \u00f6nemli bir yer tuttu\u011fu halde, bunun terim d\u00fczeni \u00e7ok a\u011fdal\u0131 ve \u00e7apra\u015f\u0131kt\u0131. Arap\u00e7a ile Fars\u00e7a okul program\u0131ndan kald\u0131r\u0131lm\u0131\u015f, fakat Arap\u00e7a \u00fczerine kurulmu\u015f olan terimler kalm\u0131\u015ft\u0131.\u0130\u015fte bu k\u00fc\u00e7\u00fck kitapta boyut, uzay, y\u00fczey, d\u00fczey, \u00e7ap, yar\u0131\u00e7ap, kesek, kesit, yay, \u00e7ember, te\u011fet, a\u00e7\u0131, a\u00e7\u0131ortay, i\u00e7ters a\u00e7\u0131, d\u0131\u015fters a\u00e7\u0131, taban, e\u011fik, k\u0131r\u0131k, \u00e7ek\u00fcl, yatay, d\u00fc\u015fey, dikey, y\u00f6nde\u015f, konum, \u00fc\u00e7gen, d\u00f6rtgen, be\u015fgen, k\u00f6\u015fegen, e\u015fkenar, ikizkenar, paralelkenar, yanal, yamuk, art\u0131, eksi, \u00e7arp\u0131, b\u00f6l\u00fc, e\u015fit, toplam, oran, orant\u0131, t\u00fcrev, alan, varsay\u0131, gerek\u00e7e gibi terimler hep bu ama\u00e7la Atat\u00fcrk taraf\u0131ndan t\u00fcretilip konmu\u015ftur.- Ankara, 10 Kas\u0131m 1971 T\u00fcrk Dil Kurumu Ba\u015fuzman\u0131 A. Dila\u00e7ar<\/p>\n","protected":false},"excerpt":{"rendered":"<p>Bu kitab\u0131 Atat\u00fcrk, \u00f6l\u00fcm\u00fcnden bir bu\u00e7uk y\u0131l kadar \u00f6nce, 3. T\u00fcrk Dil Kurultay\u0131&#8217;ndan hemen sonra, 1936-1937 y\u0131l\u0131 k\u0131\u015f aylar\u0131nda Dolmabah\u00e7e Saray\u0131&#8217;nda kendi eliyle yazm\u0131\u015ft\u0131r. Geometri, eski<span class=\"excerpt-hellip\"> [\u2026]<\/span><\/p>\n","protected":false},"featured_media":0,"template":"","meta":{"_monsterinsights_skip_tracking":false,"_monsterinsights_sitenote_active":false,"_monsterinsights_sitenote_note":"","_monsterinsights_sitenote_category":0},"product_brand":[],"product_cat":[12530,12304],"product_tag":[],"class_list":{"0":"post-703998","1":"product","2":"type-product","3":"status-publish","5":"product_cat-mustafa-kemal-ataturk","6":"product_cat-tarih","7":"pa_cilt-ciltsiz","8":"pa_tur-kitap","9":"pa_yayinevi-kaynak-yayinlari","10":"pa_yazar-mustafa-kemal-ataturk","12":"first","13":"instock","14":"sale","15":"shipping-taxable","16":"purchasable","17":"product-type-simple"},"_links":{"self":[{"href":"https:\/\/roveyayinevi.com.tr\/index.php\/wp-json\/wp\/v2\/product\/703998","targetHints":{"allow":["GET"]}}],"collection":[{"href":"https:\/\/roveyayinevi.com.tr\/index.php\/wp-json\/wp\/v2\/product"}],"about":[{"href":"https:\/\/roveyayinevi.com.tr\/index.php\/wp-json\/wp\/v2\/types\/product"}],"wp:attachment":[{"href":"https:\/\/roveyayinevi.com.tr\/index.php\/wp-json\/wp\/v2\/media?parent=703998"}],"wp:term":[{"taxonomy":"product_brand","embeddable":true,"href":"https:\/\/roveyayinevi.com.tr\/index.php\/wp-json\/wp\/v2\/product_brand?post=703998"},{"taxonomy":"product_cat","embeddable":true,"href":"https:\/\/roveyayinevi.com.tr\/index.php\/wp-json\/wp\/v2\/product_cat?post=703998"},{"taxonomy":"product_tag","embeddable":true,"href":"https:\/\/roveyayinevi.com.tr\/index.php\/wp-json\/wp\/v2\/product_tag?post=703998"}],"curies":[{"name":"wp","href":"https:\/\/api.w.org\/{rel}","templated":true}]}}