{"id":703995,"date":"2025-08-27T15:31:04","date_gmt":"2025-08-27T12:31:04","guid":{"rendered":"https:\/\/roveyayinevi.com.tr\/index.php\/urun\/iskender-sezar-paralel-hayatlar\/"},"modified":"2026-04-16T02:13:04","modified_gmt":"2026-04-15T23:13:04","slug":"iskender-sezar-paralel-hayatlar","status":"publish","type":"product","link":"https:\/\/roveyayinevi.com.tr\/index.php\/urun\/iskender-sezar-paralel-hayatlar\/","title":{"rendered":"\u0130skender &#8211; Sezar &#8211; Paralel Hayatlar"},"content":{"rendered":"<p>Plutarkhos (46-119?): Eserleri 16. y\u00fczy\u0131ldan 19. y\u00fczy\u0131la kadar Avrupa\u2019da tarih ve deneme yaz\u0131m\u0131n\u0131 b\u00fcy\u00fck \u00f6l\u00e7\u00fcde etkileyen \u00e7ok verimli bir yazard\u0131r. Plutarkhos\u2019un Lamprias adl\u0131 kataloga g\u00f6re 227 eseri vard\u0131. Ahlak, din, do\u011fa, politika ve sanat \u00fczerine yazd\u0131klar\u0131ndan g\u00fcn\u00fcm\u00fcze ula\u015fanlar Ethika ad\u0131yla an\u0131l\u0131r. Plutarkhos as\u0131l \u00fcn\u00fcn\u00fc Yunan ve Romal\u0131 kahramanlar\u0131 birbiriyle kar\u015f\u0131la\u015ft\u0131rd\u0131\u011f\u0131 Paralel Hayatlar adl\u0131 eseriyle kazanm\u0131\u015ft\u0131r. Bu eserde bir insan\u0131n ki\u015fili\u011finin kendi kaderine ve ba\u015fka insanlar\u0131n ya\u015famlar\u0131na olan etkilerini birbirine ba\u011flanmaya \u00e7al\u0131\u015fm\u0131\u015ft\u0131r. Tarihin en \u00fcnl\u00fc iki askeri \u00f6nderini ele al\u0131p kar\u015f\u0131la\u015ft\u0131ran \u0130skender-Sezar \u00e7ifti Paralel Hayatlar\u2019\u0131n en ilgi \u00e7ekici b\u00f6l\u00fcmlerinden biridir. \ufffcTan\u0131t\u0131m Metni<\/p>\n","protected":false},"excerpt":{"rendered":"<p>Plutarkhos (46-119?): Eserleri 16. y\u00fczy\u0131ldan 19. y\u00fczy\u0131la kadar Avrupa\u2019da tarih ve deneme yaz\u0131m\u0131n\u0131 b\u00fcy\u00fck \u00f6l\u00e7\u00fcde etkileyen \u00e7ok verimli bir yazard\u0131r. Plutarkhos\u2019un Lamprias adl\u0131 kataloga g\u00f6re 227<span class=\"excerpt-hellip\"> [\u2026]<\/span><\/p>\n","protected":false},"featured_media":0,"template":"","meta":{"_monsterinsights_skip_tracking":false,"_monsterinsights_sitenote_active":false,"_monsterinsights_sitenote_note":"","_monsterinsights_sitenote_category":0},"product_brand":[],"product_cat":[12777,12291],"product_tag":[],"class_list":{"0":"post-703995","1":"product","2":"type-product","3":"status-publish","5":"product_cat-deneme","6":"product_cat-edebiyat","7":"pa_cilt-ciltsiz","8":"pa_tur-kitap","9":"pa_yayinevi-is-bankasi-kultur-yayinlari","10":"pa_yazar-plutarkhos","12":"first","13":"instock","14":"sale","15":"shipping-taxable","16":"purchasable","17":"product-type-simple"},"_links":{"self":[{"href":"https:\/\/roveyayinevi.com.tr\/index.php\/wp-json\/wp\/v2\/product\/703995","targetHints":{"allow":["GET"]}}],"collection":[{"href":"https:\/\/roveyayinevi.com.tr\/index.php\/wp-json\/wp\/v2\/product"}],"about":[{"href":"https:\/\/roveyayinevi.com.tr\/index.php\/wp-json\/wp\/v2\/types\/product"}],"wp:attachment":[{"href":"https:\/\/roveyayinevi.com.tr\/index.php\/wp-json\/wp\/v2\/media?parent=703995"}],"wp:term":[{"taxonomy":"product_brand","embeddable":true,"href":"https:\/\/roveyayinevi.com.tr\/index.php\/wp-json\/wp\/v2\/product_brand?post=703995"},{"taxonomy":"product_cat","embeddable":true,"href":"https:\/\/roveyayinevi.com.tr\/index.php\/wp-json\/wp\/v2\/product_cat?post=703995"},{"taxonomy":"product_tag","embeddable":true,"href":"https:\/\/roveyayinevi.com.tr\/index.php\/wp-json\/wp\/v2\/product_tag?post=703995"}],"curies":[{"name":"wp","href":"https:\/\/api.w.org\/{rel}","templated":true}]}}