{"id":703993,"date":"2025-08-27T15:31:03","date_gmt":"2025-08-27T12:31:03","guid":{"rendered":"https:\/\/roveyayinevi.com.tr\/index.php\/urun\/8inci-aliskanlik-butunluge-dogru-aura-kitapligi\/"},"modified":"2026-04-16T02:13:04","modified_gmt":"2026-04-15T23:13:04","slug":"8inci-aliskanlik-butunluge-dogru-aura-kitapligi","status":"publish","type":"product","link":"https:\/\/roveyayinevi.com.tr\/index.php\/urun\/8inci-aliskanlik-butunluge-dogru-aura-kitapligi\/","title":{"rendered":"8&#8217;inci Al\u0131\u015fkanl\u0131k: B\u00fct\u00fcnl\u00fc\u011fe Do\u011fru &#8211; AURA K\u0130TAPLI\u011eI"},"content":{"rendered":"<p>D\u00fcnya \u00e7ap\u0131nda  milyonlarca okura ula\u015fan  Etkili \u0130nsanlar\u0131n 7 Al\u0131\u015fkanl\u0131\u011f\u0131  kitab\u0131n\u0131n yazar\u0131 Stephen R. Covey bu kitab\u0131nda, gerek birey olarak insanlar\u0131n gerekse kurumlar ve \u015firketlerin hayat\u0131nda 8. Al\u0131\u015fkanl\u0131\u011f\u0131n, yani B\u00fct\u00fcnl\u00fc\u011fe Ula\u015fman\u0131n ne kadar \u00f6nemli ve sonu\u00e7 al\u0131c\u0131 oldu\u011funu anlat\u0131yor&#8230; <\/p>\n","protected":false},"excerpt":{"rendered":"<p>D\u00fcnya \u00e7ap\u0131nda milyonlarca okura ula\u015fan Etkili \u0130nsanlar\u0131n 7 Al\u0131\u015fkanl\u0131\u011f\u0131 kitab\u0131n\u0131n yazar\u0131 Stephen R. Covey bu kitab\u0131nda, gerek birey olarak insanlar\u0131n gerekse kurumlar ve \u015firketlerin hayat\u0131nda 8.<span class=\"excerpt-hellip\"> [\u2026]<\/span><\/p>\n","protected":false},"featured_media":0,"template":"","meta":{"_monsterinsights_skip_tracking":false,"_monsterinsights_sitenote_active":false,"_monsterinsights_sitenote_note":"","_monsterinsights_sitenote_category":0},"product_brand":[],"product_cat":[12364,12376],"product_tag":[],"class_list":{"0":"post-703993","1":"product","2":"type-product","3":"status-publish","5":"product_cat-genel-konular","6":"product_cat-kisisel-gelisim","7":"pa_tur-kitap","8":"pa_yayinevi-aura-kitaplari","9":"pa_yazar-stephen-r-covey","11":"first","12":"instock","13":"sale","14":"shipping-taxable","15":"purchasable","16":"product-type-simple"},"_links":{"self":[{"href":"https:\/\/roveyayinevi.com.tr\/index.php\/wp-json\/wp\/v2\/product\/703993","targetHints":{"allow":["GET"]}}],"collection":[{"href":"https:\/\/roveyayinevi.com.tr\/index.php\/wp-json\/wp\/v2\/product"}],"about":[{"href":"https:\/\/roveyayinevi.com.tr\/index.php\/wp-json\/wp\/v2\/types\/product"}],"wp:attachment":[{"href":"https:\/\/roveyayinevi.com.tr\/index.php\/wp-json\/wp\/v2\/media?parent=703993"}],"wp:term":[{"taxonomy":"product_brand","embeddable":true,"href":"https:\/\/roveyayinevi.com.tr\/index.php\/wp-json\/wp\/v2\/product_brand?post=703993"},{"taxonomy":"product_cat","embeddable":true,"href":"https:\/\/roveyayinevi.com.tr\/index.php\/wp-json\/wp\/v2\/product_cat?post=703993"},{"taxonomy":"product_tag","embeddable":true,"href":"https:\/\/roveyayinevi.com.tr\/index.php\/wp-json\/wp\/v2\/product_tag?post=703993"}],"curies":[{"name":"wp","href":"https:\/\/api.w.org\/{rel}","templated":true}]}}