{"id":703992,"date":"2025-08-27T15:31:02","date_gmt":"2025-08-27T12:31:02","guid":{"rendered":"https:\/\/roveyayinevi.com.tr\/index.php\/urun\/amak-i-hayal-tam-metin\/"},"modified":"2026-04-16T02:13:04","modified_gmt":"2026-04-15T23:13:04","slug":"amak-i-hayal-tam-metin","status":"publish","type":"product","link":"https:\/\/roveyayinevi.com.tr\/index.php\/urun\/amak-i-hayal-tam-metin\/","title":{"rendered":"A&#8217;mak-\u0131 Hayal (Tam Metin)"},"content":{"rendered":"<p>A\u2018mak-\u0131 Hayal, yazar\u0131n \u201chakikat\u201d konusundaki kanaatini dile getiren ve daha \u00e7ok \u201cvahdet-i v\u00fccud\u201d fikrinin hakim oldu\u011fu tasavvuf\u00ee ve ahlaki bir romand\u0131r. Eserdeki olaylar mezarl\u0131ktaki bir kul\u00fcbede ya\u015fayan Aynal\u0131 Baba ile Raci aras\u0131nda ge\u00e7mektedir. A\u2018mak-\u0131 Hayal isimli bu romanda, hakikate susam\u0131\u015f bir ruhun, onu aramak i\u00e7in manevi alemlerde yapt\u0131\u011f\u0131 seyahatler anlat\u0131lmaktad\u0131r. Roman kahraman\u0131 Raci\u2019nin \u015fahs\u0131nda felsefenin insan\u0131 mutlulu\u011fa ula\u015ft\u0131rmayaca\u011f\u0131 anlat\u0131lmaya \u00e7al\u0131\u015f\u0131lmaktad\u0131r. <\/p>\n","protected":false},"excerpt":{"rendered":"<p>A\u2018mak-\u0131 Hayal, yazar\u0131n \u201chakikat\u201d konusundaki kanaatini dile getiren ve daha \u00e7ok \u201cvahdet-i v\u00fccud\u201d fikrinin hakim oldu\u011fu tasavvuf\u00ee ve ahlaki bir romand\u0131r. Eserdeki olaylar mezarl\u0131ktaki bir kul\u00fcbede<span class=\"excerpt-hellip\"> [\u2026]<\/span><\/p>\n","protected":false},"featured_media":0,"template":"","meta":{"_monsterinsights_skip_tracking":false,"_monsterinsights_sitenote_active":false,"_monsterinsights_sitenote_note":"","_monsterinsights_sitenote_category":0},"product_brand":[],"product_cat":[12291,12292],"product_tag":[],"class_list":{"0":"post-703992","1":"product","2":"type-product","3":"status-publish","5":"product_cat-edebiyat","6":"product_cat-turk-edebiyati","7":"pa_tur-kitap","8":"pa_yayinevi-bilge-kultur-sanat","9":"pa_yazar-sehbenderzade-filibeli-ahmed-hilmi","11":"first","12":"instock","13":"sale","14":"shipping-taxable","15":"purchasable","16":"product-type-simple"},"_links":{"self":[{"href":"https:\/\/roveyayinevi.com.tr\/index.php\/wp-json\/wp\/v2\/product\/703992","targetHints":{"allow":["GET"]}}],"collection":[{"href":"https:\/\/roveyayinevi.com.tr\/index.php\/wp-json\/wp\/v2\/product"}],"about":[{"href":"https:\/\/roveyayinevi.com.tr\/index.php\/wp-json\/wp\/v2\/types\/product"}],"wp:attachment":[{"href":"https:\/\/roveyayinevi.com.tr\/index.php\/wp-json\/wp\/v2\/media?parent=703992"}],"wp:term":[{"taxonomy":"product_brand","embeddable":true,"href":"https:\/\/roveyayinevi.com.tr\/index.php\/wp-json\/wp\/v2\/product_brand?post=703992"},{"taxonomy":"product_cat","embeddable":true,"href":"https:\/\/roveyayinevi.com.tr\/index.php\/wp-json\/wp\/v2\/product_cat?post=703992"},{"taxonomy":"product_tag","embeddable":true,"href":"https:\/\/roveyayinevi.com.tr\/index.php\/wp-json\/wp\/v2\/product_tag?post=703992"}],"curies":[{"name":"wp","href":"https:\/\/api.w.org\/{rel}","templated":true}]}}