{"id":703991,"date":"2025-08-27T15:31:01","date_gmt":"2025-08-27T12:31:01","guid":{"rendered":"https:\/\/roveyayinevi.com.tr\/index.php\/urun\/cinsel-devrim\/"},"modified":"2026-02-03T02:21:51","modified_gmt":"2026-02-02T23:21:51","slug":"cinsel-devrim","status":"publish","type":"product","link":"https:\/\/roveyayinevi.com.tr\/index.php\/urun\/cinsel-devrim\/","title":{"rendered":"Cinsel Devrim"},"content":{"rendered":"<p>Bu kitapta Wilhelm Reich mevcut cinsel ko\u015fullara ve \u00e7at\u0131\u015fmalara ili\u015fkin ele\u015ftirilerini \u00f6zetliyor; ele\u015ftirileri cinsel ekonomi alan\u0131nda uzun y\u0131llara dayanan doktorluk deneyimlerinin sonucudur. G\u00fcn\u00fcm\u00fcz cinsel ya\u015fam\u0131ndaki \u00e7at\u0131\u015fmalar\u0131n temel \u00f6zelliklerini bireysel \u00f6rneklerle g\u00f6steriyor ve \u00f6zellikle evlilik kurumunu, aile ya\u015fam\u0131ndaki devrimi, keza \u00e7ocuk ve gen\u00e7lik cinselli\u011fini ele al\u0131yor. Reich ayr\u0131ca Sovyet Rusya\u2019daki ekonomik devrimin ilk y\u0131llar\u0131nda ger\u00e7ekle\u015fen k\u0131sa s\u00fcreli cinsel devrimin ayr\u0131nt\u0131l\u0131 ve ayd\u0131nlat\u0131c\u0131 bir incelemesini sunuyor. \ufffcTan\u0131t\u0131m Metni<\/p>\n","protected":false},"excerpt":{"rendered":"<p>Bu kitapta Wilhelm Reich mevcut cinsel ko\u015fullara ve \u00e7at\u0131\u015fmalara ili\u015fkin ele\u015ftirilerini \u00f6zetliyor; ele\u015ftirileri cinsel ekonomi alan\u0131nda uzun y\u0131llara dayanan doktorluk deneyimlerinin sonucudur. G\u00fcn\u00fcm\u00fcz cinsel ya\u015fam\u0131ndaki \u00e7at\u0131\u015fmalar\u0131n<span class=\"excerpt-hellip\"> [\u2026]<\/span><\/p>\n","protected":false},"featured_media":0,"template":"","meta":{"_monsterinsights_skip_tracking":false,"_monsterinsights_sitenote_active":false,"_monsterinsights_sitenote_note":"","_monsterinsights_sitenote_category":0},"product_brand":[],"product_cat":[20502,12357],"product_tag":[],"class_list":{"0":"post-703991","1":"product","2":"type-product","3":"status-publish","5":"product_cat-basvuru-kitaplari-psikoloji","6":"product_cat-psikoloji","7":"pa_tur-kitap","8":"pa_yayinevi-cem-yayinevi","9":"pa_yazar-wilhelm-reich","11":"first","12":"instock","13":"sale","14":"shipping-taxable","15":"purchasable","16":"product-type-simple"},"_links":{"self":[{"href":"https:\/\/roveyayinevi.com.tr\/index.php\/wp-json\/wp\/v2\/product\/703991","targetHints":{"allow":["GET"]}}],"collection":[{"href":"https:\/\/roveyayinevi.com.tr\/index.php\/wp-json\/wp\/v2\/product"}],"about":[{"href":"https:\/\/roveyayinevi.com.tr\/index.php\/wp-json\/wp\/v2\/types\/product"}],"wp:attachment":[{"href":"https:\/\/roveyayinevi.com.tr\/index.php\/wp-json\/wp\/v2\/media?parent=703991"}],"wp:term":[{"taxonomy":"product_brand","embeddable":true,"href":"https:\/\/roveyayinevi.com.tr\/index.php\/wp-json\/wp\/v2\/product_brand?post=703991"},{"taxonomy":"product_cat","embeddable":true,"href":"https:\/\/roveyayinevi.com.tr\/index.php\/wp-json\/wp\/v2\/product_cat?post=703991"},{"taxonomy":"product_tag","embeddable":true,"href":"https:\/\/roveyayinevi.com.tr\/index.php\/wp-json\/wp\/v2\/product_tag?post=703991"}],"curies":[{"name":"wp","href":"https:\/\/api.w.org\/{rel}","templated":true}]}}