{"id":703990,"date":"2025-08-27T15:31:01","date_gmt":"2025-08-27T12:31:01","guid":{"rendered":"https:\/\/roveyayinevi.com.tr\/index.php\/urun\/sesler\/"},"modified":"2026-04-16T02:13:04","modified_gmt":"2026-04-15T23:13:04","slug":"sesler","status":"publish","type":"product","link":"https:\/\/roveyayinevi.com.tr\/index.php\/urun\/sesler\/","title":{"rendered":"Sesler"},"content":{"rendered":"<p>\u015eiddet, ho\u015fg\u00f6r\u00fcs\u00fczl\u00fck ve yaz\u0131l\u0131 s\u00f6ze tam bir d\u00fc\u015fmanl\u0131k kar\u015f\u0131s\u0131nda s\u00fcrd\u00fcr\u00fclmeye \u00e7al\u0131\u015f\u0131lan g\u00fcnl\u00fck hayat, hi\u00e7 bitmeyecekmi\u015f gibi duran bir i\u015fgal&#8230; Ama onlar\u0131 yok etmenin tek yolu bilgilerini yok etmektir ve bilgiyi koruyanlar vard\u0131r. Ursula K. Le Guin\u2019in devaml\u0131 okuyucular\u0131 daha \u00f6nce yay\u0131mlad\u0131\u011f\u0131m\u0131z Marifetler\u2019de tan\u0131\u015ft\u0131klar\u0131 karakterleri de fark edecekler Sesler\u2019de. S\u0131rada ise G\u00fc\u00e7ler var. \ufffcTan\u0131t\u0131m Metni<\/p>\n","protected":false},"excerpt":{"rendered":"<p>\u015eiddet, ho\u015fg\u00f6r\u00fcs\u00fczl\u00fck ve yaz\u0131l\u0131 s\u00f6ze tam bir d\u00fc\u015fmanl\u0131k kar\u015f\u0131s\u0131nda s\u00fcrd\u00fcr\u00fclmeye \u00e7al\u0131\u015f\u0131lan g\u00fcnl\u00fck hayat, hi\u00e7 bitmeyecekmi\u015f gibi duran bir i\u015fgal&#8230; Ama onlar\u0131 yok etmenin tek yolu bilgilerini<span class=\"excerpt-hellip\"> [\u2026]<\/span><\/p>\n","protected":false},"featured_media":0,"template":"","meta":{"_monsterinsights_skip_tracking":false,"_monsterinsights_sitenote_active":false,"_monsterinsights_sitenote_note":"","_monsterinsights_sitenote_category":0},"product_brand":[],"product_cat":[12291,14777],"product_tag":[],"class_list":{"0":"post-703990","1":"product","2":"type-product","3":"status-publish","5":"product_cat-edebiyat","6":"product_cat-fantastik","7":"pa_cilt-ciltsiz","8":"pa_tur-kitap","9":"pa_yayinevi-metis-yayinlari","10":"pa_yazar-ursula-k-le-guin","12":"first","13":"instock","14":"sale","15":"shipping-taxable","16":"purchasable","17":"product-type-simple"},"_links":{"self":[{"href":"https:\/\/roveyayinevi.com.tr\/index.php\/wp-json\/wp\/v2\/product\/703990","targetHints":{"allow":["GET"]}}],"collection":[{"href":"https:\/\/roveyayinevi.com.tr\/index.php\/wp-json\/wp\/v2\/product"}],"about":[{"href":"https:\/\/roveyayinevi.com.tr\/index.php\/wp-json\/wp\/v2\/types\/product"}],"wp:attachment":[{"href":"https:\/\/roveyayinevi.com.tr\/index.php\/wp-json\/wp\/v2\/media?parent=703990"}],"wp:term":[{"taxonomy":"product_brand","embeddable":true,"href":"https:\/\/roveyayinevi.com.tr\/index.php\/wp-json\/wp\/v2\/product_brand?post=703990"},{"taxonomy":"product_cat","embeddable":true,"href":"https:\/\/roveyayinevi.com.tr\/index.php\/wp-json\/wp\/v2\/product_cat?post=703990"},{"taxonomy":"product_tag","embeddable":true,"href":"https:\/\/roveyayinevi.com.tr\/index.php\/wp-json\/wp\/v2\/product_tag?post=703990"}],"curies":[{"name":"wp","href":"https:\/\/api.w.org\/{rel}","templated":true}]}}