{"id":703989,"date":"2025-08-27T15:31:00","date_gmt":"2025-08-27T12:31:00","guid":{"rendered":"https:\/\/roveyayinevi.com.tr\/index.php\/urun\/turkiye-cografyasi\/"},"modified":"2026-04-16T02:13:04","modified_gmt":"2026-04-15T23:13:04","slug":"turkiye-cografyasi","status":"publish","type":"product","link":"https:\/\/roveyayinevi.com.tr\/index.php\/urun\/turkiye-cografyasi\/","title":{"rendered":"T\u00fcrkiye Co\u011frafyas\u0131"},"content":{"rendered":"<p>T\u00fcrkiye co\u011frafyas\u0131 \u00fczerine yaz\u0131lm\u0131\u015f bu kitap, klasik anlamda bir co\u011frafya kitab\u0131 de\u011fil. \u00dclkenin fiziki \u00f6zelliklerinin yan\u0131 s\u0131ra be\u015feri co\u011frafyas\u0131n\u0131, toplumsal niteliklerini; Osmanl\u0131 \u0130mparatorlu\u011fu\u2019ndan cumhuriyete ge\u00e7i\u015f, askeri darbeler gibi T\u00fcrkiye\u2019nin ve bulundu\u011fu co\u011frafyan\u0131n yap\u0131s\u0131n\u0131 derinden etkileyen olaylarla birlikte ge\u00e7irdi\u011fi ve ge\u00e7irmeye devam etti\u011fi tarihsel d\u00f6n\u00fc\u015f\u00fcmleri de inceliyor. G\u00f6\u00e7, n\u00fcfus, istihdam, e\u011fitim, sanayi, turizm, \u00fcretim, siyaset, ekonomi, din, i\u00e7 \u00e7at\u0131\u015fmalar gibi konular\u0131 ele al\u0131yor, T\u00fcrkiye\u2019nin \u00e7ok tart\u0131\u015f\u0131lan \u201cgeli\u015fimi\u201d ile ilgili analizlerde bulunuyor. <\/p>\n","protected":false},"excerpt":{"rendered":"<p>T\u00fcrkiye co\u011frafyas\u0131 \u00fczerine yaz\u0131lm\u0131\u015f bu kitap, klasik anlamda bir co\u011frafya kitab\u0131 de\u011fil. \u00dclkenin fiziki \u00f6zelliklerinin yan\u0131 s\u0131ra be\u015feri co\u011frafyas\u0131n\u0131, toplumsal niteliklerini; Osmanl\u0131 \u0130mparatorlu\u011fu\u2019ndan cumhuriyete ge\u00e7i\u015f, askeri<span class=\"excerpt-hellip\"> [\u2026]<\/span><\/p>\n","protected":false},"featured_media":0,"template":"","meta":{"_monsterinsights_skip_tracking":false,"_monsterinsights_sitenote_active":false,"_monsterinsights_sitenote_note":"","_monsterinsights_sitenote_category":0},"product_brand":[],"product_cat":[12325,12324],"product_tag":[],"class_list":{"0":"post-703989","1":"product","2":"type-product","3":"status-publish","5":"product_cat-diger-sosyoloji","6":"product_cat-sosyoloji","7":"pa_tur-kitap","8":"pa_yayinevi-iletisim-yayinlari","9":"pa_yazar-marcel-bazin","10":"pa_yazar-stephane-de-tapia","12":"first","13":"instock","14":"sale","15":"shipping-taxable","16":"purchasable","17":"product-type-simple"},"_links":{"self":[{"href":"https:\/\/roveyayinevi.com.tr\/index.php\/wp-json\/wp\/v2\/product\/703989","targetHints":{"allow":["GET"]}}],"collection":[{"href":"https:\/\/roveyayinevi.com.tr\/index.php\/wp-json\/wp\/v2\/product"}],"about":[{"href":"https:\/\/roveyayinevi.com.tr\/index.php\/wp-json\/wp\/v2\/types\/product"}],"wp:attachment":[{"href":"https:\/\/roveyayinevi.com.tr\/index.php\/wp-json\/wp\/v2\/media?parent=703989"}],"wp:term":[{"taxonomy":"product_brand","embeddable":true,"href":"https:\/\/roveyayinevi.com.tr\/index.php\/wp-json\/wp\/v2\/product_brand?post=703989"},{"taxonomy":"product_cat","embeddable":true,"href":"https:\/\/roveyayinevi.com.tr\/index.php\/wp-json\/wp\/v2\/product_cat?post=703989"},{"taxonomy":"product_tag","embeddable":true,"href":"https:\/\/roveyayinevi.com.tr\/index.php\/wp-json\/wp\/v2\/product_tag?post=703989"}],"curies":[{"name":"wp","href":"https:\/\/api.w.org\/{rel}","templated":true}]}}