{"id":703985,"date":"2025-08-27T15:30:57","date_gmt":"2025-08-27T12:30:57","guid":{"rendered":"https:\/\/roveyayinevi.com.tr\/index.php\/urun\/gencleri-anlamak\/"},"modified":"2026-04-16T02:13:04","modified_gmt":"2026-04-15T23:13:04","slug":"gencleri-anlamak","status":"publish","type":"product","link":"https:\/\/roveyayinevi.com.tr\/index.php\/urun\/gencleri-anlamak\/","title":{"rendered":"Gen\u00e7leri Anlamak"},"content":{"rendered":"<p>Hi\u00e7bir ku\u015fak, ard\u0131ndan gelen ku\u015faklar\u0131n geli\u015fiminden pek ho\u015fnut kalmam\u0131\u015f, o ku\u015fakla ilgili olumlu duygu ve d\u00fc\u015f\u00fcncelere sahip olmam\u0131\u015ft\u0131r. Bunun bir nedeni, yeti\u015fkinlerin \u201cergenli\u011fin do\u011fas\u0131\u201dn\u0131 kavramakta yetersiz kalmalar\u0131 ve kendi gen\u00e7lik d\u00f6nemlerini unutmalar\u0131d\u0131r. Bir ba\u015fka nedeni ise yeti\u015fkinlerin, bug\u00fcn\u00fcn gen\u00e7li\u011fini hala eski \u00f6l\u00e7\u00fclere g\u00f6re de\u011ferlendirme yanl\u0131\u015f\u0131n\u0131 yapmalar\u0131d\u0131r. \ufffcTan\u0131t\u0131m Metni<\/p>\n","protected":false},"excerpt":{"rendered":"<p>Hi\u00e7bir ku\u015fak, ard\u0131ndan gelen ku\u015faklar\u0131n geli\u015fiminden pek ho\u015fnut kalmam\u0131\u015f, o ku\u015fakla ilgili olumlu duygu ve d\u00fc\u015f\u00fcncelere sahip olmam\u0131\u015ft\u0131r. Bunun bir nedeni, yeti\u015fkinlerin \u201cergenli\u011fin do\u011fas\u0131\u201dn\u0131 kavramakta yetersiz<span class=\"excerpt-hellip\"> [\u2026]<\/span><\/p>\n","protected":false},"featured_media":0,"template":"","meta":{"_monsterinsights_skip_tracking":false,"_monsterinsights_sitenote_active":false,"_monsterinsights_sitenote_note":"","_monsterinsights_sitenote_category":0},"product_brand":[],"product_cat":[12679,12357],"product_tag":[],"class_list":{"0":"post-703985","1":"product","2":"type-product","3":"status-publish","5":"product_cat-cocuk-psikolojisi","6":"product_cat-psikoloji","7":"pa_cilt-ciltsiz","8":"pa_tur-kitap","9":"pa_yayinevi-remzi-kitabevi","10":"pa_yazar-haluk-yavuzer","12":"first","13":"instock","14":"sale","15":"shipping-taxable","16":"purchasable","17":"product-type-simple"},"_links":{"self":[{"href":"https:\/\/roveyayinevi.com.tr\/index.php\/wp-json\/wp\/v2\/product\/703985","targetHints":{"allow":["GET"]}}],"collection":[{"href":"https:\/\/roveyayinevi.com.tr\/index.php\/wp-json\/wp\/v2\/product"}],"about":[{"href":"https:\/\/roveyayinevi.com.tr\/index.php\/wp-json\/wp\/v2\/types\/product"}],"wp:attachment":[{"href":"https:\/\/roveyayinevi.com.tr\/index.php\/wp-json\/wp\/v2\/media?parent=703985"}],"wp:term":[{"taxonomy":"product_brand","embeddable":true,"href":"https:\/\/roveyayinevi.com.tr\/index.php\/wp-json\/wp\/v2\/product_brand?post=703985"},{"taxonomy":"product_cat","embeddable":true,"href":"https:\/\/roveyayinevi.com.tr\/index.php\/wp-json\/wp\/v2\/product_cat?post=703985"},{"taxonomy":"product_tag","embeddable":true,"href":"https:\/\/roveyayinevi.com.tr\/index.php\/wp-json\/wp\/v2\/product_tag?post=703985"}],"curies":[{"name":"wp","href":"https:\/\/api.w.org\/{rel}","templated":true}]}}