{"id":703983,"date":"2025-08-27T15:30:56","date_gmt":"2025-08-27T12:30:56","guid":{"rendered":"https:\/\/roveyayinevi.com.tr\/index.php\/urun\/fikir-hareketleri-ve-liberal-dusunce-toplulugu\/"},"modified":"2026-04-16T02:13:04","modified_gmt":"2026-04-15T23:13:04","slug":"fikir-hareketleri-ve-liberal-dusunce-toplulugu","status":"publish","type":"product","link":"https:\/\/roveyayinevi.com.tr\/index.php\/urun\/fikir-hareketleri-ve-liberal-dusunce-toplulugu\/","title":{"rendered":"Fikir Hareketleri ve Liberal D\u00fc\u015f\u00fcnce Toplulu\u011fu"},"content":{"rendered":"<p>Fikir serdetmek me\u015fakkatli bir i\u015f; beyninizi bir mengene misali s\u0131k\u0131\u015ft\u0131ran, sorular\u0131n\u0131za verdi\u011fi cevaplar\u0131 sizi tatmin etmekten fersah fersah uzak olan cari fikirlerin tahakk\u00fcm\u00fcnden, albenisinden ve ilikleri de\u011fin zerketti\u011fi esriklikten kurtulup &#8220;Hay\u0131r, ben b\u00f6yle d\u00fc\u015f\u00fcnm\u00fcyorum!&#8221; demek, hakiki bir cesaret gerektirir. Hele bir de serdetti\u011finiz bu fikir cari d\u00fc\u015f\u00fcnce piyasas\u0131nda bir c\u00fczzaml\u0131 muamelesi g\u00f6r\u00fcyorsa, i\u015finiz daha da zorla\u015f\u0131r; a\u011fz\u0131n\u0131z\u0131 a\u00e7t\u0131\u011f\u0131n\u0131zda ciddiyetten uzak iddialarla ve tacizlerle suturulmaya \u00e7al\u0131\u015f\u0131l\u0131rs\u0131n\u0131z. Aynen klasik liberal, liberteryen fikir adamlar\u0131n\u0131n, neredeyse b\u00fct\u00fcn bir 20. y\u00fczy\u0131l boyunca, sadece T\u00fcrkiye`de de\u011fil, b\u00fct\u00fcn d\u00fcnya sath\u0131nda maruz kald\u0131klar\u0131 gibi&#8230; Liberal D\u00fc\u015f\u00fcnce toplulu\u011fu 1992 y\u0131l\u0131nda kuruldu\u011fu g\u00fcnden bu yana fikir h\u00fcrriyeti, birey haklar\u0131, serbest piyasa ekonomisi gibi evrensel de\u011ferleri savunmu\u015f ve bunlar\u0131n ehemmiyetini &#8220;dili d\u00f6nd\u00fc\u011f\u00fcnce&#8221; anlatmaya \u00e7al\u0131\u015fm\u0131\u015ft\u0131r. Siyasi bir cereyan\u0131n boyunduru\u011funa girmeden anlamaya, \u00f6\u011frenmeye niyetli herkese kap\u0131lar\u0131n\u0131 sonuna kadar a\u00e7m\u0131\u015ft\u0131r. Liberalizmi ve Liberal D\u00fc\u015f\u00fcnce Toplulu\u011funu merak edenlere&#8230; Fikir Hareketleri ve Liberal D\u00fc\u015f\u00fcnce Toplulu\u011fu <\/p>\n","protected":false},"excerpt":{"rendered":"<p>Fikir serdetmek me\u015fakkatli bir i\u015f; beyninizi bir mengene misali s\u0131k\u0131\u015ft\u0131ran, sorular\u0131n\u0131za verdi\u011fi cevaplar\u0131 sizi tatmin etmekten fersah fersah uzak olan cari fikirlerin tahakk\u00fcm\u00fcnden, albenisinden ve ilikleri<span class=\"excerpt-hellip\"> [\u2026]<\/span><\/p>\n","protected":false},"featured_media":0,"template":"","meta":{"_monsterinsights_skip_tracking":false,"_monsterinsights_sitenote_active":false,"_monsterinsights_sitenote_note":"","_monsterinsights_sitenote_category":0},"product_brand":[],"product_cat":[12965,12337],"product_tag":[],"class_list":{"0":"post-703983","1":"product","2":"type-product","3":"status-publish","5":"product_cat-genel-politika","6":"product_cat-politika-siyaset","7":"pa_cilt-ciltsiz","8":"pa_tur-kitap","9":"pa_yayinevi-liberte-yayinlari","10":"pa_yazar-atilla-yayla","12":"first","13":"instock","14":"sale","15":"shipping-taxable","16":"purchasable","17":"product-type-simple"},"_links":{"self":[{"href":"https:\/\/roveyayinevi.com.tr\/index.php\/wp-json\/wp\/v2\/product\/703983","targetHints":{"allow":["GET"]}}],"collection":[{"href":"https:\/\/roveyayinevi.com.tr\/index.php\/wp-json\/wp\/v2\/product"}],"about":[{"href":"https:\/\/roveyayinevi.com.tr\/index.php\/wp-json\/wp\/v2\/types\/product"}],"wp:attachment":[{"href":"https:\/\/roveyayinevi.com.tr\/index.php\/wp-json\/wp\/v2\/media?parent=703983"}],"wp:term":[{"taxonomy":"product_brand","embeddable":true,"href":"https:\/\/roveyayinevi.com.tr\/index.php\/wp-json\/wp\/v2\/product_brand?post=703983"},{"taxonomy":"product_cat","embeddable":true,"href":"https:\/\/roveyayinevi.com.tr\/index.php\/wp-json\/wp\/v2\/product_cat?post=703983"},{"taxonomy":"product_tag","embeddable":true,"href":"https:\/\/roveyayinevi.com.tr\/index.php\/wp-json\/wp\/v2\/product_tag?post=703983"}],"curies":[{"name":"wp","href":"https:\/\/api.w.org\/{rel}","templated":true}]}}