{"id":703982,"date":"2025-08-27T15:30:55","date_gmt":"2025-08-27T12:30:55","guid":{"rendered":"https:\/\/roveyayinevi.com.tr\/index.php\/urun\/agit-toplumu\/"},"modified":"2026-04-16T02:13:04","modified_gmt":"2026-04-15T23:13:04","slug":"agit-toplumu","status":"publish","type":"product","link":"https:\/\/roveyayinevi.com.tr\/index.php\/urun\/agit-toplumu\/","title":{"rendered":"A\u011f\u0131t Toplumu"},"content":{"rendered":"<p>A\u011f\u0131t, insan\u0131m\u0131z\u0131n ya\u015fam gere\u011fidir, duyarl\u0131\u011f\u0131, de\u011fer verme erdemidir; direncinin ezgiye d\u00f6n\u00fc\u015fen bilincidir. A\u011f\u0131t, \u00f6l\u00fcm \u00fczerine s\u00f6ylenir. Ya\u015fl\u0131 \u00f6l\u00fcmlerinde a\u011f\u0131da sessizlik egemendir, \u015fiwan&#8217;a durulmaz. Ama bir yi\u011fit vurulmaya, bir gelin murada ermeden u\u00e7up gitmeye g\u00f6rs\u00fcn, yaln\u0131zca kad\u0131nlar a\u011flamaz, kurtlar ku\u015flar, da\u011flar ta\u015flar a\u011f\u0131da durur.<\/p>\n","protected":false},"excerpt":{"rendered":"<p>A\u011f\u0131t, insan\u0131m\u0131z\u0131n ya\u015fam gere\u011fidir, duyarl\u0131\u011f\u0131, de\u011fer verme erdemidir; direncinin ezgiye d\u00f6n\u00fc\u015fen bilincidir. A\u011f\u0131t, \u00f6l\u00fcm \u00fczerine s\u00f6ylenir. Ya\u015fl\u0131 \u00f6l\u00fcmlerinde a\u011f\u0131da sessizlik egemendir, \u015fiwan&#8217;a durulmaz. Ama bir yi\u011fit<span class=\"excerpt-hellip\"> [\u2026]<\/span><\/p>\n","protected":false},"featured_media":0,"template":"","meta":{"_monsterinsights_skip_tracking":false,"_monsterinsights_sitenote_active":false,"_monsterinsights_sitenote_note":"","_monsterinsights_sitenote_category":0},"product_brand":[],"product_cat":[12777,12291],"product_tag":[],"class_list":{"0":"post-703982","1":"product","2":"type-product","3":"status-publish","5":"product_cat-deneme","6":"product_cat-edebiyat","7":"pa_cilt-ciltsiz","8":"pa_tur-kitap","9":"pa_yayinevi-can-yayinlari","10":"pa_yazar-adnan-binyazar","12":"first","13":"instock","14":"sale","15":"shipping-taxable","16":"purchasable","17":"product-type-simple"},"_links":{"self":[{"href":"https:\/\/roveyayinevi.com.tr\/index.php\/wp-json\/wp\/v2\/product\/703982","targetHints":{"allow":["GET"]}}],"collection":[{"href":"https:\/\/roveyayinevi.com.tr\/index.php\/wp-json\/wp\/v2\/product"}],"about":[{"href":"https:\/\/roveyayinevi.com.tr\/index.php\/wp-json\/wp\/v2\/types\/product"}],"wp:attachment":[{"href":"https:\/\/roveyayinevi.com.tr\/index.php\/wp-json\/wp\/v2\/media?parent=703982"}],"wp:term":[{"taxonomy":"product_brand","embeddable":true,"href":"https:\/\/roveyayinevi.com.tr\/index.php\/wp-json\/wp\/v2\/product_brand?post=703982"},{"taxonomy":"product_cat","embeddable":true,"href":"https:\/\/roveyayinevi.com.tr\/index.php\/wp-json\/wp\/v2\/product_cat?post=703982"},{"taxonomy":"product_tag","embeddable":true,"href":"https:\/\/roveyayinevi.com.tr\/index.php\/wp-json\/wp\/v2\/product_tag?post=703982"}],"curies":[{"name":"wp","href":"https:\/\/api.w.org\/{rel}","templated":true}]}}