{"id":703981,"date":"2025-08-27T15:30:54","date_gmt":"2025-08-27T12:30:54","guid":{"rendered":"https:\/\/roveyayinevi.com.tr\/index.php\/urun\/kolelik-donemeci\/"},"modified":"2026-04-16T02:13:04","modified_gmt":"2026-04-15T23:13:04","slug":"kolelik-donemeci","status":"publish","type":"product","link":"https:\/\/roveyayinevi.com.tr\/index.php\/urun\/kolelik-donemeci\/","title":{"rendered":"K\u00f6lelik D\u00f6nemeci"},"content":{"rendered":"<p>K\u00f6lelik D\u00f6nemeci, 18. y\u00fczy\u0131l sonlar\u0131nda ata yurtlar\u0131 Kafkasya&#8217;da K\u0131r\u0131m hanlar\u0131na ba\u011fl\u0131 olarak \u00f6zg\u00fcr bir ya\u015fam s\u00fcren Abhaz ve Ad\u0131ga \u00c7erkeslerinin, romanda b\u00fct\u00fcn renkleriyle dile getirilen \u00f6zg\u00fcn ya\u015fam tarzlar\u0131n\u0131n \u00e7\u00f6z\u00fcl\u00fc\u015f\u00fcn\u00fcn hikayesi. 1774&#8217;te K\u00fc\u00e7\u00fck Kaynarca Antla\u015fmas\u0131&#8217;ndan sonra K\u0131r\u0131m&#8217;\u0131n Rus etkisine girmesinden endi\u015felenen baz\u0131 \u00c7erkes boylar\u0131n\u0131n Ruslara kar\u015f\u0131 Osmanl\u0131lardan yard\u0131m istemesi sonun ba\u015flang\u0131c\u0131 olur. Osmanl\u0131lar, So\u011fucak muhaf\u0131zl\u0131\u011f\u0131na atad\u0131klar\u0131 Ferah Ali Pa\u015fa arac\u0131l\u0131\u011f\u0131yla  da\u011fl\u0131 ve vah\u015fi  \u00c7erkesleri M\u00fcsl\u00fcmanla\u015ft\u0131rarak  medenile\u015ftirmek , b\u00f6ylece kendilerine ba\u011flayarak Kuzey Karadeniz&#8217;e egemen olmak isteyen Rusya&#8217;ya kar\u015f\u0131 kullanmak istemektedirler. Ancak baz\u0131 \u00c7erkes boylar\u0131 geleneksel ya\u015fam tarzlar\u0131na bir tehdit olarak g\u00f6rd\u00fckleri M\u00fcsl\u00fcmanla\u015ft\u0131rma \u00e7abalar\u0131na endi\u015feyle bakmaktad\u0131r. <\/p>\n","protected":false},"excerpt":{"rendered":"<p>K\u00f6lelik D\u00f6nemeci, 18. y\u00fczy\u0131l sonlar\u0131nda ata yurtlar\u0131 Kafkasya&#8217;da K\u0131r\u0131m hanlar\u0131na ba\u011fl\u0131 olarak \u00f6zg\u00fcr bir ya\u015fam s\u00fcren Abhaz ve Ad\u0131ga \u00c7erkeslerinin, romanda b\u00fct\u00fcn renkleriyle dile getirilen \u00f6zg\u00fcn<span class=\"excerpt-hellip\"> [\u2026]<\/span><\/p>\n","protected":false},"featured_media":0,"template":"","meta":{"_monsterinsights_skip_tracking":false,"_monsterinsights_sitenote_active":false,"_monsterinsights_sitenote_note":"","_monsterinsights_sitenote_category":0},"product_brand":[],"product_cat":[12291,12711],"product_tag":[],"class_list":{"0":"post-703981","1":"product","2":"type-product","3":"status-publish","5":"product_cat-edebiyat","6":"product_cat-roman-oyku","7":"pa_cilt-ciltsiz","8":"pa_tur-kitap","9":"pa_yayinevi-can-yayinlari","10":"pa_yazar-kemal-bilbasar","12":"first","13":"instock","14":"sale","15":"shipping-taxable","16":"purchasable","17":"product-type-simple"},"_links":{"self":[{"href":"https:\/\/roveyayinevi.com.tr\/index.php\/wp-json\/wp\/v2\/product\/703981","targetHints":{"allow":["GET"]}}],"collection":[{"href":"https:\/\/roveyayinevi.com.tr\/index.php\/wp-json\/wp\/v2\/product"}],"about":[{"href":"https:\/\/roveyayinevi.com.tr\/index.php\/wp-json\/wp\/v2\/types\/product"}],"wp:attachment":[{"href":"https:\/\/roveyayinevi.com.tr\/index.php\/wp-json\/wp\/v2\/media?parent=703981"}],"wp:term":[{"taxonomy":"product_brand","embeddable":true,"href":"https:\/\/roveyayinevi.com.tr\/index.php\/wp-json\/wp\/v2\/product_brand?post=703981"},{"taxonomy":"product_cat","embeddable":true,"href":"https:\/\/roveyayinevi.com.tr\/index.php\/wp-json\/wp\/v2\/product_cat?post=703981"},{"taxonomy":"product_tag","embeddable":true,"href":"https:\/\/roveyayinevi.com.tr\/index.php\/wp-json\/wp\/v2\/product_tag?post=703981"}],"curies":[{"name":"wp","href":"https:\/\/api.w.org\/{rel}","templated":true}]}}