{"id":703978,"date":"2025-08-27T15:30:52","date_gmt":"2025-08-27T12:30:52","guid":{"rendered":"https:\/\/roveyayinevi.com.tr\/index.php\/urun\/sanatta-postmodern-kirilmalar\/"},"modified":"2026-01-29T02:24:02","modified_gmt":"2026-01-28T23:24:02","slug":"sanatta-postmodern-kirilmalar","status":"publish","type":"product","link":"https:\/\/roveyayinevi.com.tr\/index.php\/urun\/sanatta-postmodern-kirilmalar\/","title":{"rendered":"Sanatta Postmodern K\u0131r\u0131lmalar"},"content":{"rendered":"<p>G\u00fcn\u00fcm\u00fcz sanat\u0131, bir yandan \u00fcretim bi\u00e7imi olarak son k\u0131rk-elli y\u0131la yay\u0131lan ileri d\u00fczeyli teknolojik yeniliklerden pay\u0131n\u0131 al\u0131rken, \u00f6te yandan da Modernizm\u2019in ortaya koydu\u011fu evren alg\u0131lamas\u0131yla hesapla\u015fan bir dizi k\u0131r\u0131lmay\u0131 b\u00fcnyesinde bar\u0131nd\u0131r\u0131yor. Bu hesapla\u015fma, Modernizm\u2019in evrensellik, biriciklik, orijinallik ve aidiyet meselelerini sorgularken, yerine merkezin \u00f6teledi\u011fi mikro s\u00f6ylemleri ve politikalar\u0131, t\u00fcrler aras\u0131ndaki ayr\u0131mlar\u0131n dumura u\u011frat\u0131ld\u0131\u011f\u0131 pl\u00fcralist bir d\u00fcnya alg\u0131s\u0131n\u0131 ve m\u00fcellefin\/sanat\u00e7\u0131n\u0131n \u00f6l\u00fcm\u00fcn\u00fc ilan eden teorik altyap\u0131lar\u0131 yerle\u015ftiriyor.Sanat kurumunun, m\u00fczelerin ve beyaz k\u00fcp galerilerin y\u0131k\u0131m\u0131na soyunmu\u015f avangard \u00e7\u0131k\u0131\u015flar, bir \u015fekilde pazar\u0131n i\u015fleyi\u015fine teslim olurken, epeyce bir s\u00fcredir esteti\u011fin bir kriz i\u00e7inde oldu\u011fu s\u00f6yleniyor ve sanat\u00e7\u0131lar\u0131n simgesel sermayeden pay almaks\u0131z\u0131n k\u00fcresel bir dola\u015f\u0131ma girmelerinin olanaks\u0131zl\u0131\u011f\u0131 dile getiriliyor.\u00d6te yandan postmodern s\u00fcre\u00e7te sanat\u0131n \u00e7ok y\u00f6nl\u00fc, \u00e7ok dilli yap\u0131s\u0131; dilsel, performatif ve kavramsal \u00f6nermelerin, teknolojik yeniliklerle uzam ve zaman alg\u0131s\u0131nda k\u00f6kl\u00fc de\u011fi\u015fimler sunan sofistike d\u00fczeneklerin t\u00fcm\u00fcn\u00fc birden i\u00e7eren par\u00e7al\u0131, karma\u015f\u0131k ve eklemli bir yap\u0131la\u015fmay\u0131 g\u00f6r\u00fcn\u00fcr k\u0131l\u0131yor.Postmodern K\u0131r\u0131lmalar, \u00f6zellikle sanattaki modern sonras\u0131 paradigma de\u011fi\u015fimine odaklan\u0131yor ve g\u00fcn\u00fcm\u00fcz sanat\u0131n\u0131n uygulay\u0131msal ve d\u00fc\u015f\u00fcnsel s\u00fcre\u00e7lerini irdeliyor. <\/p>\n","protected":false},"excerpt":{"rendered":"<p>G\u00fcn\u00fcm\u00fcz sanat\u0131, bir yandan \u00fcretim bi\u00e7imi olarak son k\u0131rk-elli y\u0131la yay\u0131lan ileri d\u00fczeyli teknolojik yeniliklerden pay\u0131n\u0131 al\u0131rken, \u00f6te yandan da Modernizm\u2019in ortaya koydu\u011fu evren alg\u0131lamas\u0131yla hesapla\u015fan<span class=\"excerpt-hellip\"> [\u2026]<\/span><\/p>\n","protected":false},"featured_media":0,"template":"","meta":{"_monsterinsights_skip_tracking":false,"_monsterinsights_sitenote_active":false,"_monsterinsights_sitenote_note":"","_monsterinsights_sitenote_category":0},"product_brand":[],"product_cat":[22066,13527],"product_tag":[],"class_list":{"0":"post-703978","1":"product","2":"type-product","3":"status-publish","5":"product_cat-sanat-sureli-yayinlar","6":"product_cat-sureli-yayinlar","7":"pa_cilt-ciltsiz","8":"pa_tur-kitap","9":"pa_yayinevi-utopya-yayinevi","10":"pa_yazar-rifat-sahiner","12":"first","13":"instock","14":"sale","15":"shipping-taxable","16":"purchasable","17":"product-type-simple"},"_links":{"self":[{"href":"https:\/\/roveyayinevi.com.tr\/index.php\/wp-json\/wp\/v2\/product\/703978","targetHints":{"allow":["GET"]}}],"collection":[{"href":"https:\/\/roveyayinevi.com.tr\/index.php\/wp-json\/wp\/v2\/product"}],"about":[{"href":"https:\/\/roveyayinevi.com.tr\/index.php\/wp-json\/wp\/v2\/types\/product"}],"wp:attachment":[{"href":"https:\/\/roveyayinevi.com.tr\/index.php\/wp-json\/wp\/v2\/media?parent=703978"}],"wp:term":[{"taxonomy":"product_brand","embeddable":true,"href":"https:\/\/roveyayinevi.com.tr\/index.php\/wp-json\/wp\/v2\/product_brand?post=703978"},{"taxonomy":"product_cat","embeddable":true,"href":"https:\/\/roveyayinevi.com.tr\/index.php\/wp-json\/wp\/v2\/product_cat?post=703978"},{"taxonomy":"product_tag","embeddable":true,"href":"https:\/\/roveyayinevi.com.tr\/index.php\/wp-json\/wp\/v2\/product_tag?post=703978"}],"curies":[{"name":"wp","href":"https:\/\/api.w.org\/{rel}","templated":true}]}}