{"id":703977,"date":"2025-08-27T15:30:52","date_gmt":"2025-08-27T12:30:52","guid":{"rendered":"https:\/\/roveyayinevi.com.tr\/index.php\/urun\/sosyal-guvenlik-hukuku\/"},"modified":"2026-04-16T02:13:04","modified_gmt":"2026-04-15T23:13:04","slug":"sosyal-guvenlik-hukuku","status":"publish","type":"product","link":"https:\/\/roveyayinevi.com.tr\/index.php\/urun\/sosyal-guvenlik-hukuku\/","title":{"rendered":"Sosyal G\u00fcvenlik Hukuku"},"content":{"rendered":"<p>Sosyal g\u00fcvenlik, ki\u015filere, insan \u015feref ve haysiyetine uygun ya\u015fay\u0131\u015f seviyesi i\u00e7in gerekli ve yeterli mali imk\u00e2nlardan yoksun kald\u0131klar\u0131 i\u015fsizlik, hastal\u0131k, anal\u0131k, sakatl\u0131k, ya\u015fl\u0131l\u0131k gibi kanunla d\u00fczenlenen belirli hallerde, kanunda hak olarak \u00f6ng\u00f6r\u00fclen kar\u015f\u0131l\u0131ks\u0131z, katk\u0131 kar\u015f\u0131l\u0131\u011f\u0131 veya \u00f6d\u00fcn\u00e7 \u015feklindeki desteklerin kamu kurum ve kurulu\u015flar\u0131nca sa\u011flanmas\u0131d\u0131r. <\/p>\n","protected":false},"excerpt":{"rendered":"<p>Sosyal g\u00fcvenlik, ki\u015filere, insan \u015feref ve haysiyetine uygun ya\u015fay\u0131\u015f seviyesi i\u00e7in gerekli ve yeterli mali imk\u00e2nlardan yoksun kald\u0131klar\u0131 i\u015fsizlik, hastal\u0131k, anal\u0131k, sakatl\u0131k, ya\u015fl\u0131l\u0131k gibi kanunla d\u00fczenlenen<span class=\"excerpt-hellip\"> [\u2026]<\/span><\/p>\n","protected":false},"featured_media":0,"template":"","meta":{"_monsterinsights_skip_tracking":false,"_monsterinsights_sitenote_active":false,"_monsterinsights_sitenote_note":"","_monsterinsights_sitenote_category":0},"product_brand":[],"product_cat":[15351,15350],"product_tag":[],"class_list":{"0":"post-703977","1":"product","2":"type-product","3":"status-publish","5":"product_cat-ders-kitaplari","6":"product_cat-hukuk","7":"pa_tur-kitap","8":"pa_yayinevi-otuken-nesriyat","9":"pa_yazar-h-fehim-ucisik","11":"first","12":"instock","13":"sale","14":"shipping-taxable","15":"purchasable","16":"product-type-simple"},"_links":{"self":[{"href":"https:\/\/roveyayinevi.com.tr\/index.php\/wp-json\/wp\/v2\/product\/703977","targetHints":{"allow":["GET"]}}],"collection":[{"href":"https:\/\/roveyayinevi.com.tr\/index.php\/wp-json\/wp\/v2\/product"}],"about":[{"href":"https:\/\/roveyayinevi.com.tr\/index.php\/wp-json\/wp\/v2\/types\/product"}],"wp:attachment":[{"href":"https:\/\/roveyayinevi.com.tr\/index.php\/wp-json\/wp\/v2\/media?parent=703977"}],"wp:term":[{"taxonomy":"product_brand","embeddable":true,"href":"https:\/\/roveyayinevi.com.tr\/index.php\/wp-json\/wp\/v2\/product_brand?post=703977"},{"taxonomy":"product_cat","embeddable":true,"href":"https:\/\/roveyayinevi.com.tr\/index.php\/wp-json\/wp\/v2\/product_cat?post=703977"},{"taxonomy":"product_tag","embeddable":true,"href":"https:\/\/roveyayinevi.com.tr\/index.php\/wp-json\/wp\/v2\/product_tag?post=703977"}],"curies":[{"name":"wp","href":"https:\/\/api.w.org\/{rel}","templated":true}]}}