{"id":703975,"date":"2025-08-27T15:30:50","date_gmt":"2025-08-27T12:30:50","guid":{"rendered":"https:\/\/roveyayinevi.com.tr\/index.php\/urun\/holografik-evren\/"},"modified":"2026-04-16T02:13:04","modified_gmt":"2026-04-15T23:13:04","slug":"holografik-evren","status":"publish","type":"product","link":"https:\/\/roveyayinevi.com.tr\/index.php\/urun\/holografik-evren\/","title":{"rendered":"Holografik Evren"},"content":{"rendered":"<p>Lazer \u0131\u015f\u0131nlar\u0131 yard\u0131m\u0131yla bo\u015flu\u011fa yans\u0131t\u0131lan \u00fc\u00e7 boyutlu imgeler olan hologramlar\u0131 bug\u00fcn herkes biliyor. D\u00fcnyan\u0131n en sayg\u0131n bilimadamlar\u0131ndan ikisi, Einstein\u2019\u0131n \u00f6\u011frencisi ve Londra \u00dcniversitesi \u00f6\u011fretim \u00fcyesi kuantum fizik\u00e7isi David Bohm ile modern beyin anlay\u0131\u015f\u0131m\u0131z\u0131n mimarlar\u0131ndan Stanford \u00dcniversitesi n\u00f6rofizyolo\u011fu Karl Pribram evrenin bir hologram yani kelimenin tam manas\u0131yla insan beyni taraf\u0131ndan yarat\u0131lm\u0131\u015f bir imge olabilece\u011fini d\u00fc\u015f\u00fcnmektedirler. Bu \u00e7ok \u00e7arp\u0131c\u0131 yeni evren anlay\u0131\u015f\u0131 sadece bir\u00e7ok fizik bilmecesini \u00e7\u00f6zmekle kalm\u0131yor, telepati, v\u00fccut d\u0131\u015f\u0131 deneyim ve \u00f6l\u00fcme yak\u0131n deneyim gibi gizemli olaylara, hatta kozmik birlik ve mucizevi iyile\u015fme gibi dinsel ve mistik deneyimlere de a\u00e7\u0131kl\u0131k getiriyor. \ufffcTan\u0131t\u0131m Metni<\/p>\n","protected":false},"excerpt":{"rendered":"<p>Lazer \u0131\u015f\u0131nlar\u0131 yard\u0131m\u0131yla bo\u015flu\u011fa yans\u0131t\u0131lan \u00fc\u00e7 boyutlu imgeler olan hologramlar\u0131 bug\u00fcn herkes biliyor. D\u00fcnyan\u0131n en sayg\u0131n bilimadamlar\u0131ndan ikisi, Einstein\u2019\u0131n \u00f6\u011frencisi ve Londra \u00dcniversitesi \u00f6\u011fretim \u00fcyesi kuantum<span class=\"excerpt-hellip\"> [\u2026]<\/span><\/p>\n","protected":false},"featured_media":0,"template":"","meta":{"_monsterinsights_skip_tracking":false,"_monsterinsights_sitenote_active":false,"_monsterinsights_sitenote_note":"","_monsterinsights_sitenote_category":0},"product_brand":[],"product_cat":[13005,13006],"product_tag":[],"class_list":{"0":"post-703975","1":"product","2":"type-product","3":"status-publish","5":"product_cat-bilim-muhendislik","6":"product_cat-populer-bilim","7":"pa_cilt-ciltsiz","8":"pa_tur-kitap","9":"pa_yayinevi-omega","10":"pa_yazar-michael-talbot","12":"first","13":"instock","14":"sale","15":"shipping-taxable","16":"purchasable","17":"product-type-simple"},"_links":{"self":[{"href":"https:\/\/roveyayinevi.com.tr\/index.php\/wp-json\/wp\/v2\/product\/703975","targetHints":{"allow":["GET"]}}],"collection":[{"href":"https:\/\/roveyayinevi.com.tr\/index.php\/wp-json\/wp\/v2\/product"}],"about":[{"href":"https:\/\/roveyayinevi.com.tr\/index.php\/wp-json\/wp\/v2\/types\/product"}],"wp:attachment":[{"href":"https:\/\/roveyayinevi.com.tr\/index.php\/wp-json\/wp\/v2\/media?parent=703975"}],"wp:term":[{"taxonomy":"product_brand","embeddable":true,"href":"https:\/\/roveyayinevi.com.tr\/index.php\/wp-json\/wp\/v2\/product_brand?post=703975"},{"taxonomy":"product_cat","embeddable":true,"href":"https:\/\/roveyayinevi.com.tr\/index.php\/wp-json\/wp\/v2\/product_cat?post=703975"},{"taxonomy":"product_tag","embeddable":true,"href":"https:\/\/roveyayinevi.com.tr\/index.php\/wp-json\/wp\/v2\/product_tag?post=703975"}],"curies":[{"name":"wp","href":"https:\/\/api.w.org\/{rel}","templated":true}]}}