{"id":703974,"date":"2025-08-27T15:30:50","date_gmt":"2025-08-27T12:30:50","guid":{"rendered":"https:\/\/roveyayinevi.com.tr\/index.php\/urun\/katip-bartleby-billy-budd\/"},"modified":"2026-04-16T02:13:04","modified_gmt":"2026-04-15T23:13:04","slug":"katip-bartleby-billy-budd","status":"publish","type":"product","link":"https:\/\/roveyayinevi.com.tr\/index.php\/urun\/katip-bartleby-billy-budd\/","title":{"rendered":"Katip Bartleby &#8211; Billy Budd"},"content":{"rendered":"<p>19. y\u00fczy\u0131l New York\u2019unda, Wall Street\u2019teki hukuk b\u00fcrosunda \u00e7al\u0131\u015fan tuhaf katip Bartleby\u2019nin ya\u015fam \u00f6yk\u00fcs\u00fcd\u00fcr bu. Huysuz katibin hayat\u0131n\u0131 sekteye u\u011fratan \u201c\u00f6zelli\u011fi\u201d, \u201cyapmamay\u0131 tercih etmesi\u201ddir. Bartleby\u2019nin kay\u0131ts\u0131zl\u0131\u011f\u0131 g\u00fcn ge\u00e7tik\u00e7e artarken patronunu da i\u00e7inden \u00e7\u0131k\u0131lmaz dertlere s\u00fcr\u00fckler. Abs\u00fcrdizmin ve modernizmin ba\u015fyap\u0131tlar\u0131ndan Katip Bartleby, Amerikan edebiyat\u0131n\u0131n da k\u00fclt metinlerinden biridir. Herman Melville, bu eserinde \u00f6zg\u00fcr iradenin s\u0131n\u0131rlar\u0131n\u0131 \u00e7izer. <\/p>\n","protected":false},"excerpt":{"rendered":"<p>19. y\u00fczy\u0131l New York\u2019unda, Wall Street\u2019teki hukuk b\u00fcrosunda \u00e7al\u0131\u015fan tuhaf katip Bartleby\u2019nin ya\u015fam \u00f6yk\u00fcs\u00fcd\u00fcr bu. Huysuz katibin hayat\u0131n\u0131 sekteye u\u011fratan \u201c\u00f6zelli\u011fi\u201d, \u201cyapmamay\u0131 tercih etmesi\u201ddir. Bartleby\u2019nin kay\u0131ts\u0131zl\u0131\u011f\u0131<span class=\"excerpt-hellip\"> [\u2026]<\/span><\/p>\n","protected":false},"featured_media":0,"template":"","meta":{"_monsterinsights_skip_tracking":false,"_monsterinsights_sitenote_active":false,"_monsterinsights_sitenote_note":"","_monsterinsights_sitenote_category":0},"product_brand":[],"product_cat":[12891,12291],"product_tag":[],"class_list":{"0":"post-703974","1":"product","2":"type-product","3":"status-publish","5":"product_cat-amerikan-edebiyati","6":"product_cat-edebiyat","7":"pa_tur-kitap","8":"pa_yayinevi-timas-yayinlari","9":"pa_yazar-herman-melville","11":"first","12":"instock","13":"sale","14":"shipping-taxable","15":"purchasable","16":"product-type-simple"},"_links":{"self":[{"href":"https:\/\/roveyayinevi.com.tr\/index.php\/wp-json\/wp\/v2\/product\/703974","targetHints":{"allow":["GET"]}}],"collection":[{"href":"https:\/\/roveyayinevi.com.tr\/index.php\/wp-json\/wp\/v2\/product"}],"about":[{"href":"https:\/\/roveyayinevi.com.tr\/index.php\/wp-json\/wp\/v2\/types\/product"}],"wp:attachment":[{"href":"https:\/\/roveyayinevi.com.tr\/index.php\/wp-json\/wp\/v2\/media?parent=703974"}],"wp:term":[{"taxonomy":"product_brand","embeddable":true,"href":"https:\/\/roveyayinevi.com.tr\/index.php\/wp-json\/wp\/v2\/product_brand?post=703974"},{"taxonomy":"product_cat","embeddable":true,"href":"https:\/\/roveyayinevi.com.tr\/index.php\/wp-json\/wp\/v2\/product_cat?post=703974"},{"taxonomy":"product_tag","embeddable":true,"href":"https:\/\/roveyayinevi.com.tr\/index.php\/wp-json\/wp\/v2\/product_tag?post=703974"}],"curies":[{"name":"wp","href":"https:\/\/api.w.org\/{rel}","templated":true}]}}