{"id":703973,"date":"2025-08-27T15:30:49","date_gmt":"2025-08-27T12:30:49","guid":{"rendered":"https:\/\/roveyayinevi.com.tr\/index.php\/urun\/kolomb-macerasi\/"},"modified":"2026-04-16T02:13:04","modified_gmt":"2026-04-15T23:13:04","slug":"kolomb-macerasi","status":"publish","type":"product","link":"https:\/\/roveyayinevi.com.tr\/index.php\/urun\/kolomb-macerasi\/","title":{"rendered":"Kolomb Maceras\u0131"},"content":{"rendered":"<p>Bir ailenin s\u0131rr\u0131, ac\u0131mas\u0131z bir fanatik ve Amerikan h\u00fck\u00fcmetinin gizli bir kolu -hepsi tek bir kafa kar\u0131\u015ft\u0131r\u0131c\u0131 ihtimalle ba\u011flant\u0131l\u0131: Ya Amerika\u2019n\u0131n ke\u015ffi hakk\u0131nda bildi\u011fimiz her \u015fey bir yalansa? Ya bu yalan, Kolomb\u2019un 1492 y\u0131l\u0131nda \u00e7\u0131kt\u0131\u011f\u0131 yolculukla ilgili s\u0131rr\u0131 gizlemek amac\u0131yla planland\u0131ysa? Ve ya bu 500 y\u0131ll\u0131k s\u0131r, \u00e7a\u011fda\u015f politik d\u00fcnyay\u0131 yeniden \u015fiddetle de\u011fi\u015ftirebilecekse? <\/p>\n","protected":false},"excerpt":{"rendered":"<p>Bir ailenin s\u0131rr\u0131, ac\u0131mas\u0131z bir fanatik ve Amerikan h\u00fck\u00fcmetinin gizli bir kolu -hepsi tek bir kafa kar\u0131\u015ft\u0131r\u0131c\u0131 ihtimalle ba\u011flant\u0131l\u0131: Ya Amerika\u2019n\u0131n ke\u015ffi hakk\u0131nda bildi\u011fimiz her \u015fey<span class=\"excerpt-hellip\"> [\u2026]<\/span><\/p>\n","protected":false},"featured_media":0,"template":"","meta":{"_monsterinsights_skip_tracking":false,"_monsterinsights_sitenote_active":false,"_monsterinsights_sitenote_note":"","_monsterinsights_sitenote_category":0},"product_brand":[],"product_cat":[12291,12711],"product_tag":[],"class_list":{"0":"post-703973","1":"product","2":"type-product","3":"status-publish","5":"product_cat-edebiyat","6":"product_cat-roman-oyku","7":"pa_tur-kitap","8":"pa_yayinevi-bilge-kultur-sanat","9":"pa_yazar-steve-berry","11":"first","12":"instock","13":"sale","14":"shipping-taxable","15":"purchasable","16":"product-type-simple"},"_links":{"self":[{"href":"https:\/\/roveyayinevi.com.tr\/index.php\/wp-json\/wp\/v2\/product\/703973","targetHints":{"allow":["GET"]}}],"collection":[{"href":"https:\/\/roveyayinevi.com.tr\/index.php\/wp-json\/wp\/v2\/product"}],"about":[{"href":"https:\/\/roveyayinevi.com.tr\/index.php\/wp-json\/wp\/v2\/types\/product"}],"wp:attachment":[{"href":"https:\/\/roveyayinevi.com.tr\/index.php\/wp-json\/wp\/v2\/media?parent=703973"}],"wp:term":[{"taxonomy":"product_brand","embeddable":true,"href":"https:\/\/roveyayinevi.com.tr\/index.php\/wp-json\/wp\/v2\/product_brand?post=703973"},{"taxonomy":"product_cat","embeddable":true,"href":"https:\/\/roveyayinevi.com.tr\/index.php\/wp-json\/wp\/v2\/product_cat?post=703973"},{"taxonomy":"product_tag","embeddable":true,"href":"https:\/\/roveyayinevi.com.tr\/index.php\/wp-json\/wp\/v2\/product_tag?post=703973"}],"curies":[{"name":"wp","href":"https:\/\/api.w.org\/{rel}","templated":true}]}}