{"id":703967,"date":"2025-08-27T15:30:45","date_gmt":"2025-08-27T12:30:45","guid":{"rendered":"https:\/\/roveyayinevi.com.tr\/index.php\/urun\/aztek-kani-birinci-kitap\/"},"modified":"2026-04-16T02:13:04","modified_gmt":"2026-04-15T23:13:04","slug":"aztek-kani-birinci-kitap","status":"publish","type":"product","link":"https:\/\/roveyayinevi.com.tr\/index.php\/urun\/aztek-kani-birinci-kitap\/","title":{"rendered":"Aztek Kan\u0131 : Birinci Kitap"},"content":{"rendered":"<p>\u0130ki ciltlik dev eser. New York Times Bestseller kitab\u0131 Aztek\u2019in yazar\u0131 Garry Jennings\u2019in kaleminden efsane devam ediyor. K\u0131l\u0131\u00e7lar\u0131n ve pelerinlerin, ayaklanman\u0131n ve devrimin bu renkli ve heyecanl\u0131 \u00e7a\u011f\u0131nda, damarlar\u0131nda \u0130spanyol ve Aztek kraliyetlerinin kan\u0131n\u0131 ta\u015f\u0131yan gen\u00e7 bir dilenci \u00e7ocuk hakk\u0131n\u0131 aramak zorunda.  Onurlu bir yeni ulusun kurucusu olaca\u011f\u0131n\u0131 bilmeden ger\u00e7e\u011fi bulmaya \u00e7al\u0131\u015ft\u0131\u011f\u0131 esnada Cristo (Pi\u00e7), Veracruz K\u0131y\u0131s\u0131&#8217;ndaki \u00d6l\u00fcler \u015eehri&#8217;nin yak\u0131c\u0131 sokaklar\u0131ndan, Eski \u0130spanya&#8217;daki eskimeyen Seville zaferine kadar, sava\u015flar ve a\u015fklarla kar\u015f\u0131la\u015f\u0131r. <\/p>\n","protected":false},"excerpt":{"rendered":"<p>\u0130ki ciltlik dev eser. New York Times Bestseller kitab\u0131 Aztek\u2019in yazar\u0131 Garry Jennings\u2019in kaleminden efsane devam ediyor. K\u0131l\u0131\u00e7lar\u0131n ve pelerinlerin, ayaklanman\u0131n ve devrimin bu renkli ve<span class=\"excerpt-hellip\"> [\u2026]<\/span><\/p>\n","protected":false},"featured_media":0,"template":"","meta":{"_monsterinsights_skip_tracking":false,"_monsterinsights_sitenote_active":false,"_monsterinsights_sitenote_note":"","_monsterinsights_sitenote_category":0},"product_brand":[],"product_cat":[12291,12745],"product_tag":[],"class_list":{"0":"post-703967","1":"product","2":"type-product","3":"status-publish","5":"product_cat-edebiyat","6":"product_cat-tarihi-roman","7":"pa_tur-kitap","8":"pa_yayinevi-kassandra-yayinlari","9":"pa_yazar-gary-jennings","11":"first","12":"instock","13":"sale","14":"shipping-taxable","15":"purchasable","16":"product-type-simple"},"_links":{"self":[{"href":"https:\/\/roveyayinevi.com.tr\/index.php\/wp-json\/wp\/v2\/product\/703967","targetHints":{"allow":["GET"]}}],"collection":[{"href":"https:\/\/roveyayinevi.com.tr\/index.php\/wp-json\/wp\/v2\/product"}],"about":[{"href":"https:\/\/roveyayinevi.com.tr\/index.php\/wp-json\/wp\/v2\/types\/product"}],"wp:attachment":[{"href":"https:\/\/roveyayinevi.com.tr\/index.php\/wp-json\/wp\/v2\/media?parent=703967"}],"wp:term":[{"taxonomy":"product_brand","embeddable":true,"href":"https:\/\/roveyayinevi.com.tr\/index.php\/wp-json\/wp\/v2\/product_brand?post=703967"},{"taxonomy":"product_cat","embeddable":true,"href":"https:\/\/roveyayinevi.com.tr\/index.php\/wp-json\/wp\/v2\/product_cat?post=703967"},{"taxonomy":"product_tag","embeddable":true,"href":"https:\/\/roveyayinevi.com.tr\/index.php\/wp-json\/wp\/v2\/product_tag?post=703967"}],"curies":[{"name":"wp","href":"https:\/\/api.w.org\/{rel}","templated":true}]}}