{"id":703963,"date":"2025-08-27T15:30:42","date_gmt":"2025-08-27T12:30:42","guid":{"rendered":"https:\/\/roveyayinevi.com.tr\/index.php\/urun\/kuklaci-harut\/"},"modified":"2026-04-16T02:13:04","modified_gmt":"2026-04-15T23:13:04","slug":"kuklaci-harut","status":"publish","type":"product","link":"https:\/\/roveyayinevi.com.tr\/index.php\/urun\/kuklaci-harut\/","title":{"rendered":"Kuklac\u0131 Harut"},"content":{"rendered":"<p>Yeni co\u011frafyalar, bamba\u015fka insanlar tan\u0131mak i\u00e7in yapt\u0131\u011f\u0131m bir seyahatte, bindi\u011fim ara\u00e7 ar\u0131za yapm\u0131\u015f, zorunlu bir mola vermi\u015ftik. Bu s\u00fcreci kay\u0131p saatler olarak g\u00f6rmemek ad\u0131na y\u00f6reyi tan\u0131mak, an\u0131 heybeme ilgin\u00e7 \u015feyler katabilmek i\u00e7in k\u00fc\u00e7\u00fck bir y\u00fcr\u00fcy\u00fc\u015fe \u00e7\u0131kt\u0131m. Kendi halinde ya\u015fam s\u00fcren neredeyse \u0131ss\u0131z denebilecek kasabada dola\u015f\u0131rken kar\u015f\u0131la\u015ft\u0131\u011f\u0131m \u00e7ocuklardan birinin \u0131srar\u0131 sonucu evlerine gittim.  Yap\u0131lan en b\u00fcy\u00fck izzet-i ikram, doksan ya\u015flar\u0131ndaki ninenin anlatt\u0131\u011f\u0131 an\u0131lar\u0131yd\u0131. Kuklac\u0131 Harut, benimle payla\u015f\u0131lan an\u0131lar\u0131n, hayal g\u00fcc\u00fcmle harmanlanarak size sunumudur. Bu \u00e7al\u0131\u015fma sonras\u0131 inand\u0131\u011f\u0131m tek ger\u00e7ek; her nerede, hangi \u015fartlarla, kimlerle ya\u015farsak ya\u015fayal\u0131m, Ademo\u011flu ve Havva k\u0131zlar\u0131n\u0131n hepsinin \u00f6z\u00fcnde sevgi, iyilik ve ho\u015fg\u00f6r\u00fcn\u00fcn bulunmas\u0131&#8230; \u0130\u00e7inde fitne, fesat, hainlik ta\u015f\u0131yanlar, hangi \u0131rktan, dinden, cinsten, dilden olursa olsun karde\u015f, akraba, kom\u015fu, arkada\u015f, dost demeden insan\u0131 insana k\u0131rd\u0131ranlar, ortal\u0131\u011f\u0131 kan g\u00f6l\u00fcne \u00e7evirenler, inan\u0131yorum ki ba\u015fka bir d\u00fcnyan\u0131n hayat g\u00f6r\u00fc\u015f\u00fcne sahiptir&#8230; <\/p>\n","protected":false},"excerpt":{"rendered":"<p>Yeni co\u011frafyalar, bamba\u015fka insanlar tan\u0131mak i\u00e7in yapt\u0131\u011f\u0131m bir seyahatte, bindi\u011fim ara\u00e7 ar\u0131za yapm\u0131\u015f, zorunlu bir mola vermi\u015ftik. Bu s\u00fcreci kay\u0131p saatler olarak g\u00f6rmemek ad\u0131na y\u00f6reyi tan\u0131mak,<span class=\"excerpt-hellip\"> [\u2026]<\/span><\/p>\n","protected":false},"featured_media":0,"template":"","meta":{"_monsterinsights_skip_tracking":false,"_monsterinsights_sitenote_active":false,"_monsterinsights_sitenote_note":"","_monsterinsights_sitenote_category":0},"product_brand":[],"product_cat":[12291,12711],"product_tag":[],"class_list":{"0":"post-703963","1":"product","2":"type-product","3":"status-publish","5":"product_cat-edebiyat","6":"product_cat-roman-oyku","7":"pa_cilt-ciltsiz","8":"pa_tur-kitap","9":"pa_yayinevi-sinopsis-yayinlari","10":"pa_yazar-zehra-eyiz","12":"first","13":"instock","14":"sale","15":"shipping-taxable","16":"purchasable","17":"product-type-simple"},"_links":{"self":[{"href":"https:\/\/roveyayinevi.com.tr\/index.php\/wp-json\/wp\/v2\/product\/703963","targetHints":{"allow":["GET"]}}],"collection":[{"href":"https:\/\/roveyayinevi.com.tr\/index.php\/wp-json\/wp\/v2\/product"}],"about":[{"href":"https:\/\/roveyayinevi.com.tr\/index.php\/wp-json\/wp\/v2\/types\/product"}],"wp:attachment":[{"href":"https:\/\/roveyayinevi.com.tr\/index.php\/wp-json\/wp\/v2\/media?parent=703963"}],"wp:term":[{"taxonomy":"product_brand","embeddable":true,"href":"https:\/\/roveyayinevi.com.tr\/index.php\/wp-json\/wp\/v2\/product_brand?post=703963"},{"taxonomy":"product_cat","embeddable":true,"href":"https:\/\/roveyayinevi.com.tr\/index.php\/wp-json\/wp\/v2\/product_cat?post=703963"},{"taxonomy":"product_tag","embeddable":true,"href":"https:\/\/roveyayinevi.com.tr\/index.php\/wp-json\/wp\/v2\/product_tag?post=703963"}],"curies":[{"name":"wp","href":"https:\/\/api.w.org\/{rel}","templated":true}]}}